{"id":1245,"date":"2022-04-26T12:18:57","date_gmt":"2022-04-26T12:18:57","guid":{"rendered":"https:\/\/fiber.pl\/olkusz\/?page_id=1245"},"modified":"2026-02-12T08:29:32","modified_gmt":"2026-02-12T08:29:32","slug":"pakiety-dla-twojego-domu","status":"publish","type":"page","link":"https:\/\/fiber.pl\/olkusz\/pakiety\/pakiety-dla-twojego-domu\/","title":{"rendered":"Pakiety dla Twojego domu"},"content":{"rendered":"<p><section id=\"\" class=\"fw-main-row   \"   >\n<div class=\"chose-overlay\"><\/div>\n\t<div class=\"fw-container\">\n\t\t\n<div class=\"row\">\n\t<div class=\"col-xs-12 col-sm-12\">\n\t<a href=\"https:\/\/fiber.pl\/olkusz\/pokochasz-swiatlowod\/\" target=\"_self\" >\n<div class=\"jumbotron text-center\" style=\"background-image: url(\/\/fiber.pl\/olkusz\/wp-content\/uploads\/2026\/01\/FIBER-banery-na-strone-glowna-pokochasz-nasza-telewizje-scaled.jpg)\">     \n<\/div>\n<\/a>\n<\/div>\n<\/div>\n\n\t<\/div>\n<\/section>\n<section id=\"\" class=\"fw-main-row   normal-bg\"   >\n<div class=\"chose-overlay\"><\/div>\n\t<div class=\"fw-container\">\n\t\t\n<div class=\"row\">\n\t<div class=\"col-xs-12 col-sm-12\">\n\t<div class=\"fw-heading fw-heading-h2 fw-heading-center\">\n\t\t<h2 class='fw-special-title'>Telewizja Ekonomiczna<\/h2>\t\t\t<div class=\"fw-special-subtitle\">78 kana\u0142\u00f3w<\/div>\n\t<\/div><\/div>\n<\/div>\n\n\n<div class=\"row\">\n\t<div class=\"col-xs-12 col-sm-4\">\n\t\n<div class=\"offer offer-new hvr-float\">\n     <div class=\"offert-new-content \" style=\"border-color:#e9e9e9 !important;\">\n      <div class=\"offer-header\">\n                  <h4>PAKIET<\/h4>\n          <h2>200<\/h2>\n      <div class=\"offer-caption\"><h2>+<\/h2><h4><i class=\"fa-solid fa-tv fa-shake\"><\/i><\/h4><h5>TELEWIZJA EKONOMICZNA<\/h5><h6>78 kana\u0142\u00f3w<\/h6><\/div>\n      <\/div>\n      <\/div>\n      <div class=\"offer-caption-white\"><\/div>\n      <div class=\"offer-price\">\n      <h4>Abonament 1 mies.:<\/h4>\n       <h2>115 z\u0142<\/h2>                  <\/div>\n      \n      <div class=\"offer-more\">\n                  <a data-toggle=\"modal\" data-target=\".bs-example-modal-sm\" class=\"btn btn-primary\">Wybieram!<\/a>\n              <\/div>\n      \n<\/div><\/div>\n<div class=\"col-xs-12 col-sm-4\">\n\t\n<div class=\"offer offer-new hvr-float\">\n     <div class=\"offert-new-content tak\" style=\"border-color:#884492 !important;\">\n      <div class=\"offer-header\">\n         <h3>TYLKO TERAZ!<\/h3>          <h4>PAKIET<\/h4>\n          <h2>350<\/h2>\n      <div class=\"offer-caption\"><h2>+<\/h2><h4><i class=\"fa-solid fa-tv fa-shake\"><\/i><\/h4><h5>TELEWIZJA EKONOMICZNA<\/h5><h6>78 kana\u0142\u00f3w<\/h6><\/div>\n      <\/div>\n      <\/div>\n      <div class=\"offer-caption-white\"><\/div>\n      <div class=\"offer-price\">\n      <h4>Abonament 1 mies.:<\/h4>\n       <h2>120 z\u0142<\/h2>                  <\/div>\n      \n      <div class=\"offer-more\">\n                  <a data-toggle=\"modal\" data-target=\".bs-example-modal-sm\" class=\"btn btn-primary\">Wybieram!<\/a>\n              <\/div>\n      \n<\/div><\/div>\n<div class=\"col-xs-12 col-sm-4\">\n\t\n<div class=\"offer offer-new hvr-float\">\n     <div class=\"offert-new-content \" style=\"border-color:#e9e9e9 !important;\">\n      <div class=\"offer-header\">\n                  <h4>PAKIET<\/h4>\n          <h2>700<\/h2>\n      <div class=\"offer-caption\"><h2>+<\/h2><h4><i class=\"fa-solid fa-tv fa-shake\"><\/i><\/h4><h5>TELEWIZJA EKONOMICZNA<\/h5><h6>78 kana\u0142\u00f3w<\/h6><\/div>\n      <\/div>\n      <\/div>\n      <div class=\"offer-caption-white\"><\/div>\n      <div class=\"offer-price\">\n      <h4>Abonament 1 mies.:<\/h4>\n       <h2>135 z\u0142<\/h2>                  <\/div>\n      \n      <div class=\"offer-more\">\n                  <a data-toggle=\"modal\" data-target=\".bs-example-modal-sm\" class=\"btn btn-primary\">Wybieram!<\/a>\n              <\/div>\n      \n<\/div><\/div>\n<\/div>\n\n\t<\/div>\n<\/section>\n<section id=\"section-info-fiber\" class=\"fw-main-row   normal-bg\" style=\"background-color:#4e2674;\"  >\n<div class=\"chose-overlay\"><\/div>\n\t<div class=\"fw-container\">\n\t\t\n<div class=\"row\">\n\t<div class=\"col-xs-12 col-sm-12\">\n\t\n\n\n<div class=\" \"><h1>Ju\u017c teraz w ofercie FIBER<\/h1><h1><strong>PAKIET CANAL+<\/strong><\/h1><h4>przy dowolnym pakiecie telewizyjnym<\/h4><\/div>\n<\/div>\n<\/div>\n\n\t<\/div>\n<\/section>\n<section id=\"offer-section-border\" class=\"fw-main-row   left-bg\"   >\n<div class=\"chose-overlay\"><\/div>\n\t<div class=\"fw-container\">\n\t\t\n<div class=\"row\">\n\t<div class=\"col-xs-12 col-sm-12\">\n\t<div class=\"fw-heading fw-heading-h2 fw-heading-center\">\n\t\t<h2 class='fw-special-title'>Telewizja Optimum<\/h2>\t\t\t<div class=\"fw-special-subtitle\">124 kana\u0142y<\/div>\n\t<\/div><\/div>\n<\/div>\n\n\n<div class=\"row\">\n\t<div class=\"col-xs-12 col-sm-4\">\n\t\n<div class=\"offer offer-new hvr-float\">\n     <div class=\"offert-new-content \" style=\"border-color:#e9e9e9 !important;\">\n      <div class=\"offer-header\">\n                  <h4>PAKIET<\/h4>\n          <h2>200<\/h2>\n      <div class=\"offer-caption\"><h2>+<\/h2><h4><i class=\"fa-solid fa-tv fa-shake\"><\/i><\/h4><h5>TELEWIZJA OPTIMUM<\/h5><h6>124 kana\u0142y<\/h6><\/div>\n      <\/div>\n      <\/div>\n      <div class=\"offer-caption-white\"><\/div>\n      <div class=\"offer-price\">\n      <h4>Abonament 1 mies.:<\/h4>\n       <h2>135 z\u0142<\/h2>                  <\/div>\n      \n      <div class=\"offer-more\">\n                  <a data-toggle=\"modal\" data-target=\".bs-example-modal-sm\" class=\"btn btn-primary\">Wybieram!<\/a>\n              <\/div>\n      \n<\/div><\/div>\n<div class=\"col-xs-12 col-sm-4\">\n\t\n<div class=\"offer offer-new hvr-float\">\n     <div class=\"offert-new-content tak\" style=\"border-color:#884492 !important;\">\n      <div class=\"offer-header\">\n         <h3>TYLKO TERAZ!<\/h3>          <h4>PAKIET<\/h4>\n          <h2>350<\/h2>\n      <div class=\"offer-caption\"><h2>+<\/h2><h4><i class=\"fa-solid fa-tv fa-shake\"><\/i><\/h4><h5>TELEWIZJA OPTIMUM<\/h5><h6>124 kana\u0142y<\/h6><\/div>\n      <\/div>\n      <\/div>\n      <div class=\"offer-caption-white\"><\/div>\n      <div class=\"offer-price\">\n      <h4>Abonament 1 mies.:<\/h4>\n       <h2>140 z\u0142<\/h2>                  <\/div>\n      \n      <div class=\"offer-more\">\n                  <a data-toggle=\"modal\" data-target=\".bs-example-modal-sm\" class=\"btn btn-primary\">Wybieram!<\/a>\n              <\/div>\n      \n<\/div><\/div>\n<div class=\"col-xs-12 col-sm-4\">\n\t\n<div class=\"offer offer-new hvr-float\">\n     <div class=\"offert-new-content \" style=\"border-color:#e9e9e9 !important;\">\n      <div class=\"offer-header\">\n                  <h4>PAKIET<\/h4>\n          <h2>700<\/h2>\n      <div class=\"offer-caption\"><h2>+<\/h2><h4><i class=\"fa-solid fa-tv fa-shake\"><\/i><\/h4><h5>TELEWIZJA OPTIMUM<\/h5><h6>124 kana\u0142y<\/h6><\/div>\n      <\/div>\n      <\/div>\n      <div class=\"offer-caption-white\"><\/div>\n      <div class=\"offer-price\">\n      <h4>Abonament 1 mies.:<\/h4>\n       <h2>155 z\u0142<\/h2>                  <\/div>\n      \n      <div class=\"offer-more\">\n                  <a data-toggle=\"modal\" data-target=\".bs-example-modal-sm\" class=\"btn btn-primary\">Wybieram!<\/a>\n              <\/div>\n      \n<\/div><\/div>\n<\/div>\n\n\t<\/div>\n<\/section>\n<section id=\"\" class=\"fw-main-row   left-bg\"   >\n<div class=\"chose-overlay\"><\/div>\n\t<div class=\"fw-container\">\n\t\t\n<div class=\"row\">\n\t<div class=\"col-xs-12 col-sm-12\">\n\t<div class=\"fw-heading fw-heading-h2 fw-heading-center\">\n\t\t<h2 class='fw-special-title'>Telewizja Rodzinna<\/h2>\t\t\t<div class=\"fw-special-subtitle\">144 kana\u0142y<\/div>\n\t<\/div><\/div>\n<\/div>\n\n\n<div class=\"row\">\n\t<div class=\"col-xs-12 col-sm-4\">\n\t\n<div class=\"offer offer-new hvr-float\">\n     <div class=\"offert-new-content \" style=\"border-color:#e9e9e9 !important;\">\n      <div class=\"offer-header\">\n                  <h4>PAKIET<\/h4>\n          <h2>200<\/h2>\n      <div class=\"offer-caption\"><h2>+<\/h2><h4><i class=\"fa-solid fa-tv fa-shake\"><\/i><\/h4><h5>TELEWIZJA RODZINNA<\/h5><h6>144 kana\u0142y<\/h6><\/div>\n      <\/div>\n      <\/div>\n      <div class=\"offer-caption-white\"><\/div>\n      <div class=\"offer-price\">\n      <h4>Abonament 1 mies.:<\/h4>\n       <h2>145 z\u0142<\/h2>                  <\/div>\n      \n      <div class=\"offer-more\">\n                  <a data-toggle=\"modal\" data-target=\".bs-example-modal-sm\" class=\"btn btn-primary\">Wybieram!<\/a>\n              <\/div>\n      \n<\/div><\/div>\n<div class=\"col-xs-12 col-sm-4\">\n\t\n<div class=\"offer offer-new hvr-float\">\n     <div class=\"offert-new-content tak\" style=\"border-color:#884492 !important;\">\n      <div class=\"offer-header\">\n         <h3>TYLKO TERAZ!<\/h3>          <h4>PAKIET<\/h4>\n          <h2>350<\/h2>\n      <div class=\"offer-caption\"><h2>+<\/h2><h4><i class=\"fa-solid fa-tv fa-shake\"><\/i><\/h4><h5>TELEWIZJA RODZINNA<\/h5><h6>144 kana\u0142y<\/h6><\/div>\n      <\/div>\n      <\/div>\n      <div class=\"offer-caption-white\"><\/div>\n      <div class=\"offer-price\">\n      <h4>Abonament 1 mies.:<\/h4>\n       <h2>150 z\u0142<\/h2>                  <\/div>\n      \n      <div class=\"offer-more\">\n                  <a data-toggle=\"modal\" data-target=\".bs-example-modal-sm\" class=\"btn btn-primary\">Wybieram!<\/a>\n              <\/div>\n      \n<\/div><\/div>\n<div class=\"col-xs-12 col-sm-4\">\n\t\n<div class=\"offer offer-new hvr-float\">\n     <div class=\"offert-new-content \" style=\"border-color:#e9e9e9 !important;\">\n      <div class=\"offer-header\">\n                  <h4>PAKIET<\/h4>\n          <h2>700<\/h2>\n      <div class=\"offer-caption\"><h2>+<\/h2><h4><i class=\"fa-solid fa-tv fa-shake\"><\/i><\/h4><h5>TELEWIZJA RODZINNA<\/h5><h6>144 kana\u0142y<\/h6><\/div>\n      <\/div>\n      <\/div>\n      <div class=\"offer-caption-white\"><\/div>\n      <div class=\"offer-price\">\n      <h4>Abonament 1 mies.:<\/h4>\n       <h2>165 z\u0142<\/h2>                  <\/div>\n      \n      <div class=\"offer-more\">\n                  <a data-toggle=\"modal\" data-target=\".bs-example-modal-sm\" class=\"btn btn-primary\">Wybieram!<\/a>\n              <\/div>\n      \n<\/div><\/div>\n<\/div>\n\n\n<div class=\"row\">\n\t<div class=\"col-xs-12 col-sm-12\">\n\t<p style=\"text-align: center;\"><em>*Niestandardowe koszty przy\u0142\u0105cza do budynk\u00f3w jednorodzinnym na podstawie indywidualnej wyceny. <a href=\"https:\/\/fiber.pl\/olkusz\/zglos-przylacze\/\"><strong>Zapytaj naszego konsultanta o szczeg\u00f3\u0142y.<\/strong><\/a><\/em><\/p><\/div>\n<\/div>\n\n\t<\/div>\n<\/section>\n<section id=\"section-info-fiber\" class=\"fw-main-row   normal-bg\" style=\"background-color:#4e2674;\"  >\n<div class=\"chose-overlay\"><\/div>\n\t<div class=\"fw-container\">\n\t\t\n<div class=\"row\">\n\t<div class=\"col-xs-12 col-sm-12\">\n\t\n\n\n<div class=\" \"><h1>Do Internetu dobierz<\/h1><h1><strong>TELEWIZJ\u0118 \u015aWIAT\u0141OWODOW\u0104<\/strong><\/h1><h4>W PAKIECIE ZAWSZE TANIEJ!<\/h4><p><a href=\"https:\/\/fiber.pl\/olkusz\/wp-content\/uploads\/2026\/02\/FIBER-lista-kanalowa-PDF-12022026.pdf\" class=\"btn btn-primary\">Zobacz List\u0119 Kana\u0142\u00f3w<\/a><\/p><\/div>\n<\/div>\n<\/div>\n\n\t<\/div>\n<\/section>\n<section id=\"\" class=\"fw-main-row   \"   >\n<div class=\"chose-overlay\"><\/div>\n\t<div class=\"fw-container\">\n\t\t\n<div class=\"row\">\n\t<div class=\"col-xs-12 col-sm-12\">\n\t<a href=\"https:\/\/fiber.pl\/olkusz\/oszczedzanie-za-polecanie\/\" target=\"_self\" >\n<div class=\"jumbotron text-center\" style=\"background-image: url(\/\/fiber.pl\/olkusz\/wp-content\/uploads\/2024\/10\/FIBER-baner-promocja-sasiedzka-mini-1.png)\">     \n<\/div>\n<\/a>\n<\/div>\n<\/div>\n\n\t<\/div>\n<\/section>\n<section id=\"offer-section\" class=\"fw-main-row   left-bg\"   >\n<div class=\"chose-overlay\"><\/div>\n\t<div class=\"fw-container\">\n\t\t\n<div class=\"row\">\n\t<div class=\"col-xs-12 col-sm-12\">\n\t<div class=\"fw-heading fw-heading-h1 fw-heading-center\">\n\t\t<h1 class='fw-special-title'>Wybierz <span>super szybki<\/span> Internet \u015bwiat\u0142owodowy<\/h1>\t\t\t<div class=\"fw-special-subtitle\">W SUPER CENIE!<\/div>\n\t<\/div><\/div>\n<\/div>\n\n\n<div class=\"row\">\n\t<div class=\"col-xs-12 col-sm-6 col-md-3\">\n\t\n<div class=\"offer offer-new hvr-float\">\n     <div class=\"offert-new-content \" style=\"border-color:#e9e9e9 !important;\">\n      <div class=\"offer-header\">\n                  <h4>PAKIET<\/h4>\n          <h2>200<\/h2>\n      <div class=\"offer-caption\"><ul><li>Max. pr\u0119dko\u015b\u0107 pobierania: <strong>200 Mb\/s<\/strong><\/li><li>Max. pr\u0119dko\u015b\u0107 wysy\u0142ania: 20 Mb\/s<\/li><li>Brak limitu danych<\/li><li>Abonament <strong>24 m-ce<\/strong><\/li><\/ul><\/div>\n      <\/div>\n      <\/div>\n      <div class=\"offer-caption-white\"><\/div>\n      <div class=\"offer-price\">\n      <h4>Abonament 1 mies.:<\/h4>\n       <h2>90 z\u0142<\/h2>                  <\/div>\n      \n      <div class=\"offer-more\">\n                  <a data-toggle=\"modal\" data-target=\".bs-example-modal-sm\" class=\"btn btn-primary\">Wybieram!<\/a>\n              <\/div>\n      \n<\/div><\/div>\n<div class=\"col-xs-12 col-sm-6 col-md-3\">\n\t\n<div class=\"offer offer-new hvr-float\">\n     <div class=\"offert-new-content tak\" style=\"border-color:#884492 !important;\">\n      <div class=\"offer-header\">\n         <h3>TYLKO TERAZ!<\/h3>          <h4>PAKIET<\/h4>\n          <h2>350<\/h2>\n      <div class=\"offer-caption\"><ul><li>Max. pr\u0119dko\u015b\u0107 pobierania: <strong>350 Mb\/s<\/strong><\/li><li>Max. pr\u0119dko\u015b\u0107 wysy\u0142ania: 35 Mb\/s<\/li><li>Brak limitu danych<\/li><li>Abonament <strong>24 m-ce<\/strong><\/li><\/ul><\/div>\n      <\/div>\n      <\/div>\n      <div class=\"offer-caption-white\"><\/div>\n      <div class=\"offer-price\">\n      <h4>Abonament 1 mies.:<\/h4>\n       <h2>100 z\u0142<\/h2>                  <\/div>\n      \n      <div class=\"offer-more\">\n                  <a data-toggle=\"modal\" data-target=\".bs-example-modal-sm\" class=\"btn btn-primary\">Wybieram!<\/a>\n              <\/div>\n      \n<\/div><\/div>\n<div class=\"col-xs-12 col-sm-6 col-md-3\">\n\t\n<div class=\"offer offer-new hvr-float\">\n     <div class=\"offert-new-content \" style=\"border-color:#e9e9e9 !important;\">\n      <div class=\"offer-header\">\n                  <h4>PAKIET<\/h4>\n          <h2>700<\/h2>\n      <div class=\"offer-caption\"><ul><li>Max. pr\u0119dko\u015b\u0107 pobierania: <strong>700 Mb\/s<\/strong><\/li><li>Max. pr\u0119dko\u015b\u0107 wysy\u0142ania: 35 Mb\/s<\/li><li>Brak limitu danych<\/li><li>Abonament <strong>24 m-ce<\/strong><\/li><\/ul><\/div>\n      <\/div>\n      <\/div>\n      <div class=\"offer-caption-white\"><\/div>\n      <div class=\"offer-price\">\n      <h4>Abonament 1 mies.:<\/h4>\n       <h2>120 z\u0142<\/h2>                  <\/div>\n      \n      <div class=\"offer-more\">\n                  <a data-toggle=\"modal\" data-target=\".bs-example-modal-sm\" class=\"btn btn-primary\">Wybieram!<\/a>\n              <\/div>\n      \n<\/div><\/div>\n<div class=\"col-xs-12 col-sm-6 col-md-3\">\n\t\n<div class=\"offer offer-new hvr-float\">\n     <div class=\"offert-new-content \" style=\"border-color:#e9e9e9 !important;\">\n      <div class=\"offer-header\">\n                  <h4>PAKIET<\/h4>\n          <h2>1GB<\/h2>\n      <div class=\"offer-caption\"><ul><li>Max. pr\u0119dko\u015b\u0107 pobierania: <strong>940 Mb\/s<\/strong><\/li><li>Max. pr\u0119dko\u015b\u0107 wysy\u0142ania: 70 Mb\/s<\/li><li>Brak limitu danych<\/li><li>Abonament <strong>24 m-ce<\/strong><\/li><\/ul><\/div>\n      <\/div>\n      <\/div>\n      <div class=\"offer-caption-white\"><\/div>\n      <div class=\"offer-price\">\n      <h4>Abonament 1 mies.:<\/h4>\n       <h2>130 z\u0142<\/h2>                  <\/div>\n      \n      <div class=\"offer-more\">\n                  <a data-toggle=\"modal\" data-target=\".bs-example-modal-sm\" class=\"btn btn-primary\">Wybieram!<\/a>\n              <\/div>\n      \n<\/div><\/div>\n<\/div>\n\n\n<div class=\"row\">\n\t<div class=\"col-xs-12 col-sm-12\">\n\t<p style=\"text-align: center;\"><span style=\"font-size: 14pt;\"><strong>Dodatkowy dwuzakresowy router Wi-Fi 6<\/strong> 250 z\u0142<\/span><\/p><\/div>\n<\/div>\n\n\t<\/div>\n<\/section>\n<section id=\"section-info-fiber\" class=\"fw-main-row   normal-bg\" style=\"background-color:#4e2674;\"  >\n<div class=\"chose-overlay\"><\/div>\n\t<div class=\"fw-container\">\n\t\t\n<div class=\"row\">\n\t<div class=\"col-xs-12 col-sm-12\">\n\t\n\n\n<div class=\" \"><h1>Zadzwo\u0144 do nas ju\u017c teraz<\/h1><h1><strong>I SPYTAJ O SPECJALNE PROMOCJE<\/strong><\/h1><h4>przygotowane zgodnie z Twoimi potrzebami<\/h4><\/div>\n<\/div>\n<\/div>\n\n\t<\/div>\n<\/section>\n<\/p>\n","protected":false},"excerpt":{"rendered":"<p>Telewizja Ekonomiczna 78 kana\u0142\u00f3w PAKIET 200 +TELEWIZJA EKONOMICZNA78 kana\u0142\u00f3w Abonament 1 mies.: 115 z\u0142 Wybieram! TYLKO [&#8230;] <\/p>\n<div class=\"read-mode-box\"><a class=\"btn btn-default read-more\" href=\"https:\/\/fiber.pl\/olkusz\/pakiety\/pakiety-dla-twojego-domu\/\">Czytaj wi\u0119cej<\/a><\/div>\n","protected":false},"author":4,"featured_media":0,"parent":1316,"menu_order":0,"comment_status":"closed","ping_status":"closed","template":"","meta":{"om_disable_all_campaigns":false,"_monsterinsights_skip_tracking":false,"_monsterinsights_sitenote_active":false,"_monsterinsights_sitenote_note":"","_monsterinsights_sitenote_category":0,"footnotes":""},"class_list":["post-1245","page","type-page","status-publish","hentry"],"_links":{"self":[{"href":"https:\/\/fiber.pl\/olkusz\/wp-json\/wp\/v2\/pages\/1245","targetHints":{"allow":["GET"]}}],"collection":[{"href":"https:\/\/fiber.pl\/olkusz\/wp-json\/wp\/v2\/pages"}],"about":[{"href":"https:\/\/fiber.pl\/olkusz\/wp-json\/wp\/v2\/types\/page"}],"author":[{"embeddable":true,"href":"https:\/\/fiber.pl\/olkusz\/wp-json\/wp\/v2\/users\/4"}],"replies":[{"embeddable":true,"href":"https:\/\/fiber.pl\/olkusz\/wp-json\/wp\/v2\/comments?post=1245"}],"version-history":[{"count":87,"href":"https:\/\/fiber.pl\/olkusz\/wp-json\/wp\/v2\/pages\/1245\/revisions"}],"predecessor-version":[{"id":3694,"href":"https:\/\/fiber.pl\/olkusz\/wp-json\/wp\/v2\/pages\/1245\/revisions\/3694"}],"up":[{"embeddable":true,"href":"https:\/\/fiber.pl\/olkusz\/wp-json\/wp\/v2\/pages\/1316"}],"wp:attachment":[{"href":"https:\/\/fiber.pl\/olkusz\/wp-json\/wp\/v2\/media?parent=1245"}],"curies":[{"name":"wp","href":"https:\/\/api.w.org\/{rel}","templated":true}]}}