{"id":133,"date":"2019-06-12T08:21:18","date_gmt":"2019-06-12T08:21:18","guid":{"rendered":"https:\/\/fiber.pl\/olkusz\/?page_id=133"},"modified":"2023-01-31T13:10:37","modified_gmt":"2023-01-31T13:10:37","slug":"dlaczego-swiatlowod","status":"publish","type":"page","link":"https:\/\/fiber.pl\/olkusz\/dlaczego-swiatlowod\/","title":{"rendered":"Zalety \u015bwiat\u0142owodu"},"content":{"rendered":"<p><section id=\"\" class=\"fw-main-row   normal-bg\"   >\n<div class=\"chose-overlay\"><\/div>\n\t<div class=\"fw-container\">\n\t\t\n<div class=\"row\">\n\t<div class=\"col-xs-12 col-sm-12\">\n\t<div class=\"fw-heading fw-heading-h2 fw-heading-center\">\n\t\t<h2 class='fw-special-title'>Marka FIBER to INTERNET, TELEWIZJA CYFROWA oraz TELEFONIA<\/h2>\t<\/div><p><img loading=\"lazy\" decoding=\"async\" class=\"aligncenter wp-image-144 size-full\" src=\"https:\/\/fiber.pl\/olkusz\/wp-content\/uploads\/2019\/06\/oferta.png\" alt=\"\" width=\"600\" height=\"200\" srcset=\"https:\/\/fiber.pl\/olkusz\/wp-content\/uploads\/2019\/06\/oferta.png 600w, https:\/\/fiber.pl\/olkusz\/wp-content\/uploads\/2019\/06\/oferta-300x100.png 300w\" sizes=\"auto, (max-width: 600px) 100vw, 600px\" \/><\/p><ul class=\"two-columns\" style=\"font-size: 1.35em; font-weight: 500;\"><li>Potrzebujesz internetu, kt\u00f3ry jest niezawodny?<\/li><li>Wysy\u0142asz du\u017ce dane przez internet?<\/li><li>W twoim domu lub mieszkaniu kilka os\u00f3b jednocze\u015bnie korzysta z dost\u0119pu do sieci?<\/li><li>Lubisz ogl\u0105da\u0107 filmy przez internet?<\/li><li>Nie chcesz, aby niedostateczna infrastruktura czy te\u017c&nbsp; wy\u0142adowania atmosferyczne wp\u0142ywa\u0142y na odbi\u00f3r internetu?<\/li><li>Nie lubisz p\u0142aci\u0107 wysokich rachunk\u00f3w?<\/li><li>Grasz w gry online i zale\u017cy Ci na jak jak najlepszych wynikach?<\/li><li>Robisz zakupy w sieci?<\/li><li>Chcesz mie\u0107 w swoim domu telewizj\u0119 najlepszej jako\u015bci?<\/li><li>Chcesz, aby Biuro Obs\u0142ugi Klienta by\u0142o na miejscu, bo nie lubisz by\u0107 zmuszany korzystania wy\u0142\u0105cznie z infolinii?<\/li><li>Zale\u017cy Ci na serwisie technicznym dost\u0119pnym w Twojej miejscowo\u015bci?<\/li><\/ul><h4>Je\u015bli chocia\u017c na cz\u0119\u015b\u0107 z tych pyta\u0144 odpowied\u017a brzmi TAK, internet \u015bwiat\u0142owodowy FIBER jest w\u0142a\u015bnie dla Ciebie. Szybki, niezawodny, w dobrej cenie i serwisem na miejscu.<\/h4><h4>Budujemy sieci \u015bwiat\u0142owodowe tam, gdzie duzi operatorzy dalej \u015bwiadcz\u0105 us\u0142ugi telekomunikacyjne przy u\u017cyciu kabli miedzianych z wszystkimi ich ograniczeniami, jak: niedostateczna przepustowo\u015b\u0107, zak\u0142\u00f3cenia, op\u00f3\u017anienia, wy\u0142adowania atmosferyczne.<\/h4><h4>Od wielu lat wdra\u017camy najnowocze\u015bniejsze rozwi\u0105zania z rynku telekomunikacyjnego. Tysi\u0105ce naszych Klient\u00f3w ju\u017c je sprawdzi\u0142o.<\/h4><h4>Do\u0142\u0105cz do nich jeszcze dzisiaj!<\/h4><\/div>\n<\/div>\n\n\t<\/div>\n<\/section>\n<section id=\"dlaczego-fiber\" class=\"fw-main-row   normal-bg\"   >\n<div class=\"chose-overlay\"><\/div>\n\t<div class=\"fw-container\">\n\t\t\n<div class=\"row\">\n\t<div class=\"col-xs-12 col-sm-12\">\n\t<div class=\"fw-heading fw-heading-h2 \">\n\t\t<h2 class='fw-special-title'>Dlaczego to FIBER powinien by\u0107 w Twoim Domu?<\/h2>\t<\/div><\/div>\n<\/div>\n\n\n<div class=\"row\">\n\t<div class=\"col-xs-12 col-sm-4\">\n\t<div class=\"thumbnail\">\n      <div class=\"img-box\">\n          <img decoding=\"async\" src=\"\/\/fiber.pl\/olkusz\/wp-content\/uploads\/2019\/06\/3-1.jpg\" alt=\"\"\/>\n      <\/div>\n      <div class=\"caption\">\n        <h3><\/h3>\n        <p>Internet, Telewizja Cyfrowa i Telefon to us\u0142ugi dostarczane wy\u0142\u0105cznie drog\u0105 \u015bwiat\u0142owodow\u0105- \u0142\u0105czem najnowszej generacji, nazywanym technologi\u0105 przysz\u0142o\u015bci.<\/p>\n      <\/div>\n<\/div><\/div>\n<div class=\"col-xs-12 col-sm-4\">\n\t<div class=\"thumbnail\">\n      <div class=\"img-box\">\n          <img decoding=\"async\" src=\"\/\/fiber.pl\/olkusz\/wp-content\/uploads\/2019\/06\/1.jpg\" alt=\"\"\/>\n      <\/div>\n      <div class=\"caption\">\n        <h3><\/h3>\n        <p>Z superszybkiego Internetu Fiber  mo\u017ce korzysta\u0107 jednocze\u015bnie ca\u0142a rodzina na wielu urz\u0105dzeniach, bez utraty pr\u0119dko\u015bci, z najmniejszymi op\u00f3\u017anieniami ze wszystkich technologii.  <\/p>\n      <\/div>\n<\/div><\/div>\n<div class=\"col-xs-12 col-sm-4\">\n\t<div class=\"thumbnail\">\n      <div class=\"img-box\">\n          <img decoding=\"async\" src=\"\/\/fiber.pl\/olkusz\/wp-content\/uploads\/2019\/06\/2.jpg\" alt=\"\"\/>\n      <\/div>\n      <div class=\"caption\">\n        <h3><\/h3>\n        <p>Jeste\u015bmy tam, gdzie wi\u0119kszo\u015b\u0107 du\u017cych og\u00f3lnopolskich operator\u00f3w nie dociera ze swoimi us\u0142ugami ze wzgl\u0119du na brak infrastruktury. <\/p>\n      <\/div>\n<\/div><\/div>\n<\/div>\n\n\t<\/div>\n<\/section>\n<\/p>\n","protected":false},"excerpt":{"rendered":"<p>Marka FIBER to INTERNET, TELEWIZJA CYFROWA oraz TELEFONIA Potrzebujesz internetu, kt\u00f3ry jest niezawodny?Wysy\u0142asz du\u017ce dane przez [&#8230;] <\/p>\n<div class=\"read-mode-box\"><a class=\"btn btn-default read-more\" href=\"https:\/\/fiber.pl\/olkusz\/dlaczego-swiatlowod\/\">Czytaj wi\u0119cej<\/a><\/div>\n","protected":false},"author":1,"featured_media":0,"parent":0,"menu_order":0,"comment_status":"closed","ping_status":"closed","template":"","meta":{"om_disable_all_campaigns":false,"_monsterinsights_skip_tracking":false,"_monsterinsights_sitenote_active":false,"_monsterinsights_sitenote_note":"","_monsterinsights_sitenote_category":0,"footnotes":""},"class_list":["post-133","page","type-page","status-publish","hentry"],"_links":{"self":[{"href":"https:\/\/fiber.pl\/olkusz\/wp-json\/wp\/v2\/pages\/133","targetHints":{"allow":["GET"]}}],"collection":[{"href":"https:\/\/fiber.pl\/olkusz\/wp-json\/wp\/v2\/pages"}],"about":[{"href":"https:\/\/fiber.pl\/olkusz\/wp-json\/wp\/v2\/types\/page"}],"author":[{"embeddable":true,"href":"https:\/\/fiber.pl\/olkusz\/wp-json\/wp\/v2\/users\/1"}],"replies":[{"embeddable":true,"href":"https:\/\/fiber.pl\/olkusz\/wp-json\/wp\/v2\/comments?post=133"}],"version-history":[{"count":40,"href":"https:\/\/fiber.pl\/olkusz\/wp-json\/wp\/v2\/pages\/133\/revisions"}],"predecessor-version":[{"id":521,"href":"https:\/\/fiber.pl\/olkusz\/wp-json\/wp\/v2\/pages\/133\/revisions\/521"}],"wp:attachment":[{"href":"https:\/\/fiber.pl\/olkusz\/wp-json\/wp\/v2\/media?parent=133"}],"curies":[{"name":"wp","href":"https:\/\/api.w.org\/{rel}","templated":true}]}}