{"id":1432,"date":"2022-08-24T09:48:28","date_gmt":"2022-08-24T09:48:28","guid":{"rendered":"https:\/\/fiber.pl\/olkusz\/?page_id=1432"},"modified":"2022-08-24T09:48:28","modified_gmt":"2022-08-24T09:48:28","slug":"dla-biznesu","status":"publish","type":"page","link":"https:\/\/fiber.pl\/olkusz\/kontakt\/dla-biznesu\/","title":{"rendered":"Dla biznesu"},"content":{"rendered":"<section id=\"kontakt-section\" class=\"fw-main-row   normal-bg\"   >\n<div class=\"chose-overlay\"><\/div>\n\t<div class=\"fw-container\">\n\t\t\n<div class=\"row\">\n\t<div class=\"col-xs-12 col-sm-12\">\n\t\n\n\n<div class=\"formularz\"><p>\n<div class=\"wpcf7 no-js\" id=\"wpcf7-f1431-o1\" lang=\"pl-PL\" dir=\"ltr\" data-wpcf7-id=\"1431\">\n<div class=\"screen-reader-response\"><p role=\"status\" aria-live=\"polite\" aria-atomic=\"true\"><\/p> <ul><\/ul><\/div>\n<form action=\"\/olkusz\/wp-json\/wp\/v2\/pages\/1432#wpcf7-f1431-o1\" method=\"post\" class=\"wpcf7-form init\" aria-label=\"Formularz kontaktowy\" novalidate=\"novalidate\" data-status=\"init\">\n<div style=\"display: none;\">\n<input type=\"hidden\" name=\"_wpcf7\" value=\"1431\" \/>\n<input type=\"hidden\" name=\"_wpcf7_version\" value=\"6.0.6\" \/>\n<input type=\"hidden\" name=\"_wpcf7_locale\" value=\"pl_PL\" \/>\n<input type=\"hidden\" name=\"_wpcf7_unit_tag\" value=\"wpcf7-f1431-o1\" \/>\n<input type=\"hidden\" name=\"_wpcf7_container_post\" value=\"0\" \/>\n<input type=\"hidden\" name=\"_wpcf7_posted_data_hash\" value=\"\" \/>\n<input type=\"hidden\" name=\"_wpcf7cf_hidden_group_fields\" value=\"[]\" \/>\n<input type=\"hidden\" name=\"_wpcf7cf_hidden_groups\" value=\"[]\" \/>\n<input type=\"hidden\" name=\"_wpcf7cf_visible_groups\" value=\"[]\" \/>\n<input type=\"hidden\" name=\"_wpcf7cf_repeaters\" value=\"[]\" \/>\n<input type=\"hidden\" name=\"_wpcf7cf_steps\" value=\"{}\" \/>\n<input type=\"hidden\" name=\"_wpcf7cf_options\" value=\"{&quot;form_id&quot;:1431,&quot;conditions&quot;:[],&quot;settings&quot;:{&quot;animation&quot;:&quot;yes&quot;,&quot;animation_intime&quot;:200,&quot;animation_outtime&quot;:200,&quot;conditions_ui&quot;:&quot;normal&quot;,&quot;notice_dismissed&quot;:false,&quot;notice_dismissed_update-cf7-6.0.6&quot;:true}}\" \/>\n<input type=\"hidden\" name=\"_wpcf7dtx_version\" value=\"5.0.3\" \/>\n<input type=\"hidden\" name=\"_wpcf7_recaptcha_response\" value=\"\" \/>\n<\/div>\n<div class=\"form-group\">\n\t<div class=\"row\">\n\t\t<div class=\"col-xs-12 col-sm-12 col-md-6\">\n\t\t\t<p><span class=\"wpcf7-form-control-wrap\" data-name=\"your-name\"><input size=\"40\" maxlength=\"400\" class=\"wpcf7-form-control wpcf7-text wpcf7-validates-as-required\" aria-required=\"true\" aria-invalid=\"false\" placeholder=\"Imi\u0119 i Nazwisko*\" value=\"\" type=\"text\" name=\"your-name\" \/><\/span>\n\t\t\t<\/p>\n\t\t<\/div>\n\t\t<div class=\"col-xs-12 col-sm-12 col-md-6\">\n\t\t\t<p><span class=\"wpcf7-form-control-wrap\" data-name=\"your-ulica\"><input size=\"40\" maxlength=\"400\" class=\"wpcf7-form-control wpcf7-text wpcf7-validates-as-required\" aria-required=\"true\" aria-invalid=\"false\" placeholder=\"Ulica*\" value=\"\" type=\"text\" name=\"your-ulica\" \/><\/span>\n\t\t\t<\/p>\n\t\t<\/div>\n\t\t<div class=\"col-xs-12 col-sm-12 col-md-6\">\n\t\t\t<p><span class=\"wpcf7-form-control-wrap\" data-name=\"your-miasto\"><input size=\"40\" maxlength=\"400\" class=\"wpcf7-form-control wpcf7-text wpcf7-validates-as-required\" aria-required=\"true\" aria-invalid=\"false\" placeholder=\"Miasto*\" value=\"\" type=\"text\" name=\"your-miasto\" \/><\/span>\n\t\t\t<\/p>\n\t\t<\/div>\n\t\t<div class=\"col-xs-12 col-sm-12 col-md-6\">\n\t\t\t<p><span class=\"wpcf7-form-control-wrap\" data-name=\"your-phone\"><input size=\"40\" maxlength=\"400\" class=\"wpcf7-form-control wpcf7-tel wpcf7-validates-as-required wpcf7-text wpcf7-validates-as-tel\" aria-required=\"true\" aria-invalid=\"false\" placeholder=\"Numer Telefonu*\" value=\"\" type=\"tel\" name=\"your-phone\" \/><\/span>\n\t\t\t<\/p>\n\t\t<\/div>\n\t\t<div class=\"col-xs-12 col-sm-12 col-md-6\">\n\t\t\t<p><span class=\"wpcf7-form-control-wrap\" data-name=\"your-email\"><input size=\"40\" maxlength=\"400\" class=\"wpcf7-form-control wpcf7-email wpcf7-validates-as-required wpcf7-text wpcf7-validates-as-email\" aria-required=\"true\" aria-invalid=\"false\" placeholder=\"Email*\" value=\"\" type=\"email\" name=\"your-email\" \/><\/span>\n\t\t\t<\/p>\n\t\t<\/div>\n\t<\/div>\n<\/div>\n<p><span class=\"wpcf7-form-control-wrap\" data-name=\"zgoda-rodo\"><span class=\"wpcf7-form-control wpcf7-acceptance\"><span class=\"wpcf7-list-item\"><label><input type=\"checkbox\" name=\"zgoda-rodo\" value=\"1\" aria-invalid=\"false\" \/><span class=\"wpcf7-list-item-label\">Zapozna\u0142am\/Zapozna\u0142em si\u0119 z i akceptuj\u0119 tre\u015b\u0107 klauzuli informacyjnej dotycz\u0105cej przetwarzania moich danych osobowych przez INTERKONEKT Sp. z o.o. zamieszczonej na stronie internetowej www.fiber.pl\/olkusz.<\/span><\/label><\/span><\/span><\/span>\n<\/p>\n<p><span class=\"wpcf7-form-control-wrap\" data-name=\"zgoda-dane\"><span class=\"wpcf7-form-control wpcf7-acceptance\"><span class=\"wpcf7-list-item\"><label><input type=\"checkbox\" name=\"zgoda-dane\" value=\"1\" aria-invalid=\"false\" \/><span class=\"wpcf7-list-item-label\">Wyra\u017cam zgod\u0119 na przetwarzanie moich danych osobowych przez Administratora, w celu udzielenia odpowiedzi na zapytanie. Moje dane osobowe b\u0119d\u0105 przetwarzane przez okres 6 miesi\u0119cy od dnia skierowania zapytania.<\/span><\/label><\/span><\/span><\/span>\n<\/p>\n<p><span class=\"wpcf7-form-control-wrap\" data-name=\"zgoda-marketing\"><span class=\"wpcf7-form-control wpcf7-acceptance optional\"><span class=\"wpcf7-list-item\"><label><input type=\"checkbox\" name=\"zgoda-marketing\" value=\"1\" aria-invalid=\"false\" \/><span class=\"wpcf7-list-item-label\">Wyra\u017cam zgod\u0119 na otrzymywanie od Administratora drog\u0105 elektroniczn\u0105 na wskazany przeze mnie adres e-mail oraz numer telefonu informacji handlowych oraz na przekazywanie mi tre\u015bci dotycz\u0105cych produkt\u00f3w i us\u0142ug oferowanych przez Administratora (marketing bezpo\u015bredni), przy u\u017cyciu telekomunikacyjnych urz\u0105dze\u0144 ko\u0144cowych oraz automatycznych system\u00f3w wywo\u0142uj\u0105cych,  w tym przy u\u017cyciu poczty e-mail, wiadomo\u015bci tekstowych SMS lub MMS a\u017c do momentu odwo\u0142ania zgody, nie d\u0142u\u017cej jednak ni\u017c przez okres dw\u00f3ch lat od dnia skierowania zapytania.<\/span><\/label><\/span><\/span><\/span>\n<\/p>\n<div class=\"form-group\">\n\t<div class=\"row\">\n\t\t<div class=\"col-xs-12\">\n\t\t\t<p><input class=\"wpcf7-form-control wpcf7-submit has-spinner\" type=\"submit\" value=\"Wy\u015blij Zg\u0142oszenie\" \/>\n\t\t\t<\/p>\n\t\t<\/div>\n\t<\/div>\n<\/div><div class=\"wpcf7-response-output\" aria-hidden=\"true\"><\/div>\n<\/form>\n<\/div>\n<\/p><\/div>\n<\/div>\n<\/div>\n\n\t<\/div>\n<\/section>\n\n","protected":false},"excerpt":{"rendered":"<p>Zapozna\u0142am\/Zapozna\u0142em si\u0119 z i akceptuj\u0119 tre\u015b\u0107 klauzuli informacyjnej dotycz\u0105cej przetwarzania moich danych osobowych przez INTERKONEKT Sp. [&#8230;] <\/p>\n<div class=\"read-mode-box\"><a class=\"btn btn-default read-more\" href=\"https:\/\/fiber.pl\/olkusz\/kontakt\/dla-biznesu\/\">Czytaj wi\u0119cej<\/a><\/div>\n","protected":false},"author":4,"featured_media":0,"parent":25,"menu_order":0,"comment_status":"closed","ping_status":"closed","template":"","meta":{"om_disable_all_campaigns":false,"_monsterinsights_skip_tracking":false,"_monsterinsights_sitenote_active":false,"_monsterinsights_sitenote_note":"","_monsterinsights_sitenote_category":0,"footnotes":""},"class_list":["post-1432","page","type-page","status-publish","hentry"],"_links":{"self":[{"href":"https:\/\/fiber.pl\/olkusz\/wp-json\/wp\/v2\/pages\/1432","targetHints":{"allow":["GET"]}}],"collection":[{"href":"https:\/\/fiber.pl\/olkusz\/wp-json\/wp\/v2\/pages"}],"about":[{"href":"https:\/\/fiber.pl\/olkusz\/wp-json\/wp\/v2\/types\/page"}],"author":[{"embeddable":true,"href":"https:\/\/fiber.pl\/olkusz\/wp-json\/wp\/v2\/users\/4"}],"replies":[{"embeddable":true,"href":"https:\/\/fiber.pl\/olkusz\/wp-json\/wp\/v2\/comments?post=1432"}],"version-history":[{"count":2,"href":"https:\/\/fiber.pl\/olkusz\/wp-json\/wp\/v2\/pages\/1432\/revisions"}],"predecessor-version":[{"id":1434,"href":"https:\/\/fiber.pl\/olkusz\/wp-json\/wp\/v2\/pages\/1432\/revisions\/1434"}],"up":[{"embeddable":true,"href":"https:\/\/fiber.pl\/olkusz\/wp-json\/wp\/v2\/pages\/25"}],"wp:attachment":[{"href":"https:\/\/fiber.pl\/olkusz\/wp-json\/wp\/v2\/media?parent=1432"}],"curies":[{"name":"wp","href":"https:\/\/api.w.org\/{rel}","templated":true}]}}