{"id":169,"date":"2019-06-12T09:46:57","date_gmt":"2019-06-12T09:46:57","guid":{"rendered":"https:\/\/fiber.pl\/olkusz\/?page_id=169"},"modified":"2020-02-27T13:05:30","modified_gmt":"2020-02-27T13:05:30","slug":"telewizja-swiatlowodowa","status":"publish","type":"page","link":"https:\/\/fiber.pl\/olkusz\/telewizja-swiatlowodowa\/","title":{"rendered":"Telewizja \u015bwiat\u0142owodowa"},"content":{"rendered":"<section id=\"\" class=\"fw-main-row   \"   >\n<div class=\"chose-overlay\"><\/div>\n\t<div class=\"fw-container\">\n\t\t\n<div class=\"row\">\n\t<div class=\"col-xs-12 col-sm-4\">\n\t<img loading=\"lazy\" decoding=\"async\" src=\"https:\/\/fiber.pl\/olkusz\/wp-content\/uploads\/2019\/06\/tv-720x1010.jpg\" alt=\"https:\/\/fiber.pl\/olkusz\/wp-content\/uploads\/2019\/06\/tv-720x1010.jpg\" width=\"720\" height=\"1010\" \/><\/div>\n<div class=\"col-xs-12 col-sm-8\">\n\t<div class=\"fw-heading fw-heading-h2 \">\n\t\t<h2 class='fw-special-title'>OPTYMALNY PAKIET KANA\u0141\u00d3W <\/h2>\t<\/div><p>Ponad <strong>100 kana\u0142\u00f3w<\/strong> telewizji, z czego ponad po\u0142owa w najlepszej jako\u015bci HD w bardzo korzystnej cen\u0119 \u2013 to wyr\u00f3\u017cnia nas od konkurencji. Jeste\u015bmy dumni, \u017ce wsp\u00f3lnie z naszymi Klientami uda\u0142o nam si\u0119 stworzy\u0107 optymaln\u0105 list\u0119 kana\u0142ow\u0105, kt\u00f3rej <strong>MOC<\/strong>\u0105 jest brak zb\u0119dnych kana\u0142\u00f3w, z kt\u00f3rych i tak by\u015b nie korzysta\u0142 - bo albo s\u0105 w obcej wersji j\u0119zykowej, albo emitowane s\u0105 na nich wy\u0142\u0105cznie powt\u00f3rki.<\/p><p>Szanujemy Tw\u00f3j czas i pieni\u0105dze, dlatego stawiamy na jako\u015b\u0107, a nie tylko na ilo\u015b\u0107!<\/p><p><strong>Telewizja \u015bwiat\u0142owodowa FIBER:<\/strong><\/p><ul><li>na wszystkich telewizorach w Twoim domu<\/li><li>optymalna ilo\u015b\u0107 kana\u0142\u00f3w<\/li><li>kana\u0142y bez powt\u00f3rek<\/li><li>miesi\u0105c test\u00f3w za darmo<\/li><li>aktywacja ju\u017c od 49 z\u0142<\/li><li>do wybranych pakiet\u00f3w multiroom gratis<\/li><li>jeden pilot do obs\u0142ugi telewizora<\/li><\/ul><\/div>\n<\/div>\n\n\t<\/div>\n<\/section>\n\n","protected":false},"excerpt":{"rendered":"<p>OPTYMALNY PAKIET KANA\u0141\u00d3W Ponad 100 kana\u0142\u00f3w telewizji, z czego ponad po\u0142owa w najlepszej jako\u015bci HD w [&#8230;] <\/p>\n<div class=\"read-mode-box\"><a class=\"btn btn-default read-more\" href=\"https:\/\/fiber.pl\/olkusz\/telewizja-swiatlowodowa\/\">Czytaj wi\u0119cej<\/a><\/div>\n","protected":false},"author":1,"featured_media":0,"parent":0,"menu_order":0,"comment_status":"closed","ping_status":"closed","template":"","meta":{"om_disable_all_campaigns":false,"_monsterinsights_skip_tracking":false,"_monsterinsights_sitenote_active":false,"_monsterinsights_sitenote_note":"","_monsterinsights_sitenote_category":0,"footnotes":""},"class_list":["post-169","page","type-page","status-publish","hentry"],"_links":{"self":[{"href":"https:\/\/fiber.pl\/olkusz\/wp-json\/wp\/v2\/pages\/169","targetHints":{"allow":["GET"]}}],"collection":[{"href":"https:\/\/fiber.pl\/olkusz\/wp-json\/wp\/v2\/pages"}],"about":[{"href":"https:\/\/fiber.pl\/olkusz\/wp-json\/wp\/v2\/types\/page"}],"author":[{"embeddable":true,"href":"https:\/\/fiber.pl\/olkusz\/wp-json\/wp\/v2\/users\/1"}],"replies":[{"embeddable":true,"href":"https:\/\/fiber.pl\/olkusz\/wp-json\/wp\/v2\/comments?post=169"}],"version-history":[{"count":14,"href":"https:\/\/fiber.pl\/olkusz\/wp-json\/wp\/v2\/pages\/169\/revisions"}],"predecessor-version":[{"id":524,"href":"https:\/\/fiber.pl\/olkusz\/wp-json\/wp\/v2\/pages\/169\/revisions\/524"}],"wp:attachment":[{"href":"https:\/\/fiber.pl\/olkusz\/wp-json\/wp\/v2\/media?parent=169"}],"curies":[{"name":"wp","href":"https:\/\/api.w.org\/{rel}","templated":true}]}}