{"id":1746,"date":"2023-02-22T14:25:20","date_gmt":"2023-02-22T14:25:20","guid":{"rendered":"https:\/\/fiber.pl\/olkusz\/?page_id=1746"},"modified":"2023-09-16T17:35:03","modified_gmt":"2023-09-16T17:35:03","slug":"biznes","status":"publish","type":"page","link":"https:\/\/fiber.pl\/olkusz\/biznes\/","title":{"rendered":"Biznes"},"content":{"rendered":"<p><section id=\"section-biznes-top\" class=\"fw-main-row  biznes-top normal-bg\" style=\"background-image:url(https:\/\/fiber.pl\/olkusz\/wp-content\/uploads\/2023\/03\/biznes-top.jpg);\"  >\n<div class=\"chose-overlay\"><\/div>\n\t<div class=\"fw-container-fluid\">\n\t\t\n<div class=\"row\">\n\t<div class=\"col-xs-12 col-sm-6\">\n\t<\/div>\n<div class=\"col-xs-12 col-sm-6\">\n\t\n\n\n<div class=\"biznes-top-desc\"><h1>Tw\u00f3j biznes<br \/>przyspieszy<br \/>z FIBER<\/h1><p>Zaufa\u0142y nam setki firm. Warto by\u0107 w naszej sieci!<\/p><\/div>\n\n\n\n<div class=\"biznes-top-desc-icon\"><ul><li><i class=\"fa-solid fa-globe\"><\/i><br \/><h5><strong>INTERNET<\/strong><br \/>\u015awiat\u0142owodowy<\/h5><\/li><li><i class=\"fa-solid fa-microphone\"><\/i><br \/><h5><strong>TELEFONIA<\/strong><br \/>VOIP<\/h5><\/li><li><i class=\"fa-solid fa-network-wired\"><\/i><br \/><h5><strong>SIECI<\/strong><br \/>Teletechniczne<\/h5><\/li><\/ul><\/div>\n<\/div>\n<\/div>\n\n\t<\/div>\n<\/section>\n<section id=\"section-dlaczego\" class=\"fw-main-row   normal-bg\"   >\n<div class=\"chose-overlay\"><\/div>\n\t<div class=\"fw-container\">\n\t\t\n<div class=\"row\">\n\t<div class=\"col-xs-12 col-sm-6\">\n\t<div class=\"fw-heading fw-heading-h1 \">\n\t\t<h1 class='fw-special-title'>Dlaczego <span>FIBER?<\/span><\/h1>\t\t\t<div class=\"fw-special-subtitle\">Pomagamy innym rozkr\u0119ca\u0107 biznes<\/div>\n\t<\/div><p>Od ponad 20 lat jeste\u015bmy obecni na rynku telekomunikacyjnym. Dostarczamy super szybki internet\u015bwiat\u0142owodowy oraz telewizj\u0119 \u015bwiat\u0142owodow\u0105 marki FIBER w <strong>powiecie olkuskim oraz gminach: Pilica, \u017barnowiec, Trzebinia, Go\u0142cza i Charsznica.<\/strong> Nowoczesna infrastruktura, profesjonalny zesp\u00f3\u0142 techniczny, Biura Obs\u0142ugi Klient\u00f3w na miejscu i wsparcie klienta na ka\u017cdym etapie wsp\u00f3\u0142pracy - to nasze wyr\u00f3\u017cniki na lokalnym rynku us\u0142ug internetowych.<\/p><p>Zaufa\u0142y nam tysi\u0105ce klient\u00f3w indywidualnych i biznesowych, dla kt\u00f3rych stabilny i pewny <strong>INTERNET \u015awiat\u0142owodowy<\/strong> to podstawa w pracy, nauki i rozrywki. Jako firma odpowiedzialna spo\u0142ecznie, anga\u017cujemy si\u0119 w inicjatywy wa\u017cne dla lokalnej spo\u0142eczno\u015bci, za co trzykrotnie otrzymali\u015bmy presti\u017cow\u0105 <strong>nagrod\u0119 Tele.Odpowiedzialni<\/strong>.<\/p><\/div>\n<div class=\"col-xs-12 col-sm-6\">\n\t<img decoding=\"async\" src=\"\/\/fiber.pl\/olkusz\/wp-content\/uploads\/2023\/03\/biznes-dlaczego.jpg\" alt=\"\/\/fiber.pl\/olkusz\/wp-content\/uploads\/2023\/03\/biznes-dlaczego.jpg\" \/><\/div>\n<\/div>\n\n\t<\/div>\n<\/section>\n<section id=\"section-co-nas-wyroznia\" class=\"fw-main-row   normal-bg\"   >\n<div class=\"chose-overlay\"><\/div>\n\t<div class=\"fw-container\">\n\t\t\n<div class=\"row\">\n\t<div class=\"col-xs-12 col-sm-6\">\n\t\n\n\n\n    <div class=\"hover-box hover-box-pakiety box-icon 100p\" style=\"background-color:#874492;\">\n        \n              <div class=\"icon-procent\"><h4>100%<\/h4><\/div>\n             <div class=\"icon-text\"><h3>Gwarantowana  przepustowo\u015b\u0107 (CIR)  \u0142\u0105cza po kablu<\/h3><\/div>\n         \n    <\/div>\n\n\n\n\n\n\n    <div class=\"hover-box hover-box-pakiety box-icon 99p\" style=\"background-color:#171422;\">\n        \n              <div class=\"icon-procent\"><h4>99,5%<\/h4><\/div>\n             <div class=\"icon-text\"><h3>Dost\u0119pno\u015b\u0107 us\u0142ugi w skali roku<\/h3><\/div>\n         \n    <\/div>\n\n\n<\/div>\n<div class=\"col-xs-12 col-sm-6\">\n\t<div class=\"fw-heading fw-heading-h1 \">\n\t\t<h1 class='fw-special-title'>Co nas <span>wyr\u00f3\u017cnia<\/span> na rynku?<\/h1>\t\t\t<div class=\"fw-special-subtitle\">NOWOCZESNE US\u0141UGI W zasi\u0119gu r\u0119ki!<\/div>\n\t<\/div><ul><li>Stabilne \u0142\u0105cza <strong>\u015bwiat\u0142owodowe<\/strong><\/li><li>Najlepsza jako\u015b\u0107 bez wzgl\u0119du na warunki atmosferyczne<\/li><li><strong>Brak limitu<\/strong> pobierania i wysy\u0142ania danych<\/li><li>Elastyczna oferta, dopasowana do potrzeb firmy<\/li><li>Priorytet <strong>wsparcia technicznego<\/strong><\/li><li>Stacjonarne Biuro Obs\u0142ugi Klienta w Olkuszu i Wolbromiu<\/li><li>Dedykowany Asystent Klienta<\/li><li>Mo\u017cliwo\u015b\u0107 <strong>bezp\u0142atnych test\u00f3w<\/strong> przez 1 miesi\u0105c<\/li><li>Szybka instalacja<\/li><li>Aktywacja natychmiast po instalacji<\/li><li>Ponad 20-letnie do\u015bwiadczenie<\/li><li>Ca\u0142odobowy <strong>monitoring sieci<\/strong><\/li><li>Pomoc w doborze sprz\u0119tu<\/li><\/ul><\/div>\n<\/div>\n\n\t<\/div>\n<\/section>\n<section id=\"section-biznes-icon\" class=\"fw-main-row   normal-bg\" style=\"background-color:#874492;\"  >\n<div class=\"chose-overlay\"><\/div>\n\t<div class=\"fw-container\">\n\t\t\n<div class=\"row\">\n\t<div class=\"col-xs-12 col-sm-12\">\n\t<div class=\"fw-heading fw-heading-h1 fw-heading-center\">\n\t\t<h1 class='fw-special-title'>A\u017c tyle mo\u017cemy zrobi\u0107 dla TWOJEGO biznesu!<\/h1>\t<\/div><\/div>\n<\/div>\n\n\n<div class=\"row\">\n\t<div class=\"col-xs-12 col-sm-3 col-md-3\">\n\t\n\t<div class=\"fw-divider-space\" style=\"padding-top: 30px;\"><\/div>\n<div class=\"fw-heading fw-heading-h1 fw-heading-center\">\n\t\t<h1 class='fw-special-title'>\u015awiat\u0142ow\u00f3d w Twojej firmie<\/h1>\t<\/div><\/div>\n<div class=\"col-xs-12 col-sm-3 col-md-3\">\n\t<a href=\"\">\n<div class=\"flat-thumbnail\">\n      <div class=\"flat-icon-box\">\n          <div class=\"glyph-icon flaticon-customer-service\"><\/div>\n      <\/div>\n      <div class=\"caption\">\n        <h3>Dedykowany  opiekun klienta<\/h3>\n        <p><\/p>\n              <\/div>\n<\/div><\/a><\/div>\n<div class=\"col-xs-12 col-sm-3 col-md-3\">\n\t<a href=\"\">\n<div class=\"flat-thumbnail\">\n      <div class=\"flat-icon-box\">\n          <div class=\"glyph-icon flaticon-technology-2\"><\/div>\n      <\/div>\n      <div class=\"caption\">\n        <h3>Opieka techniczna<\/h3>\n        <p><\/p>\n              <\/div>\n<\/div><\/a><\/div>\n<div class=\"col-xs-12 col-sm-3 col-md-3\">\n\t<a href=\"\">\n<div class=\"flat-thumbnail\">\n      <div class=\"flat-icon-box\">\n          <div class=\"glyph-icon flaticon-transfer\"><\/div>\n      <\/div>\n      <div class=\"caption\">\n        <h3>\u0141\u0105cze symetryczne<\/h3>\n        <p><\/p>\n              <\/div>\n<\/div><\/a><\/div>\n<\/div>\n\n\n<div class=\"row\">\n\t<div class=\"col-xs-12 col-sm-3 col-md-3\">\n\t<a href=\"\">\n<div class=\"flat-thumbnail\">\n      <div class=\"flat-icon-box\">\n          <div class=\"glyph-icon flaticon-download\"><\/div>\n      <\/div>\n      <div class=\"caption\">\n        <h3>\u0141\u0105cze asymetryczne<\/h3>\n        <p><\/p>\n              <\/div>\n<\/div><\/a><\/div>\n<div class=\"col-xs-12 col-sm-3 col-md-3\">\n\t<a href=\"\">\n<div class=\"flat-thumbnail\">\n      <div class=\"flat-icon-box\">\n          <div class=\"glyph-icon flaticon-ip\"><\/div>\n      <\/div>\n      <div class=\"caption\">\n        <h3>Zewn\u0119trzny adres IP w cenie <\/h3>\n        <p><\/p>\n              <\/div>\n<\/div><\/a><\/div>\n<div class=\"col-xs-12 col-sm-3 col-md-3\">\n\t<a href=\"\">\n<div class=\"flat-thumbnail\">\n      <div class=\"flat-icon-box\">\n          <div class=\"glyph-icon flaticon-optical-fiber\"><\/div>\n      <\/div>\n      <div class=\"caption\">\n        <h3>Transmisja danych L2 do w\u0119z\u0142\u00f3w wymiany ruchu<\/h3>\n        <p><\/p>\n              <\/div>\n<\/div><\/a><\/div>\n<div class=\"col-xs-12 col-sm-3 col-md-3\">\n\t<a href=\"\">\n<div class=\"flat-thumbnail\">\n      <div class=\"flat-icon-box\">\n          <div class=\"glyph-icon flaticon-cctv\"><\/div>\n      <\/div>\n      <div class=\"caption\">\n        <h3>\u0141\u0105cze \u015bwiat\u0142owodowe  do obs\u0142ugi monitoringu<\/h3>\n        <p><\/p>\n              <\/div>\n<\/div><\/a><\/div>\n<\/div>\n\n\t<\/div>\n<\/section>\n<section id=\"\" class=\"fw-main-row  half-background normal-bg\"   >\n<div class=\"chose-overlay\"><\/div>\n\t<div class=\"fw-container-fluid\">\n\t\t\n<div class=\"row\">\n\t<div class=\"col-xs-12 col-sm-12\">\n\t\n<div class=\"half-bg-container\">\n      <div style=\"background-image: url(\/\/fiber.pl\/olkusz\/wp-content\/uploads\/2023\/08\/dla-biznesu.jpg)\" class=\"col-xs-12 col-sm-6 half-bg-img\"><\/div>\n      <div class=\"col-xs-12 col-sm-6 half-bg-txt\">\n        <h2>Dla\u00a0biznesu\u00a0mamy jeszcze wi\u0119cej!<\/h2><ul><li><strong>IntraNet<\/strong>\u00a0- wewn\u0119trzna transmisja danych mi\u0119dzy siedzibami firmy<\/li><li>Projekt i wykonanie sieci wewn\u0119trznej WiFi, telefonii VoIP (w tym z obs\u0142ug\u0105 VLAN)<\/li><li>Inteligentne rozwi\u0105zania\u00a0<strong>WiFi<\/strong><\/li><li><strong>\u0141\u0105cza backupowe<\/strong>\u00a0- mo\u017cliwo\u015b\u0107 redundancji po\u0142\u0105czenia, czyli pod\u0142\u0105czenie budynku dwoma niezale\u017cnymi \u0142\u0105czami lub w r\u00f3\u017cnych technologiach<\/li><li>Zarz\u0105dzanie\u00a0<strong>przekierowaniami port\u00f3w<\/strong>\u00a0na routerze dost\u0119powym<\/li><li>Mo\u017cliwo\u015b\u0107 zwi\u0119kszenia puli\u00a0<strong>zewn\u0119trznych adres\u00f3w IP<\/strong><\/li><\/ul>              <\/div>\n<\/div><\/div>\n<\/div>\n\n\t<\/div>\n<\/section>\n<section id=\"section-biznes-sla\" class=\"fw-main-row   normal-bg\" style=\"background-color:#432d92;\"  >\n<div class=\"chose-overlay\"><\/div>\n\t<div class=\"fw-container-fluid\">\n\t\t\n<div class=\"row\">\n\t<div class=\"col-xs-12 col-sm-4\">\n\t\n\n\n<div class=\"sla\"><h2>SLA<\/h2><\/div>\n<\/div>\n<div class=\"col-xs-12 col-sm-8\">\n\t<div class=\"fw-heading fw-heading-h1 \">\n\t\t<h1 class='fw-special-title'>\u0141\u0105cze biznesowe daje Ci <span>priorytetowy<\/span> serwis!<\/h1>\t<\/div><ul><li>Spersonalizowany czas reakcji serwisowej i usuni\u0119cia usterki<\/li><li>Mo\u017cesz negocjowa\u0107 z nami indywidulane warunki SLA!!<\/li><\/ul><\/div>\n<\/div>\n\n\t<\/div>\n<\/section>\n<section id=\"section-biznes-voip\" class=\"fw-main-row   normal-bg\"   >\n<div class=\"chose-overlay\"><\/div>\n\t<div class=\"fw-container\">\n\t\t\n<div class=\"row\">\n\t<div class=\"col-xs-12 col-sm-12\">\n\t<div class=\"fw-heading fw-heading-h1 fw-heading-center\">\n\t\t<h1 class='fw-special-title'>Telefonia <span>VOIP<\/span> w Twojej firmie<\/h1>\t\t\t<div class=\"fw-special-subtitle\">HALO CENTRALO! TELEFONIA STACJONARNA VOIP to podstawa w ka\u017cdej nowocze\u015bnie zarz\u0105dzanej firmie. Obs\u0142uga telefoniczna klient\u00f3w i komunikacja mi\u0119dzy pracownikami z telefoni\u0105 VOIP to oszcz\u0119dno\u015b\u0107 czasu i pieni\u0119dzy! Znamy si\u0119 na tym i Twoj\u0105 firm\u0119 r\u00f3wnie\u017c mo\u017cemy przenie\u015b\u0107 do \u015bwiata VOIP.<\/div>\n\t<\/div><\/div>\n<\/div>\n\n\n<div class=\"row\">\n\t<div class=\"col-xs-12 col-sm-6\">\n\t<img decoding=\"async\" src=\"\/\/fiber.pl\/olkusz\/wp-content\/uploads\/2023\/08\/voip.jpg\" alt=\"\/\/fiber.pl\/olkusz\/wp-content\/uploads\/2023\/08\/voip.jpg\" \/><\/div>\n<div class=\"col-xs-12 col-sm-6\">\n\t\n\t<div class=\"fw-divider-space\" style=\"padding-top: 20px;\"><\/div>\n<div class=\"fw-heading fw-heading-h2 \">\n\t\t<h2 class='fw-special-title'>Co zyskujesz dzi\u0119ki <span>VOIP?<\/span><\/h2>\t<\/div><ul><li>Wirtualne centrale telefoniczne<\/li><li>Wysoka jako\u015b\u0107 po\u0142\u0105cze\u0144<\/li><li>Konfiguracja numer\u00f3w telefon\u00f3w<\/li><li>Prezentacja numer\u00f3w przychodz\u0105cych<\/li><li><strong>IVR<\/strong> (interaktywna obs\u0142uga osoby dzwoni\u0105cej)<\/li><li>Przeniesienie numer\u00f3w od innych operator\u00f3w<\/li><li>Nadawanie nowych numer\u00f3w telefon\u00f3w<\/li><li>Prowadzenie kilku niezale\u017cnych po\u0142\u0105cze\u0144<\/li><li><strong>Panel obs\u0142ugi centrali<\/strong> wirtualnej umo\u017cliwia m.in. nagrywanie rozm\u00f3w, bie\u017c\u0105cy dost\u0119p online do billing\u00f3w\t(po\u0142\u0105czenia wykonane, odebrane i nieodebrane)<\/li><\/ul><\/div>\n<\/div>\n\n\t<\/div>\n<\/section>\n<section id=\"section-biznes-footer\" class=\"fw-main-row   normal-bg\" style=\"background-color:#874492;\"  >\n<div class=\"chose-overlay\"><\/div>\n\t<div class=\"fw-container\">\n\t\t\n<div class=\"row\">\n\t<div class=\"col-xs-12 col-sm-3 col-md-3\">\n\t<a href=\"\">\n<div class=\"flat-thumbnail\">\n      <div class=\"flat-icon-box\">\n          <div class=\"glyph-icon flaticon-enterprise\"><\/div>\n      <\/div>\n      <div class=\"caption\">\n        <h3>Oferta hurtowa<\/h3>\n        <p>dla firm i jednostek publicznych<\/p>\n              <\/div>\n<\/div><\/a><\/div>\n<div class=\"col-xs-12 col-sm-3 col-md-3\">\n\t<a href=\"\">\n<div class=\"flat-thumbnail\">\n      <div class=\"flat-icon-box\">\n          <div class=\"glyph-icon flaticon-offer\"><\/div>\n      <\/div>\n      <div class=\"caption\">\n        <h3>Zni\u017cki<\/h3>\n        <p>na kolejne lokalizacje<\/p>\n              <\/div>\n<\/div><\/a><\/div>\n<div class=\"col-xs-12 col-sm-3 col-md-3\">\n\t<a href=\"\">\n<div class=\"flat-thumbnail\">\n      <div class=\"flat-icon-box\">\n          <div class=\"glyph-icon flaticon-shield\"><\/div>\n      <\/div>\n      <div class=\"caption\">\n        <h3>Gwarancja<\/h3>\n        <p>niezmiennej ceny na czas trwania umowy<\/p>\n              <\/div>\n<\/div><\/a><\/div>\n<div class=\"col-xs-12 col-sm-3 col-md-3\">\n\t<a href=\"\">\n<div class=\"flat-thumbnail\">\n      <div class=\"flat-icon-box\">\n          <div class=\"glyph-icon flaticon-growth\"><\/div>\n      <\/div>\n      <div class=\"caption\">\n        <h3>Mo\u017cliwo\u015bci<\/h3>\n        <p>zmiany pakietu na wy\u017cszy w trakcie trwania umowy<\/p>\n              <\/div>\n<\/div><\/a><\/div>\n<\/div>\n\n\t<\/div>\n<\/section>\n<\/p>\n","protected":false},"excerpt":{"rendered":"<p>Tw\u00f3j biznesprzyspieszyz FIBERZaufa\u0142y nam setki firm. Warto by\u0107 w naszej sieci! INTERNET\u015awiat\u0142owodowyTELEFONIAVOIPSIECITeletechniczne Dlaczego FIBER? Pomagamy innym [&#8230;] <\/p>\n<div class=\"read-mode-box\"><a class=\"btn btn-default read-more\" href=\"https:\/\/fiber.pl\/olkusz\/biznes\/\">Czytaj wi\u0119cej<\/a><\/div>\n","protected":false},"author":4,"featured_media":0,"parent":0,"menu_order":0,"comment_status":"closed","ping_status":"closed","template":"page-biznes.php","meta":{"om_disable_all_campaigns":false,"_monsterinsights_skip_tracking":false,"_monsterinsights_sitenote_active":false,"_monsterinsights_sitenote_note":"","_monsterinsights_sitenote_category":0,"footnotes":""},"class_list":["post-1746","page","type-page","status-publish","hentry"],"_links":{"self":[{"href":"https:\/\/fiber.pl\/olkusz\/wp-json\/wp\/v2\/pages\/1746","targetHints":{"allow":["GET"]}}],"collection":[{"href":"https:\/\/fiber.pl\/olkusz\/wp-json\/wp\/v2\/pages"}],"about":[{"href":"https:\/\/fiber.pl\/olkusz\/wp-json\/wp\/v2\/types\/page"}],"author":[{"embeddable":true,"href":"https:\/\/fiber.pl\/olkusz\/wp-json\/wp\/v2\/users\/4"}],"replies":[{"embeddable":true,"href":"https:\/\/fiber.pl\/olkusz\/wp-json\/wp\/v2\/comments?post=1746"}],"version-history":[{"count":72,"href":"https:\/\/fiber.pl\/olkusz\/wp-json\/wp\/v2\/pages\/1746\/revisions"}],"predecessor-version":[{"id":2136,"href":"https:\/\/fiber.pl\/olkusz\/wp-json\/wp\/v2\/pages\/1746\/revisions\/2136"}],"wp:attachment":[{"href":"https:\/\/fiber.pl\/olkusz\/wp-json\/wp\/v2\/media?parent=1746"}],"curies":[{"name":"wp","href":"https:\/\/api.w.org\/{rel}","templated":true}]}}