{"id":25,"date":"2019-03-27T00:24:18","date_gmt":"2019-03-27T00:24:18","guid":{"rendered":"https:\/\/fiber.pl\/olkusz\/?page_id=25"},"modified":"2026-02-20T10:08:49","modified_gmt":"2026-02-20T10:08:49","slug":"kontakt","status":"publish","type":"page","link":"https:\/\/fiber.pl\/olkusz\/kontakt\/","title":{"rendered":"W czym mo\u017cemy ci pom\u00f3c?"},"content":{"rendered":"<p><section id=\"form-choose\" class=\"fw-main-row   normal-bg\"   >\n<div class=\"chose-overlay\"><\/div>\n\t<div class=\"fw-container\">\n\t\t\n<div class=\"row\">\n\t<div class=\"col-xs-12 col-sm-12\">\n\t<div class=\"fw-heading fw-heading-h1 fw-heading-center\">\n\t\t<h1 class='fw-special-title'>Kliknij interesuj\u0105cy Ci\u0119 temat<\/h1>\t\t\t<div class=\"fw-special-subtitle\">Odpowiemy na Twoj\u0105 wiadomo\u015b\u0107 najszybciej, jak to mo\u017cliwe!<\/div>\n\t<\/div><\/div>\n<\/div>\n\n\n<div class=\"row\">\n\t<div class=\"col-xs-12 col-sm-3 col-md-3\">\n\t<a href=\"zapytanie-o-oferte\">\n<div class=\"flat-thumbnail\">\n      <div class=\"flat-icon-box\">\n          <div class=\"glyph-icon flaticon-team\"><\/div>\n      <\/div>\n      <div class=\"caption\">\n        <h3>Zapytanie Ofertowe<\/h3>\n        <p><\/p>\n                \n              <\/div>\n<\/div><\/a><\/div>\n<div class=\"col-xs-12 col-sm-3 col-md-3\">\n\t<a href=\"przedluzenie-umowy\">\n<div class=\"flat-thumbnail\">\n      <div class=\"flat-icon-box\">\n          <div class=\"glyph-icon flaticon-contract-1\"><\/div>\n      <\/div>\n      <div class=\"caption\">\n        <h3>Przed\u0142u\u017cenie Umowy<\/h3>\n        <p><\/p>\n                \n              <\/div>\n<\/div><\/a><\/div>\n<div class=\"col-xs-12 col-sm-3 col-md-3\">\n\t<a href=\"\/olkusz\/zglos-przylacze\">\n<div class=\"flat-thumbnail\">\n      <div class=\"flat-icon-box\">\n          <div class=\"glyph-icon flaticon-optical-fiber\"><\/div>\n      <\/div>\n      <div class=\"caption\">\n        <h3>Nowe Przy\u0142\u0105cze<\/h3>\n        <p><\/p>\n                \n              <\/div>\n<\/div><\/a><\/div>\n<div class=\"col-xs-12 col-sm-3 col-md-3\">\n\t<a href=\"dla-biznesu\">\n<div class=\"flat-thumbnail\">\n      <div class=\"flat-icon-box\">\n          <div class=\"glyph-icon flaticon-employee\"><\/div>\n      <\/div>\n      <div class=\"caption\">\n        <h3>Dla Biznesu<\/h3>\n        <p><\/p>\n                \n              <\/div>\n<\/div><\/a><\/div>\n<\/div>\n\n\n<div class=\"row\">\n\t<div class=\"col-xs-12 col-sm-3 col-md-3\">\n\t<a href=\"platnosci\">\n<div class=\"flat-thumbnail\">\n      <div class=\"flat-icon-box\">\n          <div class=\"glyph-icon flaticon-operation\"><\/div>\n      <\/div>\n      <div class=\"caption\">\n        <h3>P\u0142atno\u015bci<\/h3>\n        <p><\/p>\n                \n              <\/div>\n<\/div><\/a><\/div>\n<div class=\"col-xs-12 col-sm-3 col-md-3\">\n\t<a href=\"problem-z-internetem\">\n<div class=\"flat-thumbnail\">\n      <div class=\"flat-icon-box\">\n          <div class=\"glyph-icon flaticon-disconnect\"><\/div>\n      <\/div>\n      <div class=\"caption\">\n        <h3>Problem z Internetem<\/h3>\n        <p><\/p>\n                \n              <\/div>\n<\/div><\/a><\/div>\n<div class=\"col-xs-12 col-sm-3 col-md-3\">\n\t<a href=\"problem-z-telewizja\">\n<div class=\"flat-thumbnail\">\n      <div class=\"flat-icon-box\">\n          <div class=\"glyph-icon flaticon-smart-tv\"><\/div>\n      <\/div>\n      <div class=\"caption\">\n        <h3>Problem z Telewizj\u0105<\/h3>\n        <p><\/p>\n                \n              <\/div>\n<\/div><\/a><\/div>\n<div class=\"col-xs-12 col-sm-3 col-md-3\">\n\t<a href=\"inne\">\n<div class=\"flat-thumbnail\">\n      <div class=\"flat-icon-box\">\n          <div class=\"glyph-icon flaticon-more\"><\/div>\n      <\/div>\n      <div class=\"caption\">\n        <h3>Inne<\/h3>\n        <p><\/p>\n                \n              <\/div>\n<\/div><\/a><\/div>\n<\/div>\n\n\t<\/div>\n<\/section>\n<section id=\"kontakt-info-section\" class=\"fw-main-row   normal-bg\" style=\"background-color:#efefef;\"  >\n<div class=\"chose-overlay\"><\/div>\n\t<div class=\"fw-container\">\n\t\t\n<div class=\"row\">\n\t<div class=\"col-xs-12 col-sm-4\">\n\t\n\n\n<div class=\"contact-info\"><h4>Siedziba firmy<\/h4><p>INTERKONEKT Sp. z o.o.<br \/>Wolbrom, ul. Pi\u0142sudskiego 57A<br \/>tel: 32 706 50 01<\/p><\/div>\n<\/div>\n<div class=\"col-xs-12 col-sm-4\">\n\t\n\n\n<div class=\"contact-info\"><h4>Dzia\u0142 Finansowy<\/h4><p>32 706 50 03<br \/>finanse@interkonekt.pl<br \/>9:00 \u2013 15:00<\/p><\/div>\n<\/div>\n<div class=\"col-xs-12 col-sm-4\">\n\t\n\n\n<div class=\"contact-info\"><h4>Dzia\u0142 Techniczny<\/h4><p>32 706 50 02<br \/>serwis@interkonekt.pl<br \/>pon. - pt. 9:00 \u2013 19:00,<br \/>sb. 9:00 - 13:00 (pok. 103, Wolbrom, ul. Pi\u0142sudskiego 57A)<\/p><\/div>\n<\/div>\n<\/div>\n\n\t<\/div>\n<\/section>\n<section id=\"kontakt-section\" class=\"fw-main-row   normal-bg\"   >\n<div class=\"chose-overlay\"><\/div>\n\t<div class=\"fw-container-fluid\">\n\t\t\n<div class=\"row\">\n\t<div class=\"col-xs-12 col-sm-6\">\n\t\n\n\n\n    <div class=\"hover-box hover-box-pakiety box-siedziba\" style=\"background-color:#874492;\">\n        <div class=\"hover-box-caption-pakiety caption-siedziba\" >\n           <div class=\"hover-box-caption-text caption-text-siedziba\">\n               <h4>Biuro Obs\u0142ugi Klienta - Olkusz<\/h4>\n               <h5>Olkusz, ul. Ko\u015bciuszki 20<\/h5>\n               <p>pon. \u2013 pt., 10:00 \u2013 16:00<\/p>           <\/div>\n            <a href=\"tel:32 706 50 01\" class=\"btn btn-primary btn-siedziba\">32 706 50 01<\/a>\n            <a href=\"mailto:bok@interkonekt.pl\" class=\"btn btn-primary btn-siedziba\">bok@interkonekt.pl<\/a>\n        <\/div> \n    <\/div>\n\n\n<\/div>\n<div class=\"col-xs-12 col-sm-6\">\n\t\n\n\n\n    <div class=\"hover-box hover-box-pakiety box-siedziba\" style=\"background-color:#4e2674;\">\n        <div class=\"hover-box-caption-pakiety caption-siedziba\" >\n           <div class=\"hover-box-caption-text caption-text-siedziba\">\n               <h4>Biuro Obs\u0142ugi Klienta - Wolbrom<\/h4>\n               <h5>Wolbrom, ul. Pi\u0142sudskiego 57a<\/h5>\n               <p>pon. - pt. 8:30 \u2013 16:30<\/p>           <\/div>\n            <a href=\"tel:32 706 50 01\" class=\"btn btn-primary btn-siedziba\">32 706 50 01<\/a>\n            <a href=\"mailto:bok@interkonekt.pl\" class=\"btn btn-primary btn-siedziba\">bok@interkonekt.pl<\/a>\n        <\/div> \n    <\/div>\n\n\n<\/div>\n<\/div>\n\n\t<\/div>\n<\/section>\n<\/p>\n","protected":false},"excerpt":{"rendered":"<p>Kliknij interesuj\u0105cy Ci\u0119 temat Odpowiemy na Twoj\u0105 wiadomo\u015b\u0107 najszybciej, jak to mo\u017cliwe! Zapytanie Ofertowe Przed\u0142u\u017cenie Umowy [&#8230;] <\/p>\n<div class=\"read-mode-box\"><a class=\"btn btn-default read-more\" href=\"https:\/\/fiber.pl\/olkusz\/kontakt\/\">Czytaj wi\u0119cej<\/a><\/div>\n","protected":false},"author":1,"featured_media":0,"parent":0,"menu_order":0,"comment_status":"closed","ping_status":"closed","template":"","meta":{"om_disable_all_campaigns":false,"_monsterinsights_skip_tracking":false,"_monsterinsights_sitenote_active":false,"_monsterinsights_sitenote_note":"","_monsterinsights_sitenote_category":0,"footnotes":""},"class_list":["post-25","page","type-page","status-publish","hentry"],"_links":{"self":[{"href":"https:\/\/fiber.pl\/olkusz\/wp-json\/wp\/v2\/pages\/25","targetHints":{"allow":["GET"]}}],"collection":[{"href":"https:\/\/fiber.pl\/olkusz\/wp-json\/wp\/v2\/pages"}],"about":[{"href":"https:\/\/fiber.pl\/olkusz\/wp-json\/wp\/v2\/types\/page"}],"author":[{"embeddable":true,"href":"https:\/\/fiber.pl\/olkusz\/wp-json\/wp\/v2\/users\/1"}],"replies":[{"embeddable":true,"href":"https:\/\/fiber.pl\/olkusz\/wp-json\/wp\/v2\/comments?post=25"}],"version-history":[{"count":60,"href":"https:\/\/fiber.pl\/olkusz\/wp-json\/wp\/v2\/pages\/25\/revisions"}],"predecessor-version":[{"id":3701,"href":"https:\/\/fiber.pl\/olkusz\/wp-json\/wp\/v2\/pages\/25\/revisions\/3701"}],"wp:attachment":[{"href":"https:\/\/fiber.pl\/olkusz\/wp-json\/wp\/v2\/media?parent=25"}],"curies":[{"name":"wp","href":"https:\/\/api.w.org\/{rel}","templated":true}]}}