{"id":2704,"date":"2024-09-19T13:57:24","date_gmt":"2024-09-19T13:57:24","guid":{"rendered":"https:\/\/fiber.pl\/olkusz\/?page_id=2704"},"modified":"2024-10-31T11:54:49","modified_gmt":"2024-10-31T11:54:49","slug":"wybierz-swiatlowod","status":"publish","type":"page","link":"https:\/\/fiber.pl\/olkusz\/wybierz-swiatlowod\/","title":{"rendered":"Kto stawia na \u015bwiat\u0142ow\u00f3d FIBERa, ten w promocjach wybiera!"},"content":{"rendered":"<p><section id=\"landing-hero\" class=\"fw-main-row   normal-bg\"   >\n<div class=\"chose-overlay\"><\/div>\n\t<div class=\"fw-container-fluid\">\n\t\t\n<div class=\"row\">\n\t<div class=\"col-xs-12 col-sm-12\">\n\t<a href=\"https:\/\/fiber.pl\/olkusz\/kontakt\/zapytanie-o-oferte\/\" target=\"_blank\" >\n<div class=\"jumbotron text-left\" style=\"background-image: url(\/\/fiber.pl\/olkusz\/wp-content\/uploads\/2024\/09\/FIBER-baner-na-landing-wybierz.png)\">     \n<\/div>\n<\/a>\n<\/div>\n<\/div>\n\n\t<\/div>\n<\/section>\n<section id=\"\" class=\"fw-main-row   normal-bg\" style=\"background-color:#efefef;\"  >\n<div class=\"chose-overlay\"><\/div>\n\t<div class=\"fw-container\">\n\t\t\n<div class=\"row\">\n\t<div class=\"col-xs-12 col-sm-12\">\n\t\n\n\n<div class=\" \"><h1 style=\"text-align: center;\">Od nas zawsze dostajesz wi\u0119cej!<\/h1><h1 style=\"text-align: center;\"><strong>Do\u0142\u0105cz do ultra nowoczesnej sieci \u015bwiat\u0142owodowej\u00a0<span> FIBER!<\/span> i wybierz prezent najlepszy dla Ciebie<\/strong><\/h1><h2 style=\"text-align: center;\">Ju\u017c dzi\u015b postaw na technologi\u0119 jutra!<\/h2><\/div>\n<\/div>\n<\/div>\n\n\t<\/div>\n<\/section>\n<section id=\"\" class=\"fw-main-row  half-background normal-bg\"   >\n<div class=\"chose-overlay\"><\/div>\n\t<div class=\"fw-container-fluid\">\n\t\t\n<div class=\"row\">\n\t<div class=\"col-xs-12 col-sm-12\">\n\t\n<div class=\"half-bg-container\">\n      <div style=\"background-image: url(\/\/fiber.pl\/olkusz\/wp-content\/uploads\/2024\/09\/FIBER-kafle-na-landing-sieci-inteligentna-male.png)\" class=\"col-xs-12 col-sm-6 half-bg-img\"><\/div>\n      <div class=\"col-xs-12 col-sm-6 half-bg-txt\">\n        <h1><strong>Internet ma by\u0107 szybki, a wyb\u00f3r wolny! Dajemy Ci t\u0119 wolno\u015b\u0107, bo wiemy, \u017ce <\/strong><\/h1><h1><strong><span>internet skrojony na miar\u0119 potrzeb <\/span><\/strong>to podstawa!<\/h1><h4>Do\u0142\u0105czaj\u0105c do sieci FIBER, wybierz pakiet i jeden z trzech prezent\u00f3w:<\/h4><ul><li><strong>PAKIET WY\u017bSZY W CENIE NI\u017bSZEGO - wybierasz 350 mb, a p\u0142acisz za 200 mb, wybierasz 700 mb, a p\u0142acisz jak za 350 mb<\/strong><\/li><li><strong>3 MIESI\u0104CE ZA 1 Z\u0141 - bez wzgl\u0119du na wyb\u00f3r pakietu<\/strong><\/li><li><strong>ROUTER Wi-Fi 6 generacji za 1 Z\u0141 - nowoczesny, dwuzakresowy router za z\u0142ot\u00f3wk\u0119 do ka\u017cdego pakietu<\/strong><\/li><\/ul>                <a href=\"https:\/\/fiber.pl\/olkusz\/kontakt\/zapytanie-o-oferte\/\" class=\"btn btn-primary\">Daj zna\u0107, kt\u00f3ry prezent wybierasz!<\/a>\n              <\/div>\n<\/div><\/div>\n<\/div>\n\n\t<\/div>\n<\/section>\n<section id=\"\" class=\"fw-main-row   \"   >\n<div class=\"chose-overlay\"><\/div>\n\t<div class=\"fw-container\">\n\t\t\n<div class=\"row\">\n\t<div class=\"col-xs-12 col-sm-12\">\n\t<a href=\"https:\/\/fiber.pl\/olkusz\/kontakt\/zapytanie-o-oferte\/\" target=\"_self\" ><img loading=\"lazy\" decoding=\"async\" src=\"https:\/\/fiber.pl\/olkusz\/wp-content\/uploads\/2024\/09\/FIBER-banery-router-mesh-2475x678.png\" alt=\"https:\/\/fiber.pl\/olkusz\/wp-content\/uploads\/2024\/09\/FIBER-banery-router-mesh-2475x678.png\" width=\"2475\" height=\"678\" \/><\/a><\/div>\n<\/div>\n\n\t<\/div>\n<\/section>\n<section id=\"\" class=\"fw-main-row   normal-bg\"   >\n<div class=\"chose-overlay\"><\/div>\n\t<div class=\"fw-container-fluid\">\n\t\t\n<div class=\"row\">\n\t<div class=\"col-xs-12 col-sm-12\">\n\t<div class=\"fw-heading fw-heading-h2 fw-heading-center\">\n\t\t<h2 class='fw-special-title'>To nie wszystko! Jako <span>klient FIBER<\/span> docenisz...<\/h2>\t<\/div>\n\t<div class=\"fw-divider-space\" style=\"padding-top: 30px;\"><\/div>\n<\/div>\n<\/div>\n\n\n<div class=\"row\">\n\t<div class=\"col-xs-12 col-sm-3 col-md-3\">\n\t<a href=\"\">\n<div class=\"flat-thumbnail\">\n      <div class=\"flat-icon-box\">\n          <div class=\"glyph-icon flaticon-smart-tv-1\"><\/div>\n      <\/div>\n      <div class=\"caption\">\n        <h3>Telewizja \u015bwiat\u0142owodowa<\/h3>\n        <p>w najlepszej cyfrowej jako\u015bci HD bez wzgl\u0119du na pogod\u0119\n<\/p>\n              <\/div>\n<\/div><\/a><\/div>\n<div class=\"col-xs-12 col-sm-3 col-md-3\">\n\t<a href=\"\">\n<div class=\"flat-thumbnail\">\n      <div class=\"flat-icon-box\">\n          <div class=\"glyph-icon flaticon-cpu-1\"><\/div>\n      <\/div>\n      <div class=\"caption\">\n        <h3>Nowoczesny sprz\u0119t<\/h3>\n        <p>m. in. dwuzakresowe routery WiFi i dekodery 4K z funkcj\u0105 nagrywania <\/p>\n              <\/div>\n<\/div><\/a><\/div>\n<div class=\"col-xs-12 col-sm-3 col-md-3\">\n\t<a href=\"\">\n<div class=\"flat-thumbnail\">\n      <div class=\"flat-icon-box\">\n          <div class=\"glyph-icon flaticon-infinite\"><\/div>\n      <\/div>\n      <div class=\"caption\">\n        <h3>Nielimitowany<\/h3>\n        <p>dost\u0119p do Internetu \u015bwiat\u0142owodowego<\/p>\n              <\/div>\n<\/div><\/a><\/div>\n<div class=\"col-xs-12 col-sm-3 col-md-3\">\n\t<a href=\"\">\n<div class=\"flat-thumbnail\">\n      <div class=\"flat-icon-box\">\n          <div class=\"glyph-icon flaticon-transfer\"><\/div>\n      <\/div>\n      <div class=\"caption\">\n        <h3>Brak ogranicze\u0144<\/h3>\n        <p>wysy\u0142ania i pobierania danych<\/p>\n              <\/div>\n<\/div><\/a><\/div>\n<\/div>\n\n\n<div class=\"row\">\n\t<div class=\"col-xs-12 col-sm-3 col-md-3\">\n\t<a href=\"\">\n<div class=\"flat-thumbnail\">\n      <div class=\"flat-icon-box\">\n          <div class=\"glyph-icon flaticon-fast-time\"><\/div>\n      <\/div>\n      <div class=\"caption\">\n        <h3>Szybk\u0105 instalacj\u0119<\/h3>\n        <p>i aktywacj\u0119 us\u0142ug od r\u0119ki<\/p>\n              <\/div>\n<\/div><\/a><\/div>\n<div class=\"col-xs-12 col-sm-3 col-md-3\">\n\t<a href=\"\">\n<div class=\"flat-thumbnail\">\n      <div class=\"flat-icon-box\">\n          <div class=\"glyph-icon flaticon-location\"><\/div>\n      <\/div>\n      <div class=\"caption\">\n        <h3>Lokalne Biura<\/h3>\n        <p>Obs\u0142ugi Klienta w Olkuszu i Wolbromiu<\/p>\n              <\/div>\n<\/div><\/a><\/div>\n<div class=\"col-xs-12 col-sm-3 col-md-3\">\n\t<a href=\"\">\n<div class=\"flat-thumbnail\">\n      <div class=\"flat-icon-box\">\n          <div class=\"glyph-icon flaticon-technology-2\"><\/div>\n      <\/div>\n      <div class=\"caption\">\n        <h3>Wsparcie<\/h3>\n        <p>techniczne na miejscu<\/p>\n              <\/div>\n<\/div><\/a><\/div>\n<div class=\"col-xs-12 col-sm-3 col-md-3\">\n\t<a href=\"\">\n<div class=\"flat-thumbnail\">\n      <div class=\"flat-icon-box\">\n          <div class=\"glyph-icon flaticon-contract\"><\/div>\n      <\/div>\n      <div class=\"caption\">\n        <h3>Fachowe<\/h3>\n        <p>doradztwo w doborze oferty<\/p>\n              <\/div>\n<\/div><\/a><\/div>\n<\/div>\n\n\t<\/div>\n<\/section>\n<section id=\"\" class=\"fw-main-row   \"   >\n<div class=\"chose-overlay\"><\/div>\n\t<div class=\"fw-container\">\n\t\t\n<div class=\"row\">\n\t<div class=\"col-xs-12 col-sm-12\">\n\t<a href=\"https:\/\/fiber.pl\/olkusz\/kontakt\/zapytanie-o-oferte\/\" target=\"_self\" ><img loading=\"lazy\" decoding=\"async\" src=\"https:\/\/fiber.pl\/olkusz\/wp-content\/uploads\/2024\/02\/FIBER-za-55-zl-belka-zadzwon-2700x222.png\" alt=\"https:\/\/fiber.pl\/olkusz\/wp-content\/uploads\/2024\/02\/FIBER-za-55-zl-belka-zadzwon-2700x222.png\" width=\"2700\" height=\"222\" \/><\/a><\/div>\n<\/div>\n\n\t<\/div>\n<\/section>\n<section id=\"\" class=\"fw-main-row   normal-bg\"   >\n<div class=\"chose-overlay\"><\/div>\n\t<div class=\"fw-container\">\n\t\t\n<div class=\"row\">\n\t<div class=\"col-xs-12 col-sm-12\">\n\t<div class=\"fw-heading fw-heading-h2 fw-heading-center\">\n\t\t<h2 class='fw-special-title'>TO NIE WSZYSTKO! Kiedy masz w domu <span>\u015aWIAT\u0141OW\u00d3D FIBER<\/span>, opr\u00f3cz internetu mo\u017cesz mie\u0107 tak\u017ce dost\u0119p do <span>TV \u015aWIAT\u0141OWODOWEJ FIBER!<span><\/h2>\t<\/div><\/div>\n<\/div>\n\n\n<div class=\"row\">\n\t<div class=\"col-xs-12 col-sm-4\">\n\t<div class=\"thumbnail\">\n      <div class=\"img-box\">\n          <img decoding=\"async\" src=\"\/\/fiber.pl\/olkusz\/wp-content\/uploads\/2023\/12\/2.png\" alt=\"Telewizja \u015bwiat\u0142owodowa\"\/>\n      <\/div>\n      <div class=\"caption\">\n        <h3>Telewizja \u015bwiat\u0142owodowa<\/h3>\n        <p>TV FIBER dostarczamy do twojego domu przy pomocy kabla \u015bwiat\u0142owodowego. Zapomnij o od\u015bnie\u017caniu anteny i zak\u0142\u00f3ceniach obrazu! TV FIBER to gwarancja najlepszej jako\u015bci obrazu cyfrowego HD! \u015anieg ma pada\u0107 za oknem, a nie w telewizorze \ud83d\ude09<\/p>\n      <\/div>\n<\/div><\/div>\n<div class=\"col-xs-12 col-sm-4\">\n\t<div class=\"thumbnail\">\n      <div class=\"img-box\">\n          <img decoding=\"async\" src=\"\/\/fiber.pl\/olkusz\/wp-content\/uploads\/2023\/12\/3.png\" alt=\"Opcja MULTIROOM\"\/>\n      <\/div>\n      <div class=\"caption\">\n        <h3>Opcja MULTIROOM<\/h3>\n        <p>Je\u015bli nie chcesz walczy\u0107 z cz\u0142onkami rodziny o pilota, zagwarantuj sobie TV FIBER na kilku telewizorach. Dzi\u0119ki opcji MULTIROOM TV ka\u017cdy b\u0119dzie m\u00f3g\u0142 ogl\u0105da\u0107 to, co lubi i kiedy lubi! Zapytaj o mo\u017cliwo\u015b\u0107 opcji multiroom w twojej lokalizacji!<\/p>\n      <\/div>\n<\/div><\/div>\n<div class=\"col-xs-12 col-sm-4\">\n\t<div class=\"thumbnail\">\n      <div class=\"img-box\">\n          <img decoding=\"async\" src=\"\/\/fiber.pl\/olkusz\/wp-content\/uploads\/2023\/12\/1.png\" alt=\"Optymalna ilo\u015b\u0107 kana\u0142\u00f3w\"\/>\n      <\/div>\n      <div class=\"caption\">\n        <h3>Optymalna ilo\u015b\u0107 kana\u0142\u00f3w<\/h3>\n        <p>Stawiamy na jako\u015b\u0107, a nie na ilo\u015b\u0107. Nasze listy kana\u0142owe s\u0105 stworzone tak, aby ka\u017cdy znalaz\u0142 to, co lubi ogl\u0105da\u0107. W odr\u00f3\u017cnieniu do wielu innych operator\u00f3w, nie zapychamy list kana\u0142owych programami w\u0105tpliwej jako\u015bci. Wybrali\u015bmy tylko te najlepsze!<\/p>\n      <\/div>\n<\/div><\/div>\n<\/div>\n\n\t<\/div>\n<\/section>\n<section id=\"\" class=\"fw-main-row   \"   >\n<div class=\"chose-overlay\"><\/div>\n\t<div class=\"fw-container\">\n\t\t\n<div class=\"row\">\n\t<div class=\"col-xs-12 col-sm-12\">\n\t<div class=\"fw-heading fw-heading-h2 \">\n\t\t<h2 class='fw-special-title'>WYBIERZ NAJWYGODNIEJSZ\u0104 <span>DLA CIEBIE<\/span> FORM\u0118 KONTAKTU Z NAMI!<\/h2>\t<\/div>\n\n\n<div class=\"special-list\"><ol><li><span>01<\/span> <em>Przyjd\u017a do jednego z naszych biur:<\/em><\/li><\/ol><blockquote><p><strong>Olkusz, Ko\u015bciuszki 20<\/strong><br \/>pon., czw. 10:00 \u2013 19:00, wt., \u015br., pt. 10:00 \u2013 16:00<\/p><\/blockquote><blockquote><p><strong>Wolbrom, Pi\u0142sudskiego 57a<\/strong><br \/>pon., \u015br., pt. 9:00 \u2013 17:00, wt., czw. 9:00 \u2013 19:00<\/p><\/blockquote><ol><li><span>02<\/span> <em>Skorzystaj z pomocy KONSULTANTA ONLINE:<\/em><\/li><\/ol><blockquote><p>Telefon: <strong>32 706 50 01<\/strong><br \/>Email: <strong>bok@interkonekt.pl<\/strong><br \/>W godzinach: <strong>9:00 \u2013 19:00<\/strong><\/p><\/blockquote><ol><li><span>03<\/span> <em>Zg\u0142o\u015b si\u0119 po ofert\u0119 korzystaj\u0105c z formularza kontaktowego<\/em><\/li><\/ol><\/div>\n\n\n\n<div class=\"formularz\"><p>\n<div class=\"wpcf7 no-js\" id=\"wpcf7-f1439-o1\" lang=\"pl-PL\" dir=\"ltr\" data-wpcf7-id=\"1439\">\n<div class=\"screen-reader-response\"><p role=\"status\" aria-live=\"polite\" aria-atomic=\"true\"><\/p> <ul><\/ul><\/div>\n<form action=\"\/olkusz\/wp-json\/wp\/v2\/pages\/2704#wpcf7-f1439-o1\" method=\"post\" class=\"wpcf7-form init\" aria-label=\"Formularz kontaktowy\" novalidate=\"novalidate\" data-status=\"init\">\n<div style=\"display: none;\">\n<input type=\"hidden\" name=\"_wpcf7\" value=\"1439\" \/>\n<input type=\"hidden\" name=\"_wpcf7_version\" value=\"6.0.6\" \/>\n<input type=\"hidden\" name=\"_wpcf7_locale\" value=\"pl_PL\" \/>\n<input type=\"hidden\" name=\"_wpcf7_unit_tag\" value=\"wpcf7-f1439-o1\" \/>\n<input type=\"hidden\" name=\"_wpcf7_container_post\" value=\"0\" \/>\n<input type=\"hidden\" name=\"_wpcf7_posted_data_hash\" value=\"\" \/>\n<input type=\"hidden\" name=\"_wpcf7cf_hidden_group_fields\" value=\"[]\" \/>\n<input type=\"hidden\" name=\"_wpcf7cf_hidden_groups\" value=\"[]\" \/>\n<input type=\"hidden\" name=\"_wpcf7cf_visible_groups\" value=\"[]\" \/>\n<input type=\"hidden\" name=\"_wpcf7cf_repeaters\" value=\"[]\" \/>\n<input type=\"hidden\" name=\"_wpcf7cf_steps\" value=\"{}\" \/>\n<input type=\"hidden\" name=\"_wpcf7cf_options\" value=\"{&quot;form_id&quot;:1439,&quot;conditions&quot;:[],&quot;settings&quot;:{&quot;animation&quot;:&quot;yes&quot;,&quot;animation_intime&quot;:200,&quot;animation_outtime&quot;:200,&quot;conditions_ui&quot;:&quot;normal&quot;,&quot;notice_dismissed&quot;:false,&quot;notice_dismissed_update-cf7-6.0.6&quot;:true}}\" \/>\n<input type=\"hidden\" name=\"_wpcf7dtx_version\" value=\"5.0.3\" \/>\n<input type=\"hidden\" name=\"_wpcf7_recaptcha_response\" value=\"\" \/>\n<\/div>\n<div class=\"form-group\">\n\t<div class=\"row\">\n\t\t<div class=\"col-xs-12 col-sm-12 col-md-6\">\n\t\t\t<p><span class=\"wpcf7-form-control-wrap\" data-name=\"your-name\"><input size=\"40\" maxlength=\"400\" class=\"wpcf7-form-control wpcf7-text wpcf7-validates-as-required\" aria-required=\"true\" aria-invalid=\"false\" placeholder=\"Imi\u0119 i Nazwisko*\" value=\"\" type=\"text\" name=\"your-name\" \/><\/span>\n\t\t\t<\/p>\n\t\t<\/div>\n\t\t<div class=\"col-xs-12 col-sm-12 col-md-6\">\n\t\t\t<p><span class=\"wpcf7-form-control-wrap\" data-name=\"your-ulica\"><input size=\"40\" maxlength=\"400\" class=\"wpcf7-form-control wpcf7-text wpcf7-validates-as-required\" aria-required=\"true\" aria-invalid=\"false\" placeholder=\"Ulica*\" value=\"\" type=\"text\" name=\"your-ulica\" \/><\/span>\n\t\t\t<\/p>\n\t\t<\/div>\n\t\t<div class=\"col-xs-12 col-sm-12 col-md-6\">\n\t\t\t<p><span class=\"wpcf7-form-control-wrap\" data-name=\"your-miasto\"><input size=\"40\" maxlength=\"400\" class=\"wpcf7-form-control wpcf7-text wpcf7-validates-as-required\" aria-required=\"true\" aria-invalid=\"false\" placeholder=\"Miasto*\" value=\"\" type=\"text\" name=\"your-miasto\" \/><\/span>\n\t\t\t<\/p>\n\t\t<\/div>\n\t\t<div class=\"col-xs-12 col-sm-12 col-md-6\">\n\t\t\t<p><span class=\"wpcf7-form-control-wrap\" data-name=\"your-phone\"><input size=\"40\" maxlength=\"400\" class=\"wpcf7-form-control wpcf7-tel wpcf7-validates-as-required wpcf7-text wpcf7-validates-as-tel\" aria-required=\"true\" aria-invalid=\"false\" placeholder=\"Numer Telefonu*\" value=\"\" type=\"tel\" name=\"your-phone\" \/><\/span>\n\t\t\t<\/p>\n\t\t<\/div>\n\t\t<div class=\"col-xs-12 col-sm-12 col-md-6\">\n\t\t\t<p><span class=\"wpcf7-form-control-wrap\" data-name=\"your-email\"><input size=\"40\" maxlength=\"400\" class=\"wpcf7-form-control wpcf7-email wpcf7-validates-as-required wpcf7-text wpcf7-validates-as-email\" aria-required=\"true\" aria-invalid=\"false\" placeholder=\"Email*\" value=\"\" type=\"email\" name=\"your-email\" \/><\/span>\n\t\t\t<\/p>\n\t\t<\/div>\n\t<\/div>\n<\/div>\n<p><span class=\"wpcf7-form-control-wrap\" data-name=\"zgoda-rodo\"><span class=\"wpcf7-form-control wpcf7-acceptance\"><span class=\"wpcf7-list-item\"><label><input type=\"checkbox\" name=\"zgoda-rodo\" value=\"1\" aria-invalid=\"false\" \/><span class=\"wpcf7-list-item-label\">Zapozna\u0142am\/Zapozna\u0142em si\u0119 z i akceptuj\u0119 tre\u015b\u0107 klauzuli informacyjnej dotycz\u0105cej przetwarzania moich danych osobowych przez INTERKONEKT Sp. z o.o. zamieszczonej na stronie internetowej www.fiber.pl\/olkusz.<\/span><\/label><\/span><\/span><\/span>\n<\/p>\n<p><span class=\"wpcf7-form-control-wrap\" data-name=\"zgoda-dane\"><span class=\"wpcf7-form-control wpcf7-acceptance\"><span class=\"wpcf7-list-item\"><label><input type=\"checkbox\" name=\"zgoda-dane\" value=\"1\" aria-invalid=\"false\" \/><span class=\"wpcf7-list-item-label\">Wyra\u017cam zgod\u0119 na przetwarzanie moich danych osobowych przez Administratora, w celu udzielenia odpowiedzi na zapytanie. Moje dane osobowe b\u0119d\u0105 przetwarzane przez okres 6 miesi\u0119cy od dnia skierowania zapytania.<\/span><\/label><\/span><\/span><\/span>\n<\/p>\n<p><span class=\"wpcf7-form-control-wrap\" data-name=\"zgoda-marketing\"><span class=\"wpcf7-form-control wpcf7-acceptance optional\"><span class=\"wpcf7-list-item\"><label><input type=\"checkbox\" name=\"zgoda-marketing\" value=\"1\" aria-invalid=\"false\" \/><span class=\"wpcf7-list-item-label\">Wyra\u017cam zgod\u0119 na otrzymywanie od Administratora drog\u0105 elektroniczn\u0105 na wskazany przeze mnie adres e-mail oraz numer telefonu informacji handlowych oraz na przekazywanie mi tre\u015bci dotycz\u0105cych produkt\u00f3w i us\u0142ug oferowanych przez Administratora (marketing bezpo\u015bredni), przy u\u017cyciu telekomunikacyjnych urz\u0105dze\u0144 ko\u0144cowych oraz automatycznych system\u00f3w wywo\u0142uj\u0105cych,  w tym przy u\u017cyciu poczty e-mail, wiadomo\u015bci tekstowych SMS lub MMS a\u017c do momentu odwo\u0142ania zgody, nie d\u0142u\u017cej jednak ni\u017c przez okres dw\u00f3ch lat od dnia skierowania zapytania.<\/span><\/label><\/span><\/span><\/span>\n<\/p>\n<div class=\"form-group\">\n\t<div class=\"row\">\n\t\t<div class=\"col-xs-12\">\n\t\t\t<p><input class=\"wpcf7-form-control wpcf7-submit has-spinner\" type=\"submit\" value=\"Wy\u015blij Zg\u0142oszenie\" \/>\n\t\t\t<\/p>\n\t\t<\/div>\n\t<\/div>\n<\/div><div class=\"wpcf7-response-output\" aria-hidden=\"true\"><\/div>\n<\/form>\n<\/div>\n<\/p><p><em>*Oferta ograniczona czasowo i terytorialnie oraz dotyczy wy\u0142\u0105cznie nowych klient\u00f3w FIBER, kt\u00f3rzy podpisz\u0105 umow\u0119 na us\u0142ugi \u015bwiat\u0142owodowe w dniach 30.09.-8.11. 2024 r. O szczeg\u00f3\u0142y oferty pytaj naszych konsultant\u00f3w.<\/em><\/p><\/div>\n<\/div>\n<\/div>\n\n\t<\/div>\n<\/section>\n<section id=\"\" class=\"fw-main-row   \"   >\n<div class=\"chose-overlay\"><\/div>\n\t<div class=\"fw-container\">\n\t\t\n<div class=\"row\">\n\t<div class=\"col-xs-12 col-sm-12\">\n\t<\/div>\n<\/div>\n\n\t<\/div>\n<\/section>\n<\/p>\n","protected":false},"excerpt":{"rendered":"<p>Od nas zawsze dostajesz wi\u0119cej!Do\u0142\u0105cz do ultra nowoczesnej sieci \u015bwiat\u0142owodowej\u00a0 FIBER! i wybierz prezent najlepszy dla [&#8230;] <\/p>\n<div class=\"read-mode-box\"><a class=\"btn btn-default read-more\" href=\"https:\/\/fiber.pl\/olkusz\/wybierz-swiatlowod\/\">Czytaj wi\u0119cej<\/a><\/div>\n","protected":false},"author":5,"featured_media":2731,"parent":0,"menu_order":0,"comment_status":"closed","ping_status":"closed","template":"page-landing.php","meta":{"om_disable_all_campaigns":false,"_monsterinsights_skip_tracking":false,"_monsterinsights_sitenote_active":false,"_monsterinsights_sitenote_note":"","_monsterinsights_sitenote_category":0,"footnotes":""},"class_list":["post-2704","page","type-page","status-publish","has-post-thumbnail","hentry"],"_links":{"self":[{"href":"https:\/\/fiber.pl\/olkusz\/wp-json\/wp\/v2\/pages\/2704","targetHints":{"allow":["GET"]}}],"collection":[{"href":"https:\/\/fiber.pl\/olkusz\/wp-json\/wp\/v2\/pages"}],"about":[{"href":"https:\/\/fiber.pl\/olkusz\/wp-json\/wp\/v2\/types\/page"}],"author":[{"embeddable":true,"href":"https:\/\/fiber.pl\/olkusz\/wp-json\/wp\/v2\/users\/5"}],"replies":[{"embeddable":true,"href":"https:\/\/fiber.pl\/olkusz\/wp-json\/wp\/v2\/comments?post=2704"}],"version-history":[{"count":32,"href":"https:\/\/fiber.pl\/olkusz\/wp-json\/wp\/v2\/pages\/2704\/revisions"}],"predecessor-version":[{"id":2895,"href":"https:\/\/fiber.pl\/olkusz\/wp-json\/wp\/v2\/pages\/2704\/revisions\/2895"}],"wp:featuredmedia":[{"embeddable":true,"href":"https:\/\/fiber.pl\/olkusz\/wp-json\/wp\/v2\/media\/2731"}],"wp:attachment":[{"href":"https:\/\/fiber.pl\/olkusz\/wp-json\/wp\/v2\/media?parent=2704"}],"curies":[{"name":"wp","href":"https:\/\/api.w.org\/{rel}","templated":true}]}}