{"id":2773,"date":"2024-10-08T14:54:14","date_gmt":"2024-10-08T14:54:14","guid":{"rendered":"https:\/\/fiber.pl\/olkusz\/?page_id=2773"},"modified":"2025-01-29T08:46:15","modified_gmt":"2025-01-29T08:46:15","slug":"oszczedzanie-za-polecanie","status":"publish","type":"page","link":"https:\/\/fiber.pl\/olkusz\/oszczedzanie-za-polecanie\/","title":{"rendered":"Oszcz\u0119dzanie za polecanie! Miesi\u0105c bez rachunk\u00f3w dla Ciebie i s\u0105siada"},"content":{"rendered":"<p><section id=\"landing-hero\" class=\"fw-main-row   normal-bg\"   >\n<div class=\"chose-overlay\"><\/div>\n\t<div class=\"fw-container-fluid\">\n\t\t\n<div class=\"row\">\n\t<div class=\"col-xs-12 col-sm-12\">\n\t<a href=\"https:\/\/fiber.pl\/olkusz\/kontakt\/zapytanie-o-oferte\/\" target=\"_blank\" >\n<div class=\"jumbotron text-left\" style=\"background-image: url(\/\/fiber.pl\/olkusz\/wp-content\/uploads\/2024\/10\/FIBER-baner-promocja-sasiedzka-mini-1.png)\">     \n<\/div>\n<\/a>\n<\/div>\n<\/div>\n\n\t<\/div>\n<\/section>\n<section id=\"\" class=\"fw-main-row   normal-bg\" style=\"background-color:#efefef;\"  >\n<div class=\"chose-overlay\"><\/div>\n\t<div class=\"fw-container\">\n\t\t\n<div class=\"row\">\n\t<div class=\"col-xs-12 col-sm-12\">\n\t\n\n\n<div class=\" \"><h1 style=\"text-align: center;\">Od ponad 20 lat \u0142\u0105czymy ludzi z pr\u0119dko\u015bci\u0105 \u015bwiat\u0142a\u00a0 - szczeg\u00f3lnie tych sobie bliskich!<\/h1><h1 style=\"text-align: center;\"><strong>Pole\u0107 <span>INTERNET \u015aWIAT\u0141OWODOWY FIBER <\/span>swojemu s\u0105siadowi lub innej osobie, kt\u00f3ra jest dla Ciebie wa\u017cna. Zyskacie na tym oboje po miesi\u0105cu us\u0142ug za 1 z\u0142!<br \/><\/strong><\/h1><h2 style=\"text-align: center;\">Dzi\u0119ki Tobie kolejna osoba do\u0142\u0105czy do \u015bwiata technologii, inteligentnych rozwi\u0105za\u0144 i komunikacji bez limit\u00f3w!<\/h2><\/div>\n<\/div>\n<\/div>\n\n\t<\/div>\n<\/section>\n<section id=\"\" class=\"fw-main-row   \"   >\n<div class=\"chose-overlay\"><\/div>\n\t<div class=\"fw-container\">\n\t\t\n<div class=\"row\">\n\t<div class=\"col-xs-12 col-sm-12\">\n\t\n\n\n<div class=\" \"><div class=\"oferta-specjalna\"><h1 style=\"text-align: center;\">Dzi\u0119ki <strong>PROGRAMOWI POLECE\u0143 \"DOBRY ZNAJOMY\"<br \/><\/strong><\/h1><h1 style=\"text-align: center;\">Ty i Tw\u00f3j s\u0105siad lub inna bliska Ci osoba otrzymacie od nas <strong><\/strong><strong> <\/strong>miesi\u0105c us\u0142ug \u015bwiat\u0142owodowych za <strong>1 z\u0142 !<br \/><\/strong><\/h1><\/div><div class=\"offer-gratis\"><h1 style=\"text-align: center;\">Co trzeba zrobi\u0107, aby wzi\u0105\u0107 udzia\u0142 w <strong>PROGRAMIE POLECE\u0143 \"DOBRY ZNAJOMY\"?<\/strong><\/h1><p><span style=\"font-size: 18pt;\"><strong>To bardzo proste - jak wszystko w FIBER.<\/strong><\/span><\/p><ul><li style=\"text-align: left;\"><strong><span style=\"font-size: 14pt;\">pole\u0107 us\u0142ugi FIBER Twojemu s\u0105siadowi lub innej bliskiej Ci osobie,<\/span><\/strong><\/li><li style=\"text-align: left;\"><strong><span style=\"font-size: 14pt;\">przeka\u017c mu, aby przy podpisywaniu umowy na dostaw\u0119 internetu lub telewizji poda\u0142 Twoje imi\u0119 i nazwisko,<\/span><\/strong><\/li><li style=\"text-align: left;\"><strong><span style=\"font-size: 14pt;\">nasi pracownicy zrobi\u0105 reszt\u0119, <\/span><\/strong><\/li><li style=\"text-align: left;\"><strong><span style=\"font-size: 14pt;\">a wy oboje b\u0119dziecie przez miesi\u0105c korzysta\u0107 z internetu \u015bwiat\u0142owodowego za 1 z\u0142!<\/span><\/strong><\/li><\/ul><p><span style=\"font-size: 18pt;\"><strong>UWAGA! Z PROGRAMU POLECE\u0143 \"DOBRY ZNAJOMY\" mo\u017cesz korzysta\u0107 wiele razy, polecaj\u0105c nas jeszcze wi\u0119kszej liczbie znajomych<\/strong><\/span><span style=\"font-size: 18pt;\">!<\/span><\/p><ul><\/ul><\/div><\/div>\n<\/div>\n<\/div>\n\n\t<\/div>\n<\/section>\n<section id=\"\" class=\"fw-main-row   normal-bg\"   >\n<div class=\"chose-overlay\"><\/div>\n\t<div class=\"fw-container-fluid\">\n\t\t\n<div class=\"row\">\n\t<div class=\"col-xs-12 col-sm-12\">\n\t<div class=\"fw-heading fw-heading-h2 fw-heading-center\">\n\t\t<h2 class='fw-special-title'>Dlaczego Tw\u00f3j s\u0105siad doceni \u015bwiat\u0142ow\u00f3d <span>FIBER<\/span>!<\/h2>\t<\/div>\n\t<div class=\"fw-divider-space\" style=\"padding-top: 30px;\"><\/div>\n<\/div>\n<\/div>\n\n\n<div class=\"row\">\n\t<div class=\"col-xs-12 col-sm-3 col-md-3\">\n\t<a href=\"\">\n<div class=\"flat-thumbnail\">\n      <div class=\"flat-icon-box\">\n          <div class=\"glyph-icon flaticon-smart-tv-1\"><\/div>\n      <\/div>\n      <div class=\"caption\">\n        <h3>Telewizja \u015bwiat\u0142owodowa<\/h3>\n        <p>w najlepszej cyfrowej jako\u015bci HD bez wzgl\u0119du na pogod\u0119\n<\/p>\n              <\/div>\n<\/div><\/a><\/div>\n<div class=\"col-xs-12 col-sm-3 col-md-3\">\n\t<a href=\"\">\n<div class=\"flat-thumbnail\">\n      <div class=\"flat-icon-box\">\n          <div class=\"glyph-icon flaticon-cpu-1\"><\/div>\n      <\/div>\n      <div class=\"caption\">\n        <h3>Nowoczesny sprz\u0119t<\/h3>\n        <p>m. in. dwuzakresowe routery WiFi i dekodery 4K z funkcj\u0105 nagrywania <\/p>\n              <\/div>\n<\/div><\/a><\/div>\n<div class=\"col-xs-12 col-sm-3 col-md-3\">\n\t<a href=\"\">\n<div class=\"flat-thumbnail\">\n      <div class=\"flat-icon-box\">\n          <div class=\"glyph-icon flaticon-infinite\"><\/div>\n      <\/div>\n      <div class=\"caption\">\n        <h3>Nielimitowany<\/h3>\n        <p>dost\u0119p do Internetu \u015bwiat\u0142owodowego<\/p>\n              <\/div>\n<\/div><\/a><\/div>\n<div class=\"col-xs-12 col-sm-3 col-md-3\">\n\t<a href=\"\">\n<div class=\"flat-thumbnail\">\n      <div class=\"flat-icon-box\">\n          <div class=\"glyph-icon flaticon-transfer\"><\/div>\n      <\/div>\n      <div class=\"caption\">\n        <h3>Brak ogranicze\u0144<\/h3>\n        <p>wysy\u0142ania i pobierania danych<\/p>\n              <\/div>\n<\/div><\/a><\/div>\n<\/div>\n\n\n<div class=\"row\">\n\t<div class=\"col-xs-12 col-sm-3 col-md-3\">\n\t<a href=\"\">\n<div class=\"flat-thumbnail\">\n      <div class=\"flat-icon-box\">\n          <div class=\"glyph-icon flaticon-fast-time\"><\/div>\n      <\/div>\n      <div class=\"caption\">\n        <h3>Szybka instalacja<\/h3>\n        <p>i aktywacja us\u0142ug od r\u0119ki<\/p>\n              <\/div>\n<\/div><\/a><\/div>\n<div class=\"col-xs-12 col-sm-3 col-md-3\">\n\t<a href=\"\">\n<div class=\"flat-thumbnail\">\n      <div class=\"flat-icon-box\">\n          <div class=\"glyph-icon flaticon-location\"><\/div>\n      <\/div>\n      <div class=\"caption\">\n        <h3>Lokalne Biura<\/h3>\n        <p>Obs\u0142ugi Klienta w Olkuszu i Wolbromiu<\/p>\n              <\/div>\n<\/div><\/a><\/div>\n<div class=\"col-xs-12 col-sm-3 col-md-3\">\n\t<a href=\"\">\n<div class=\"flat-thumbnail\">\n      <div class=\"flat-icon-box\">\n          <div class=\"glyph-icon flaticon-technology-2\"><\/div>\n      <\/div>\n      <div class=\"caption\">\n        <h3>Wsparcie<\/h3>\n        <p>techniczne na miejscu<\/p>\n              <\/div>\n<\/div><\/a><\/div>\n<div class=\"col-xs-12 col-sm-3 col-md-3\">\n\t<a href=\"\">\n<div class=\"flat-thumbnail\">\n      <div class=\"flat-icon-box\">\n          <div class=\"glyph-icon flaticon-contract\"><\/div>\n      <\/div>\n      <div class=\"caption\">\n        <h3>Fachowe<\/h3>\n        <p>doradztwo w doborze oferty<\/p>\n              <\/div>\n<\/div><\/a><\/div>\n<\/div>\n\n\t<\/div>\n<\/section>\n<section id=\"\" class=\"fw-main-row   \"   >\n<div class=\"chose-overlay\"><\/div>\n\t<div class=\"fw-container\">\n\t\t\n<div class=\"row\">\n\t<div class=\"col-xs-12 col-sm-12\">\n\t<div class=\"fw-heading fw-heading-h2 \">\n\t\t<h2 class='fw-special-title'>WYBIERZCIE NAJWYGODNIEJSZ\u0104 <span>DLA WAS<\/span> FORM\u0118 KONTAKTU Z NAMI!<\/h2>\t<\/div>\n\n\n<div class=\"special-list\"><ol><li><span>01<\/span> <em>Przyjd\u017a do jednego z naszych biur:<\/em><\/li><\/ol><blockquote><p><strong>Olkusz, Ko\u015bciuszki 20<\/strong><br \/>pon., czw. 10:00 \u2013 19:00, wt., \u015br., pt. 10:00 \u2013 16:00<\/p><\/blockquote><blockquote><p><strong>Wolbrom, Pi\u0142sudskiego 57a<\/strong><br \/>pon. - pt. 8:30 \u2013 16:30<\/p><\/blockquote><ol><li><span>02<\/span> <em>Skorzystaj z pomocy KONSULTANTA ONLINE:<\/em><\/li><\/ol><blockquote><p>Telefon: <strong>32 706 50 01<\/strong><br \/>Email: <strong>bok@interkonekt.pl<\/strong><br \/>W godzinach: <strong>9:00 \u2013 19:00<\/strong><\/p><\/blockquote><ol><li><span>03<\/span> <em>Zg\u0142o\u015b si\u0119 po ofert\u0119 korzystaj\u0105c z formularza kontaktowego<\/em><\/li><\/ol><\/div>\n\n\n\n<div class=\"formularz\"><p>\n<div class=\"wpcf7 no-js\" id=\"wpcf7-f1439-o1\" lang=\"pl-PL\" dir=\"ltr\" data-wpcf7-id=\"1439\">\n<div class=\"screen-reader-response\"><p role=\"status\" aria-live=\"polite\" aria-atomic=\"true\"><\/p> <ul><\/ul><\/div>\n<form action=\"\/olkusz\/wp-json\/wp\/v2\/pages\/2773#wpcf7-f1439-o1\" method=\"post\" class=\"wpcf7-form init\" aria-label=\"Formularz kontaktowy\" novalidate=\"novalidate\" data-status=\"init\">\n<div style=\"display: none;\">\n<input type=\"hidden\" name=\"_wpcf7\" value=\"1439\" \/>\n<input type=\"hidden\" name=\"_wpcf7_version\" value=\"6.0.6\" \/>\n<input type=\"hidden\" name=\"_wpcf7_locale\" value=\"pl_PL\" \/>\n<input type=\"hidden\" name=\"_wpcf7_unit_tag\" value=\"wpcf7-f1439-o1\" \/>\n<input type=\"hidden\" name=\"_wpcf7_container_post\" value=\"0\" \/>\n<input type=\"hidden\" name=\"_wpcf7_posted_data_hash\" value=\"\" \/>\n<input type=\"hidden\" name=\"_wpcf7cf_hidden_group_fields\" value=\"[]\" \/>\n<input type=\"hidden\" name=\"_wpcf7cf_hidden_groups\" value=\"[]\" \/>\n<input type=\"hidden\" name=\"_wpcf7cf_visible_groups\" value=\"[]\" \/>\n<input type=\"hidden\" name=\"_wpcf7cf_repeaters\" value=\"[]\" \/>\n<input type=\"hidden\" name=\"_wpcf7cf_steps\" value=\"{}\" \/>\n<input type=\"hidden\" name=\"_wpcf7cf_options\" value=\"{&quot;form_id&quot;:1439,&quot;conditions&quot;:[],&quot;settings&quot;:{&quot;animation&quot;:&quot;yes&quot;,&quot;animation_intime&quot;:200,&quot;animation_outtime&quot;:200,&quot;conditions_ui&quot;:&quot;normal&quot;,&quot;notice_dismissed&quot;:false,&quot;notice_dismissed_update-cf7-6.0.6&quot;:true}}\" \/>\n<input type=\"hidden\" name=\"_wpcf7dtx_version\" value=\"5.0.3\" \/>\n<input type=\"hidden\" name=\"_wpcf7_recaptcha_response\" value=\"\" \/>\n<\/div>\n<div class=\"form-group\">\n\t<div class=\"row\">\n\t\t<div class=\"col-xs-12 col-sm-12 col-md-6\">\n\t\t\t<p><span class=\"wpcf7-form-control-wrap\" data-name=\"your-name\"><input size=\"40\" maxlength=\"400\" class=\"wpcf7-form-control wpcf7-text wpcf7-validates-as-required\" aria-required=\"true\" aria-invalid=\"false\" placeholder=\"Imi\u0119 i Nazwisko*\" value=\"\" type=\"text\" name=\"your-name\" \/><\/span>\n\t\t\t<\/p>\n\t\t<\/div>\n\t\t<div class=\"col-xs-12 col-sm-12 col-md-6\">\n\t\t\t<p><span class=\"wpcf7-form-control-wrap\" data-name=\"your-ulica\"><input size=\"40\" maxlength=\"400\" class=\"wpcf7-form-control wpcf7-text wpcf7-validates-as-required\" aria-required=\"true\" aria-invalid=\"false\" placeholder=\"Ulica*\" value=\"\" type=\"text\" name=\"your-ulica\" \/><\/span>\n\t\t\t<\/p>\n\t\t<\/div>\n\t\t<div class=\"col-xs-12 col-sm-12 col-md-6\">\n\t\t\t<p><span class=\"wpcf7-form-control-wrap\" data-name=\"your-miasto\"><input size=\"40\" maxlength=\"400\" class=\"wpcf7-form-control wpcf7-text wpcf7-validates-as-required\" aria-required=\"true\" aria-invalid=\"false\" placeholder=\"Miasto*\" value=\"\" type=\"text\" name=\"your-miasto\" \/><\/span>\n\t\t\t<\/p>\n\t\t<\/div>\n\t\t<div class=\"col-xs-12 col-sm-12 col-md-6\">\n\t\t\t<p><span class=\"wpcf7-form-control-wrap\" data-name=\"your-phone\"><input size=\"40\" maxlength=\"400\" class=\"wpcf7-form-control wpcf7-tel wpcf7-validates-as-required wpcf7-text wpcf7-validates-as-tel\" aria-required=\"true\" aria-invalid=\"false\" placeholder=\"Numer Telefonu*\" value=\"\" type=\"tel\" name=\"your-phone\" \/><\/span>\n\t\t\t<\/p>\n\t\t<\/div>\n\t\t<div class=\"col-xs-12 col-sm-12 col-md-6\">\n\t\t\t<p><span class=\"wpcf7-form-control-wrap\" data-name=\"your-email\"><input size=\"40\" maxlength=\"400\" class=\"wpcf7-form-control wpcf7-email wpcf7-validates-as-required wpcf7-text wpcf7-validates-as-email\" aria-required=\"true\" aria-invalid=\"false\" placeholder=\"Email*\" value=\"\" type=\"email\" name=\"your-email\" \/><\/span>\n\t\t\t<\/p>\n\t\t<\/div>\n\t<\/div>\n<\/div>\n<p><span class=\"wpcf7-form-control-wrap\" data-name=\"zgoda-rodo\"><span class=\"wpcf7-form-control wpcf7-acceptance\"><span class=\"wpcf7-list-item\"><label><input type=\"checkbox\" name=\"zgoda-rodo\" value=\"1\" aria-invalid=\"false\" \/><span class=\"wpcf7-list-item-label\">Zapozna\u0142am\/Zapozna\u0142em si\u0119 z i akceptuj\u0119 tre\u015b\u0107 klauzuli informacyjnej dotycz\u0105cej przetwarzania moich danych osobowych przez INTERKONEKT Sp. z o.o. zamieszczonej na stronie internetowej www.fiber.pl\/olkusz.<\/span><\/label><\/span><\/span><\/span>\n<\/p>\n<p><span class=\"wpcf7-form-control-wrap\" data-name=\"zgoda-dane\"><span class=\"wpcf7-form-control wpcf7-acceptance\"><span class=\"wpcf7-list-item\"><label><input type=\"checkbox\" name=\"zgoda-dane\" value=\"1\" aria-invalid=\"false\" \/><span class=\"wpcf7-list-item-label\">Wyra\u017cam zgod\u0119 na przetwarzanie moich danych osobowych przez Administratora, w celu udzielenia odpowiedzi na zapytanie. Moje dane osobowe b\u0119d\u0105 przetwarzane przez okres 6 miesi\u0119cy od dnia skierowania zapytania.<\/span><\/label><\/span><\/span><\/span>\n<\/p>\n<p><span class=\"wpcf7-form-control-wrap\" data-name=\"zgoda-marketing\"><span class=\"wpcf7-form-control wpcf7-acceptance optional\"><span class=\"wpcf7-list-item\"><label><input type=\"checkbox\" name=\"zgoda-marketing\" value=\"1\" aria-invalid=\"false\" \/><span class=\"wpcf7-list-item-label\">Wyra\u017cam zgod\u0119 na otrzymywanie od Administratora drog\u0105 elektroniczn\u0105 na wskazany przeze mnie adres e-mail oraz numer telefonu informacji handlowych oraz na przekazywanie mi tre\u015bci dotycz\u0105cych produkt\u00f3w i us\u0142ug oferowanych przez Administratora (marketing bezpo\u015bredni), przy u\u017cyciu telekomunikacyjnych urz\u0105dze\u0144 ko\u0144cowych oraz automatycznych system\u00f3w wywo\u0142uj\u0105cych,  w tym przy u\u017cyciu poczty e-mail, wiadomo\u015bci tekstowych SMS lub MMS a\u017c do momentu odwo\u0142ania zgody, nie d\u0142u\u017cej jednak ni\u017c przez okres dw\u00f3ch lat od dnia skierowania zapytania.<\/span><\/label><\/span><\/span><\/span>\n<\/p>\n<div class=\"form-group\">\n\t<div class=\"row\">\n\t\t<div class=\"col-xs-12\">\n\t\t\t<p><input class=\"wpcf7-form-control wpcf7-submit has-spinner\" type=\"submit\" value=\"Wy\u015blij Zg\u0142oszenie\" \/>\n\t\t\t<\/p>\n\t\t<\/div>\n\t<\/div>\n<\/div><div class=\"wpcf7-response-output\" aria-hidden=\"true\"><\/div>\n<\/form>\n<\/div>\n<\/p><p>&nbsp;<\/p><\/div>\n<\/div>\n<\/div>\n\n\t<\/div>\n<\/section>\n<section id=\"\" class=\"fw-main-row   \"   >\n<div class=\"chose-overlay\"><\/div>\n\t<div class=\"fw-container\">\n\t\t\n<div class=\"row\">\n\t<div class=\"col-xs-12 col-sm-12\">\n\t<\/div>\n<\/div>\n\n\t<\/div>\n<\/section>\n<\/p>\n","protected":false},"excerpt":{"rendered":"<p>Od ponad 20 lat \u0142\u0105czymy ludzi z pr\u0119dko\u015bci\u0105 \u015bwiat\u0142a\u00a0 &#8211; szczeg\u00f3lnie tych sobie bliskich!Pole\u0107 INTERNET \u015aWIAT\u0141OWODOWY [&#8230;] <\/p>\n<div class=\"read-mode-box\"><a class=\"btn btn-default read-more\" href=\"https:\/\/fiber.pl\/olkusz\/oszczedzanie-za-polecanie\/\">Czytaj wi\u0119cej<\/a><\/div>\n","protected":false},"author":5,"featured_media":2825,"parent":0,"menu_order":0,"comment_status":"closed","ping_status":"closed","template":"page-landing.php","meta":{"om_disable_all_campaigns":false,"_monsterinsights_skip_tracking":false,"_monsterinsights_sitenote_active":false,"_monsterinsights_sitenote_note":"","_monsterinsights_sitenote_category":0,"footnotes":""},"class_list":["post-2773","page","type-page","status-publish","has-post-thumbnail","hentry"],"_links":{"self":[{"href":"https:\/\/fiber.pl\/olkusz\/wp-json\/wp\/v2\/pages\/2773","targetHints":{"allow":["GET"]}}],"collection":[{"href":"https:\/\/fiber.pl\/olkusz\/wp-json\/wp\/v2\/pages"}],"about":[{"href":"https:\/\/fiber.pl\/olkusz\/wp-json\/wp\/v2\/types\/page"}],"author":[{"embeddable":true,"href":"https:\/\/fiber.pl\/olkusz\/wp-json\/wp\/v2\/users\/5"}],"replies":[{"embeddable":true,"href":"https:\/\/fiber.pl\/olkusz\/wp-json\/wp\/v2\/comments?post=2773"}],"version-history":[{"count":54,"href":"https:\/\/fiber.pl\/olkusz\/wp-json\/wp\/v2\/pages\/2773\/revisions"}],"predecessor-version":[{"id":2828,"href":"https:\/\/fiber.pl\/olkusz\/wp-json\/wp\/v2\/pages\/2773\/revisions\/2828"}],"wp:featuredmedia":[{"embeddable":true,"href":"https:\/\/fiber.pl\/olkusz\/wp-json\/wp\/v2\/media\/2825"}],"wp:attachment":[{"href":"https:\/\/fiber.pl\/olkusz\/wp-json\/wp\/v2\/media?parent=2773"}],"curies":[{"name":"wp","href":"https:\/\/api.w.org\/{rel}","templated":true}]}}