{"id":3087,"date":"2025-01-20T12:08:11","date_gmt":"2025-01-20T12:08:11","guid":{"rendered":"https:\/\/fiber.pl\/olkusz\/?page_id=3087"},"modified":"2025-01-20T12:22:30","modified_gmt":"2025-01-20T12:22:30","slug":"canal_plus_w_fiber","status":"publish","type":"page","link":"https:\/\/fiber.pl\/olkusz\/canal_plus_w_fiber\/","title":{"rendered":"CANAL+ w Telewizji \u015awiat\u0142owodowej FIBER"},"content":{"rendered":"<p><section id=\"\" class=\"fw-main-row   \"   >\n<div class=\"chose-overlay\"><\/div>\n\t<div class=\"fw-container\">\n\t\t\n<div class=\"row\">\n\t<div class=\"col-xs-12 col-sm-12\">\n\t<a href=\"https:\/\/fiber.pl\/olkusz\/kontakt\/zapytanie-o-oferte\/\" target=\"_self\" >\n<div class=\"jumbotron text-left\" style=\"background-image: url(\/\/fiber.pl\/olkusz\/wp-content\/uploads\/2025\/01\/FIBER-Canal-plus-banery-na-strone-glowna.png)\">     \n<\/div>\n<\/a>\n<\/div>\n<\/div>\n\n\t<\/div>\n<\/section>\n<section id=\"\" class=\"fw-main-row   \"   >\n<div class=\"chose-overlay\"><\/div>\n\t<div class=\"fw-container\">\n\t\t\n<div class=\"row\">\n\t<div class=\"col-xs-12 col-sm-12\">\n\t<div class=\"fw-heading fw-heading-h1 fw-heading-center\">\n\t\t<h1 class='fw-special-title'>PAKIET CANAL+ w technologii \u015bwiat\u0142owodowej<\/h1>\t\t\t<div class=\"fw-special-subtitle\">ju\u017c teraz w ofercie <strong>FIBER<\/strong><\/div>\n\t<\/div><\/div>\n<\/div>\n\n\n<div class=\"row\">\n\t<div class=\"col-xs-12 col-sm-6\">\n\t\n\n\n\n    <div class=\"hover-box hover-box-pakiety\" style=\"background-color:#020000;\">\n        <div class=\"hover-box-caption-pakiety\" >\n           <div class=\"hover-box-caption-text\">\n               <h3>CANAL+ SERIALE I FILMY<\/h3>\n               <ul><li>6 kana\u0142\u00f3w<\/li><li>wszystkie w jako\u015bci HD<\/li><\/ul><p><img loading=\"lazy\" decoding=\"async\" src=\"https:\/\/fiber.pl\/olkusz\/wp-content\/uploads\/2024\/11\/2-300x157.png\" alt=\"\" width=\"409\" height=\"214\" class=\"alignnone wp-image-2886\" srcset=\"https:\/\/fiber.pl\/olkusz\/wp-content\/uploads\/2024\/11\/2-300x157.png 300w, https:\/\/fiber.pl\/olkusz\/wp-content\/uploads\/2024\/11\/2-1024x536.png 1024w, https:\/\/fiber.pl\/olkusz\/wp-content\/uploads\/2024\/11\/2-768x402.png 768w, https:\/\/fiber.pl\/olkusz\/wp-content\/uploads\/2024\/11\/2.png 1500w\" sizes=\"auto, (max-width: 409px) 100vw, 409px\" \/><\/p>               <h5>Abonament ju\u017c od:<\/h5>\n               <h4>25 z\u0142<\/h4>\n           <\/div>\n            <a data-toggle=\"modal\" data-target=\".bs-example-modal-sm\" href=\"\" class=\"btn btn-primary btn-pakiety\">Wybieram<\/a>\n        <\/div> \n    <\/div>\n\n\n<\/div>\n<div class=\"col-xs-12 col-sm-6\">\n\t\n\n\n\n    <div class=\"hover-box hover-box-pakiety\" style=\"background-color:#020000;\">\n        <div class=\"hover-box-caption-pakiety\" >\n           <div class=\"hover-box-caption-text\">\n               <h3>CANAL+ SUPER SPORT<\/h3>\n               <ul><li>18 kana\u0142\u00f3w<\/li><li>wszystkie w jako\u015bci HD<\/li><\/ul><p><img loading=\"lazy\" decoding=\"async\" src=\"https:\/\/fiber.pl\/olkusz\/wp-content\/uploads\/2024\/11\/1-300x157.png\" alt=\"\" width=\"399\" height=\"209\" class=\"alignnone wp-image-2885\" srcset=\"https:\/\/fiber.pl\/olkusz\/wp-content\/uploads\/2024\/11\/1-300x157.png 300w, https:\/\/fiber.pl\/olkusz\/wp-content\/uploads\/2024\/11\/1-1024x536.png 1024w, https:\/\/fiber.pl\/olkusz\/wp-content\/uploads\/2024\/11\/1-768x402.png 768w, https:\/\/fiber.pl\/olkusz\/wp-content\/uploads\/2024\/11\/1.png 1500w\" sizes=\"auto, (max-width: 399px) 100vw, 399px\" \/><\/p>               <h5>Abonament ju\u017c od:<\/h5>\n               <h4>65 z\u0142<\/h4>\n           <\/div>\n            <a data-toggle=\"modal\" data-target=\".bs-example-modal-sm\" href=\"\" class=\"btn btn-primary btn-pakiety\">Wybieram<\/a>\n        <\/div> \n    <\/div>\n\n\n<\/div>\n<\/div>\n\n\t<\/div>\n<\/section>\n<section id=\"\" class=\"fw-main-row   normal-bg\"   >\n<div class=\"chose-overlay\"><\/div>\n\t<div class=\"fw-container\">\n\t\t\n<div class=\"row\">\n\t<div class=\"col-xs-12 col-sm-12\">\n\t<div class=\"fw-heading fw-heading-h2 fw-heading-center\">\n\t\t<h2 class='fw-special-title'>CHCESZ WI\u0118CEJ? Dobierz jeden z pakiet\u00f3w TELEWIZJI \u015aWIAT\u0141OWODOWEJ <span> FIBER<\/span> bez konieczno\u015bci montowania anteny:<\/h2>\t<\/div><\/div>\n<\/div>\n\n\n<div class=\"row\">\n\t<div class=\"col-xs-12 col-sm-4\">\n\t<div class=\"thumbnail\">\n      <div class=\"img-box\">\n          <img decoding=\"async\" src=\"\/\/fiber.pl\/olkusz\/wp-content\/uploads\/2023\/12\/2.png\" alt=\"Telewizja \u015bwiat\u0142owodowa\"\/>\n      <\/div>\n      <div class=\"caption\">\n        <h3>Telewizja \u015bwiat\u0142owodowa<\/h3>\n        <p>TV FIBER dostarczamy do twojego domu przy pomocy kabla \u015bwiat\u0142owodowego. Zapomnij o od\u015bnie\u017caniu anteny i zak\u0142\u00f3ceniach obrazu! TV FIBER to gwarancja najlepszej jako\u015bci obrazu cyfrowego HD! \u015anieg ma pada\u0107 za oknem, a nie w telewizorze \ud83d\ude09<\/p>\n      <\/div>\n<\/div><\/div>\n<div class=\"col-xs-12 col-sm-4\">\n\t<div class=\"thumbnail\">\n      <div class=\"img-box\">\n          <img decoding=\"async\" src=\"\/\/fiber.pl\/olkusz\/wp-content\/uploads\/2023\/12\/3.png\" alt=\"Opcja MULTIROOM\"\/>\n      <\/div>\n      <div class=\"caption\">\n        <h3>Opcja MULTIROOM<\/h3>\n        <p>Je\u015bli nie chcesz walczy\u0107 z cz\u0142onkami rodziny o pilota, zagwarantuj sobie TV FIBER na kilku telewizorach. Dzi\u0119ki opcji MULTIROOM TV ka\u017cdy b\u0119dzie m\u00f3g\u0142 ogl\u0105da\u0107 to, co lubi i kiedy lubi! Zapytaj o mo\u017cliwo\u015b\u0107 opcji multiroom w twojej lokalizacji!<\/p>\n      <\/div>\n<\/div><\/div>\n<div class=\"col-xs-12 col-sm-4\">\n\t<div class=\"thumbnail\">\n      <div class=\"img-box\">\n          <img decoding=\"async\" src=\"\/\/fiber.pl\/olkusz\/wp-content\/uploads\/2023\/12\/1.png\" alt=\"Optymalna ilo\u015b\u0107 kana\u0142\u00f3w\"\/>\n      <\/div>\n      <div class=\"caption\">\n        <h3>Optymalna ilo\u015b\u0107 kana\u0142\u00f3w<\/h3>\n        <p>Stawiamy na jako\u015b\u0107, a nie na ilo\u015b\u0107. Nasze listy kana\u0142owe s\u0105 stworzone tak, aby ka\u017cdy znalaz\u0142 to, co lubi ogl\u0105da\u0107. W odr\u00f3\u017cnieniu do wielu innych operator\u00f3w, nie zapychamy list kana\u0142owych programami w\u0105tpliwej jako\u015bci. Wybrali\u015bmy tylko te najlepsze!<\/p>\n      <\/div>\n<\/div><\/div>\n<\/div>\n\n\t<\/div>\n<\/section>\n<section id=\"offer-section\" class=\"fw-main-row   normal-bg\"   >\n<div class=\"chose-overlay\"><\/div>\n\t<div class=\"fw-container\">\n\t\t\n<div class=\"row\">\n\t<div class=\"col-xs-12 col-sm-12\">\n\t<div class=\"fw-heading fw-heading-h1 fw-heading-center\">\n\t\t<h1 class='fw-special-title'>Wybierz ofert\u0119 telewizji dla siebie i Twojej rodziny<\/h1>\t\t\t<div class=\"fw-special-subtitle\">Najbardziej lubiane kana\u0142y informacyjne, filmowe, sportowe, lifestylowe i dla dzieci. Ponad po\u0142owa kana\u0142\u00f3w w najlepszej jako\u015bci HD w najlepszej cenie \u2013 tym pokonujemy konkurencj\u0119.<\/div>\n\t<\/div><\/div>\n<\/div>\n\n\n<div class=\"row\">\n\t<div class=\"col-xs-12 col-sm-4\">\n\t\n<div class=\"offer offer-new hvr-float\">\n     <div class=\"offert-new-content \" style=\"border-color:#e9e9e9 !important;\">\n      <div class=\"offer-header\">\n                  <h4>PAKIET <\/h4>\n          <h2>EKONOMICZNY<\/h2>\n      <div class=\"offer-caption\"><ul><li>Telewizja \u015awiat\u0142owodowa<\/li><li><strong>78 kana\u0142\u00f3w TV<\/strong><\/li><li>W tym <strong>31 kana\u0142\u00f3w HD<\/strong><\/li><li>Abonament <strong>24 m-ce<\/strong><\/li><\/ul><\/div>\n      <\/div>\n      <\/div>\n      <div class=\"offer-caption-white\"><\/div>\n      <div class=\"offer-price\">\n      <h4>Abonament 1 mies.:<\/h4>\n       <h2>55 z\u0142<\/h2>                  <\/div>\n      \n      <div class=\"offer-more\">\n                  <a data-toggle=\"modal\" data-target=\".bs-example-modal-sm\" class=\"btn btn-primary\">Wybieram!<\/a>\n              <\/div>\n      \n<\/div><\/div>\n<div class=\"col-xs-12 col-sm-4\">\n\t\n<div class=\"offer offer-new hvr-float\">\n     <div class=\"offert-new-content tak\" style=\"border-color:#884492 !important;\">\n      <div class=\"offer-header\">\n         <h3>NAJLEPSZY WYB\u00d3R!<\/h3>          <h4>PAKIET<\/h4>\n          <h2>OPTIMUM<\/h2>\n      <div class=\"offer-caption\"><ul><li>Telewizja \u015awiat\u0142owodowa<\/li><li><strong>124 kana\u0142y TV<\/strong><\/li><li>W tym <strong>71 kana\u0142\u00f3w HD<\/strong><\/li><li>Abonament <strong>24 m-ce<\/strong><\/li><\/ul><\/div>\n      <\/div>\n      <\/div>\n      <div class=\"offer-caption-white\"><\/div>\n      <div class=\"offer-price\">\n      <h4>Abonament 1 mies.:<\/h4>\n       <h2>75 z\u0142<\/h2>                  <\/div>\n      \n      <div class=\"offer-more\">\n                  <a data-toggle=\"modal\" data-target=\".bs-example-modal-sm\" class=\"btn btn-primary\">Wybieram!<\/a>\n              <\/div>\n      \n<\/div><\/div>\n<div class=\"col-xs-12 col-sm-4\">\n\t\n<div class=\"offer offer-new hvr-float\">\n     <div class=\"offert-new-content \" style=\"border-color:#e9e9e9 !important;\">\n      <div class=\"offer-header\">\n                  <h4>PAKIET<\/h4>\n          <h2>RODZINNY<\/h2>\n      <div class=\"offer-caption\"><ul><li>Telewizja \u015awiat\u0142owodowa<\/li><li><strong>144 kana\u0142y TV<\/strong><\/li><li>W tym <strong>72 kana\u0142y HD<\/strong><\/li><li>Abonament <strong>24 m-ce<\/strong><\/li><\/ul><\/div>\n      <\/div>\n      <\/div>\n      <div class=\"offer-caption-white\"><\/div>\n      <div class=\"offer-price\">\n      <h4>Abonament 1 mies.:<\/h4>\n       <h2>85 z\u0142<\/h2>                  <\/div>\n      \n      <div class=\"offer-more\">\n                  <a data-toggle=\"modal\" data-target=\".bs-example-modal-sm\" class=\"btn btn-primary\">Wybieram!<\/a>\n              <\/div>\n      \n<\/div><\/div>\n<\/div>\n\n\t<\/div>\n<\/section>\n<section id=\"\" class=\"fw-main-row   \"   >\n<div class=\"chose-overlay\"><\/div>\n\t<div class=\"fw-container\">\n\t\t\n<div class=\"row\">\n\t<div class=\"col-xs-12 col-sm-12\">\n\t<a href=\"https:\/\/fiber.pl\/olkusz\/darmowe-kanaly-tv-fiber\/\" target=\"_self\" >\n<div class=\"jumbotron text-left\" style=\"background-image: url(\/\/fiber.pl\/olkusz\/wp-content\/uploads\/2025\/01\/FIBER-okno-otwarte-styczen-2025-baner-glowna.png)\">     \n<\/div>\n<\/a>\n\n\t<div class=\"fw-divider-space\" style=\"padding-top: 50px;\"><\/div>\n<\/div>\n<\/div>\n\n\n<div class=\"row\">\n\t<div class=\"col-xs-12 col-sm-12\">\n\t<img loading=\"lazy\" decoding=\"async\" src=\"https:\/\/fiber.pl\/olkusz\/wp-content\/uploads\/2024\/11\/TV-FIBER-lista-kanalowa-26112024-1804x2560.png\" alt=\"https:\/\/fiber.pl\/olkusz\/wp-content\/uploads\/2024\/11\/TV-FIBER-lista-kanalowa-26112024-1804x2560.png\" width=\"1804\" height=\"2560\" \/><\/div>\n<\/div>\n\n\t<\/div>\n<\/section>\n<section id=\"section-info-fiber\" class=\"fw-main-row   normal-bg\" style=\"background-color:#4e2674;\"  >\n<div class=\"chose-overlay\"><\/div>\n\t<div class=\"fw-container-fluid\">\n\t\t\n<div class=\"row\">\n\t<div class=\"col-xs-12 col-sm-12\">\n\t\n\n\n<div class=\" \"><h1>Ca\u0142a rodzina zadowolona dzi\u0119ki opcji<\/h1><h1><strong>MULTIROOM!<br \/><\/strong><\/h1><h4>Mo\u017cecie ogl\u0105da\u0107 ulubione programy na kilku telewizorach!<\/h4><p><a href=\"https:\/\/fiber.pl\/olkusz\/wp-content\/uploads\/2024\/11\/TV-FIBER-lista-kanalowa-26112024.pdf\" class=\"btn btn-primary\">Zobacz List\u0119 Kana\u0142\u00f3w<\/a><\/p><\/div>\n<\/div>\n<\/div>\n\n\t<\/div>\n<\/section>\n<section id=\"\" class=\"fw-main-row  half-background normal-bg\"   >\n<div class=\"chose-overlay\"><\/div>\n\t<div class=\"fw-container\">\n\t\t\n<div class=\"row\">\n\t<div class=\"col-xs-12 col-sm-12\">\n\t\n<div class=\"half-bg-container\">\n      <div style=\"background-image: url(\/\/fiber.pl\/olkusz\/wp-content\/uploads\/2023\/08\/fiber-telewizja.jpg)\" class=\"col-xs-12 col-sm-6 half-bg-img\"><\/div>\n      <div class=\"col-xs-12 col-sm-6 half-bg-txt\">\n        <h2>Dlaczego telewizja \u015bwiat\u0142owodowa FIBER?<\/h2><p>Zam\u00f3w pakiet instalacyjny <strong>TWOJEJ TELEWIZJI!<\/strong> Sp\u0119dzaj d\u0142ugie wieczory z niezawodn\u0105 telewizj\u0105 \u015bwiat\u0142owodow\u0105 FIBER!<\/p><ul><li>zawsze najlepsza jako\u015b\u0107 cyfrowa bez wzgl\u0119du na pogod\u0119<\/li><li>nie musisz posiada\u0107 \u017cadnej anteny<\/li><li>optymalna ilo\u015b\u0107 kana\u0142\u00f3w<\/li><li>kana\u0142y bez powt\u00f3rek<\/li><li>kilka pakiet\u00f3w do wyboru<\/li><\/ul><p>&nbsp;<\/p>                <a href=\"https:\/\/fiber.pl\/olkusz\/zglos-przylacze\/\" class=\"btn btn-primary\">Napisz do nas<\/a>\n              <\/div>\n<\/div><\/div>\n<\/div>\n\n\t<\/div>\n<\/section>\n<section id=\"\" class=\"fw-main-row   \"   >\n<div class=\"chose-overlay\"><\/div>\n\t<div class=\"fw-container\">\n\t\t\n<div class=\"row\">\n\t<div class=\"col-xs-12 col-sm-12\">\n\t<div class=\"fw-heading fw-heading-h2 \">\n\t\t<h2 class='fw-special-title'>WYBIERZCIE NAJWYGODNIEJSZ\u0104 <span>DLA WAS<\/span> FORM\u0118 KONTAKTU Z NAMI!<\/h2>\t<\/div>\n\n\n<div class=\"special-list\"><ol><li><span>01<\/span> <em>Przyjd\u017a do jednego z naszych biur:<\/em><\/li><\/ol><blockquote><p><strong>Olkusz, Ko\u015bciuszki 20<\/strong><br \/>pon., czw. 10:00 \u2013 19:00, wt., \u015br., pt. 10:00 \u2013 16:00<\/p><\/blockquote><blockquote><p><strong>Wolbrom, Pi\u0142sudskiego 57a<\/strong><br \/>pon. - pt. 8:30 \u2013 16:30<\/p><\/blockquote><ol><li><span>02<\/span> <em>Skorzystaj z pomocy KONSULTANTA ONLINE:<\/em><\/li><\/ol><blockquote><p>Telefon: <strong>32 706 50 01<\/strong><br \/>Email: <strong>bok@interkonekt.pl<\/strong><br \/>W godzinach: <strong>9:00 \u2013 19:00<\/strong><\/p><\/blockquote><ol><li><span>03<\/span> <em>Zg\u0142o\u015b si\u0119 po ofert\u0119 korzystaj\u0105c z formularza kontaktowego<\/em><\/li><\/ol><\/div>\n\n\n\n<div class=\"formularz\"><p>\n<div class=\"wpcf7 no-js\" id=\"wpcf7-f1439-o1\" lang=\"pl-PL\" dir=\"ltr\" data-wpcf7-id=\"1439\">\n<div class=\"screen-reader-response\"><p role=\"status\" aria-live=\"polite\" aria-atomic=\"true\"><\/p> <ul><\/ul><\/div>\n<form action=\"\/olkusz\/wp-json\/wp\/v2\/pages\/3087#wpcf7-f1439-o1\" method=\"post\" class=\"wpcf7-form init\" aria-label=\"Formularz kontaktowy\" novalidate=\"novalidate\" data-status=\"init\">\n<div style=\"display: none;\">\n<input type=\"hidden\" name=\"_wpcf7\" value=\"1439\" \/>\n<input type=\"hidden\" name=\"_wpcf7_version\" value=\"6.0.6\" \/>\n<input type=\"hidden\" name=\"_wpcf7_locale\" value=\"pl_PL\" \/>\n<input type=\"hidden\" name=\"_wpcf7_unit_tag\" value=\"wpcf7-f1439-o1\" \/>\n<input type=\"hidden\" name=\"_wpcf7_container_post\" value=\"0\" \/>\n<input type=\"hidden\" name=\"_wpcf7_posted_data_hash\" value=\"\" \/>\n<input type=\"hidden\" name=\"_wpcf7cf_hidden_group_fields\" value=\"[]\" \/>\n<input type=\"hidden\" name=\"_wpcf7cf_hidden_groups\" value=\"[]\" \/>\n<input type=\"hidden\" name=\"_wpcf7cf_visible_groups\" value=\"[]\" \/>\n<input type=\"hidden\" name=\"_wpcf7cf_repeaters\" value=\"[]\" \/>\n<input type=\"hidden\" name=\"_wpcf7cf_steps\" value=\"{}\" \/>\n<input type=\"hidden\" name=\"_wpcf7cf_options\" value=\"{&quot;form_id&quot;:1439,&quot;conditions&quot;:[],&quot;settings&quot;:{&quot;animation&quot;:&quot;yes&quot;,&quot;animation_intime&quot;:200,&quot;animation_outtime&quot;:200,&quot;conditions_ui&quot;:&quot;normal&quot;,&quot;notice_dismissed&quot;:false,&quot;notice_dismissed_update-cf7-6.0.6&quot;:true}}\" \/>\n<input type=\"hidden\" name=\"_wpcf7dtx_version\" value=\"5.0.3\" \/>\n<input type=\"hidden\" name=\"_wpcf7_recaptcha_response\" value=\"\" \/>\n<\/div>\n<div class=\"form-group\">\n\t<div class=\"row\">\n\t\t<div class=\"col-xs-12 col-sm-12 col-md-6\">\n\t\t\t<p><span class=\"wpcf7-form-control-wrap\" data-name=\"your-name\"><input size=\"40\" maxlength=\"400\" class=\"wpcf7-form-control wpcf7-text wpcf7-validates-as-required\" aria-required=\"true\" aria-invalid=\"false\" placeholder=\"Imi\u0119 i Nazwisko*\" value=\"\" type=\"text\" name=\"your-name\" \/><\/span>\n\t\t\t<\/p>\n\t\t<\/div>\n\t\t<div class=\"col-xs-12 col-sm-12 col-md-6\">\n\t\t\t<p><span class=\"wpcf7-form-control-wrap\" data-name=\"your-ulica\"><input size=\"40\" maxlength=\"400\" class=\"wpcf7-form-control wpcf7-text wpcf7-validates-as-required\" aria-required=\"true\" aria-invalid=\"false\" placeholder=\"Ulica*\" value=\"\" type=\"text\" name=\"your-ulica\" \/><\/span>\n\t\t\t<\/p>\n\t\t<\/div>\n\t\t<div class=\"col-xs-12 col-sm-12 col-md-6\">\n\t\t\t<p><span class=\"wpcf7-form-control-wrap\" data-name=\"your-miasto\"><input size=\"40\" maxlength=\"400\" class=\"wpcf7-form-control wpcf7-text wpcf7-validates-as-required\" aria-required=\"true\" aria-invalid=\"false\" placeholder=\"Miasto*\" value=\"\" type=\"text\" name=\"your-miasto\" \/><\/span>\n\t\t\t<\/p>\n\t\t<\/div>\n\t\t<div class=\"col-xs-12 col-sm-12 col-md-6\">\n\t\t\t<p><span class=\"wpcf7-form-control-wrap\" data-name=\"your-phone\"><input size=\"40\" maxlength=\"400\" class=\"wpcf7-form-control wpcf7-tel wpcf7-validates-as-required wpcf7-text wpcf7-validates-as-tel\" aria-required=\"true\" aria-invalid=\"false\" placeholder=\"Numer Telefonu*\" value=\"\" type=\"tel\" name=\"your-phone\" \/><\/span>\n\t\t\t<\/p>\n\t\t<\/div>\n\t\t<div class=\"col-xs-12 col-sm-12 col-md-6\">\n\t\t\t<p><span class=\"wpcf7-form-control-wrap\" data-name=\"your-email\"><input size=\"40\" maxlength=\"400\" class=\"wpcf7-form-control wpcf7-email wpcf7-validates-as-required wpcf7-text wpcf7-validates-as-email\" aria-required=\"true\" aria-invalid=\"false\" placeholder=\"Email*\" value=\"\" type=\"email\" name=\"your-email\" \/><\/span>\n\t\t\t<\/p>\n\t\t<\/div>\n\t<\/div>\n<\/div>\n<p><span class=\"wpcf7-form-control-wrap\" data-name=\"zgoda-rodo\"><span class=\"wpcf7-form-control wpcf7-acceptance\"><span class=\"wpcf7-list-item\"><label><input type=\"checkbox\" name=\"zgoda-rodo\" value=\"1\" aria-invalid=\"false\" \/><span class=\"wpcf7-list-item-label\">Zapozna\u0142am\/Zapozna\u0142em si\u0119 z i akceptuj\u0119 tre\u015b\u0107 klauzuli informacyjnej dotycz\u0105cej przetwarzania moich danych osobowych przez INTERKONEKT Sp. z o.o. zamieszczonej na stronie internetowej www.fiber.pl\/olkusz.<\/span><\/label><\/span><\/span><\/span>\n<\/p>\n<p><span class=\"wpcf7-form-control-wrap\" data-name=\"zgoda-dane\"><span class=\"wpcf7-form-control wpcf7-acceptance\"><span class=\"wpcf7-list-item\"><label><input type=\"checkbox\" name=\"zgoda-dane\" value=\"1\" aria-invalid=\"false\" \/><span class=\"wpcf7-list-item-label\">Wyra\u017cam zgod\u0119 na przetwarzanie moich danych osobowych przez Administratora, w celu udzielenia odpowiedzi na zapytanie. Moje dane osobowe b\u0119d\u0105 przetwarzane przez okres 6 miesi\u0119cy od dnia skierowania zapytania.<\/span><\/label><\/span><\/span><\/span>\n<\/p>\n<p><span class=\"wpcf7-form-control-wrap\" data-name=\"zgoda-marketing\"><span class=\"wpcf7-form-control wpcf7-acceptance optional\"><span class=\"wpcf7-list-item\"><label><input type=\"checkbox\" name=\"zgoda-marketing\" value=\"1\" aria-invalid=\"false\" \/><span class=\"wpcf7-list-item-label\">Wyra\u017cam zgod\u0119 na otrzymywanie od Administratora drog\u0105 elektroniczn\u0105 na wskazany przeze mnie adres e-mail oraz numer telefonu informacji handlowych oraz na przekazywanie mi tre\u015bci dotycz\u0105cych produkt\u00f3w i us\u0142ug oferowanych przez Administratora (marketing bezpo\u015bredni), przy u\u017cyciu telekomunikacyjnych urz\u0105dze\u0144 ko\u0144cowych oraz automatycznych system\u00f3w wywo\u0142uj\u0105cych,  w tym przy u\u017cyciu poczty e-mail, wiadomo\u015bci tekstowych SMS lub MMS a\u017c do momentu odwo\u0142ania zgody, nie d\u0142u\u017cej jednak ni\u017c przez okres dw\u00f3ch lat od dnia skierowania zapytania.<\/span><\/label><\/span><\/span><\/span>\n<\/p>\n<div class=\"form-group\">\n\t<div class=\"row\">\n\t\t<div class=\"col-xs-12\">\n\t\t\t<p><input class=\"wpcf7-form-control wpcf7-submit has-spinner\" type=\"submit\" value=\"Wy\u015blij Zg\u0142oszenie\" \/>\n\t\t\t<\/p>\n\t\t<\/div>\n\t<\/div>\n<\/div><div class=\"wpcf7-response-output\" aria-hidden=\"true\"><\/div>\n<\/form>\n<\/div>\n<\/p><p>&nbsp;<\/p><\/div>\n<\/div>\n<\/div>\n\n\t<\/div>\n<\/section>\n<\/p>\n","protected":false},"excerpt":{"rendered":"<p>PAKIET CANAL+ w technologii \u015bwiat\u0142owodowej ju\u017c teraz w ofercie FIBER CANAL+ SERIALE I FILMY 6 kana\u0142\u00f3wwszystkie [&#8230;] <\/p>\n<div class=\"read-mode-box\"><a class=\"btn btn-default read-more\" href=\"https:\/\/fiber.pl\/olkusz\/canal_plus_w_fiber\/\">Czytaj wi\u0119cej<\/a><\/div>\n","protected":false},"author":5,"featured_media":3097,"parent":0,"menu_order":0,"comment_status":"closed","ping_status":"closed","template":"page-landing.php","meta":{"om_disable_all_campaigns":false,"_monsterinsights_skip_tracking":false,"_monsterinsights_sitenote_active":false,"_monsterinsights_sitenote_note":"","_monsterinsights_sitenote_category":0,"footnotes":""},"class_list":["post-3087","page","type-page","status-publish","has-post-thumbnail","hentry"],"_links":{"self":[{"href":"https:\/\/fiber.pl\/olkusz\/wp-json\/wp\/v2\/pages\/3087","targetHints":{"allow":["GET"]}}],"collection":[{"href":"https:\/\/fiber.pl\/olkusz\/wp-json\/wp\/v2\/pages"}],"about":[{"href":"https:\/\/fiber.pl\/olkusz\/wp-json\/wp\/v2\/types\/page"}],"author":[{"embeddable":true,"href":"https:\/\/fiber.pl\/olkusz\/wp-json\/wp\/v2\/users\/5"}],"replies":[{"embeddable":true,"href":"https:\/\/fiber.pl\/olkusz\/wp-json\/wp\/v2\/comments?post=3087"}],"version-history":[{"count":11,"href":"https:\/\/fiber.pl\/olkusz\/wp-json\/wp\/v2\/pages\/3087\/revisions"}],"predecessor-version":[{"id":3100,"href":"https:\/\/fiber.pl\/olkusz\/wp-json\/wp\/v2\/pages\/3087\/revisions\/3100"}],"wp:featuredmedia":[{"embeddable":true,"href":"https:\/\/fiber.pl\/olkusz\/wp-json\/wp\/v2\/media\/3097"}],"wp:attachment":[{"href":"https:\/\/fiber.pl\/olkusz\/wp-json\/wp\/v2\/media?parent=3087"}],"curies":[{"name":"wp","href":"https:\/\/api.w.org\/{rel}","templated":true}]}}