{"id":3384,"date":"2025-09-11T07:37:15","date_gmt":"2025-09-11T07:37:15","guid":{"rendered":"https:\/\/fiber.pl\/olkusz\/?page_id=3384"},"modified":"2026-02-04T12:58:23","modified_gmt":"2026-02-04T12:58:23","slug":"wyszukiwarka","status":"publish","type":"page","link":"https:\/\/fiber.pl\/olkusz\/wyszukiwarka\/","title":{"rendered":"Wyszukiwarka zasi\u0119gu sieci \u015bwiat\u0142owodowej FIBER"},"content":{"rendered":"<section id=\"\" class=\"fw-main-row   \"   >\n<div class=\"chose-overlay\"><\/div>\n\t<div class=\"fw-container\">\n\t\t\n<div class=\"row\">\n\t<div class=\"col-xs-12 col-sm-12\">\n\t<div class=\"jumbotron text-left\" style=\"background-image: url(\/\/fiber.pl\/olkusz\/wp-content\/uploads\/2025\/10\/FIBER-banery-na-strone-glowna-swiatlowod-scaled.png)\">     \n<\/div>\n<\/div>\n<\/div>\n\n\n<div class=\"row\">\n\t<div class=\"col-xs-12 col-sm-12\">\n\t\n\t<div class=\"fw-divider-space\" style=\"padding-top: 50px;\"><\/div>\n<\/div>\n<\/div>\n\n\n<div class=\"row\">\n\t<div class=\"col-xs-12 col-sm-12\">\n\t<p><strong>Zastanawiasz si\u0119, czy mo\u017cesz mie\u0107 w domu lub mieszkaniu \u015bwiat\u0142ow\u00f3d FIBER?<\/strong><\/p><p>Nie musisz! Dzi\u0119ki <strong>wyszukiwarce zasi\u0119gu FIBER <\/strong>w sekund\u0119 sprawdzisz, czy jeste\u015b w zasi\u0119gu naszej sieci. Wystarczy, \u017ce:<\/p><ul><li>wpiszesz miejscowo\u015b\u0107, ulic\u0119 i numer,<\/li><li>klikniesz \"Szukaj\"<\/li><li>a otrzymasz informacj\u0119 o mo\u017cliwo\u015bci podpi\u0119cia.<\/li><\/ul><p>Korzystaj\u0105c z formularza kontaktowego prze\u015blij nam zg\u0142oszenie, a szybko zajmiemy si\u0119 tym, aby Ci\u0119 pod\u0142\u0105czy\u0107.<\/p><p><strong>Poniewa\u017c jeste\u015bmy blisko Ciebie, terminy instalacji tak\u017ce s\u0105 bliskie.<\/strong><\/p><p>Zg\u0142o\u015b si\u0119 do nas nawet, jak prawdopodobnie nie jeste\u015b w naszym zasi\u0119gu. Ci\u0105gle rozbudowujemy nasz\u0105 sie\u0107 i Twoje zainteresowanie jest dla nas wa\u017cn\u0105 informacj\u0105.<\/p><\/div>\n<\/div>\n\n\n<div class=\"row\">\n\t<div class=\"col-xs-12 col-sm-12\">\n\t<script>\nfunction showHint_miejscowosc(e,str) {\n  \n\t\tstr = str.replace(\/\\s+\/g, ' ');\n\t\t\n\t\tvar temp_element_miejscowosc_text_input = document.getElementById(\"miejscowosc\").value;\n\t\ttemp_element_miejscowosc_text_input = temp_element_miejscowosc_text_input.replace(\/\\s+\/g, ' ');\n\n\t\tdocument.getElementById(\"miejscowosc\").value = temp_element_miejscowosc_text_input;\n  \n\t\tif((e.keyCode != '38') && ( e.keyCode != '40'  )){\n\t\t\tvar elo_1 =  document.getElementById(\"miejscowosc\").value;\n\t\t\t\n\t\t\tif (elo_1.length == 0) {\n\t\t\t\tdocument.getElementById(\"miejscowosc\").innerHTML = \"\";\n\t\t\t\treturn;\n\t\t\t} else {\n\t\t\t\tvar xmlhttp = new XMLHttpRequest();\n\t\t\t\txmlhttp.onreadystatechange = function() {\n\t\t\t\tif (this.readyState == 4 && this.status == 200) {\n\t\t\t\t\tdocument.getElementById(\"miejscowosc_list\").innerHTML = this.responseText;\n\t\t\t\t}\n\t\t\t};\n\t\t\t\n\t\t\t\txmlhttp.open(\"GET\", \"gethint_miejscowosc.php?miejscowosc=\" + elo_1, true);\n\t\t\t\txmlhttp.send();\n\t\t\t}\n\t\t}\n  \n}\n\nfunction showHint_ulica(e, str) {\n\n\t\tstr = str.replace(\/\\s+\/g, ' ');\n\t\tvar temp_element_ulica_text_input = document.getElementById(\"ulica\").value;\n\t\ttemp_element_ulica_text_input = temp_element_ulica_text_input.replace(\/\\s+\/g, ' ');\n\n\t\tdocument.getElementById(\"ulica\").value = temp_element_ulica_text_input;\n\n\t\tif((e.keyCode != '38') && ( e.keyCode != '40'  )){\n\t\t\tif (str.length == 0) {\n\t\t\t\tdocument.getElementById(\"ulica\").innerHTML = \"\";\n\t\t\t\tdocument.getElementById(\"ulica_list\").innerHTML = \"\";\n\t\t\t\treturn;\n\t\t\t} else {\n\t\t\t\tvar xmlhttp = new XMLHttpRequest();\n\t\t\t\txmlhttp.onreadystatechange = function() {\n\t\t\t\t\tif (this.readyState == 4 && this.status == 200) {\n\t\t\t\t\t\tvar siema_nara = \tdocument.getElementById(\"ulica_list\");\n\t\t\t\t\t\tsiema_nara.innerHTML = \"\"+this.responseText+\"\";\n\t\t\t\t\t}\n\t\t\t\t};\n\t\n\t\t\t\tvar miejscowosc_local_variable =  document.getElementById(\"miejscowosc\").value;\n\t\n\t\t\t\txmlhttp.open(\"GET\", \"gethint_ulica.php?ulica=\" + str + \"&miejscowosc=\"+ miejscowosc_local_variable, true);\n\t\t\t\txmlhttp.send();\n\t\n\t\t\t}\n\t\t}\n}\n\n\n<\/script>\n\n\n<div class=\"wyszukiwarka\">\n    <h2>Sprawd\u017a, czy jeste\u015b w zasi\u0119gu sieci \u015bwiat\u0142owodowej FIBER!<\/h2> \n \n    <form method=\"post\" name=\"formularz\" id=\"formularz\" action=\"#home-section-form\"> \n\t<div class=\"row\">\n\t<div class=\"col-sm-12\">       \n\t    <label for=\"miejscowosc\" class=\"labels\" ><strong>Miejscowo\u015b\u0107:<\/strong><\/label> \n\t   \n        <input type=\"text\" list=\"miejscowosc_list\" onkeyup=\"showHint_miejscowosc(event,this.value)\" autocomplete=\"off\" \n\t\tname=\"miejscowosc\" id=\"miejscowosc\" class=\"no_class\"\n\t\tvalue=\"\" placeholder=\"Wpisz miejscowo\u015b\u0107 ...\"> <br>\n\t<\/div>\n\t\n\t<div class=\"col-sm-6\">   \n\t\t<label for=\"ulicaa\" class=\"labels\" ><strong>Ulica:<\/strong><\/label> \n\t\t\n        <input type=\"text\" list=\"ulica_list\" onkeyup=\"showHint_ulica(event,this.value)\" autocomplete=\"off\" \n\t\tname=\"ulica\" id=\"ulica\" class=\"no_class\"\n\t\tvalue=\"\" placeholder=\"Wpisz ulic\u0119 ...\">  <br>\n\t<\/div>\n\t\t\n\t<div class=\"col-sm-6\"> \n\t\t<label for=\"numer_budynku\" class=\"labels\" ><strong>Nr domu:<\/strong><\/label> \n\t\t\n        <input type=\"text\" list=\"numer_budynku_list\" autocomplete=\"off\"\n\t\tname=\"numer_budynku\" id=\"numer_budynku\" class=\"no_class\"\n\t\tvalue=\"\" placeholder=\"Wpisz numer budynku ...\"> \n\t<\/div>\n\t\t\n    <div class=\"col-sm-12\"> \n        <input class=\"btn btn-wyszukiwarka\" type=\"submit\" name=\"wyslijj\" id=\"wyslij_formularz\" value=\"Sprawd\u017a\"> \n\t<\/div>\n    <\/div>\n\t<\/form> \n\t\n\n\t\n\t\n\t\n<datalist id=\"miejscowosc_list\"><\/datalist>\n\n<datalist id=\"ulica_list\"><\/datalist>\n\t\n \n\n<\/div><\/div>\n<\/div>\n\n\t<\/div>\n<\/section>\n\n","protected":false},"excerpt":{"rendered":"<p>Zastanawiasz si\u0119, czy mo\u017cesz mie\u0107 w domu lub mieszkaniu \u015bwiat\u0142ow\u00f3d FIBER?Nie musisz! Dzi\u0119ki wyszukiwarce zasi\u0119gu FIBER [&#8230;] <\/p>\n<div class=\"read-mode-box\"><a class=\"btn btn-default read-more\" href=\"https:\/\/fiber.pl\/olkusz\/wyszukiwarka\/\">Czytaj wi\u0119cej<\/a><\/div>\n","protected":false},"author":4,"featured_media":0,"parent":0,"menu_order":0,"comment_status":"closed","ping_status":"closed","template":"","meta":{"om_disable_all_campaigns":false,"_monsterinsights_skip_tracking":false,"_monsterinsights_sitenote_active":false,"_monsterinsights_sitenote_note":"","_monsterinsights_sitenote_category":0,"footnotes":""},"class_list":["post-3384","page","type-page","status-publish","hentry"],"_links":{"self":[{"href":"https:\/\/fiber.pl\/olkusz\/wp-json\/wp\/v2\/pages\/3384","targetHints":{"allow":["GET"]}}],"collection":[{"href":"https:\/\/fiber.pl\/olkusz\/wp-json\/wp\/v2\/pages"}],"about":[{"href":"https:\/\/fiber.pl\/olkusz\/wp-json\/wp\/v2\/types\/page"}],"author":[{"embeddable":true,"href":"https:\/\/fiber.pl\/olkusz\/wp-json\/wp\/v2\/users\/4"}],"replies":[{"embeddable":true,"href":"https:\/\/fiber.pl\/olkusz\/wp-json\/wp\/v2\/comments?post=3384"}],"version-history":[{"count":6,"href":"https:\/\/fiber.pl\/olkusz\/wp-json\/wp\/v2\/pages\/3384\/revisions"}],"predecessor-version":[{"id":3390,"href":"https:\/\/fiber.pl\/olkusz\/wp-json\/wp\/v2\/pages\/3384\/revisions\/3390"}],"wp:attachment":[{"href":"https:\/\/fiber.pl\/olkusz\/wp-json\/wp\/v2\/media?parent=3384"}],"curies":[{"name":"wp","href":"https:\/\/api.w.org\/{rel}","templated":true}]}}