{"id":9,"date":"2019-03-27T00:09:32","date_gmt":"2019-03-27T00:09:32","guid":{"rendered":"https:\/\/fiber.pl\/olkusz\/?page_id=9"},"modified":"2026-04-16T06:28:59","modified_gmt":"2026-04-16T06:28:59","slug":"home","status":"publish","type":"page","link":"https:\/\/fiber.pl\/olkusz\/","title":{"rendered":"Home"},"content":{"rendered":"<p><section id=\"home-oferta\" class=\"fw-main-row   normal-bg\"   >\n<div class=\"chose-overlay\"><\/div>\n\t<div class=\"fw-container-fluid\">\n\t\t\n<div class=\"row\">\n\t<div class=\"col-xs-12 col-sm-4\">\n\t\n<a href=\"telewizja\">\n<div class=\"hover-box\" style=\"background-image: url(\/\/fiber.pl\/olkusz\/wp-content\/uploads\/2023\/08\/telewizja.jpg)\">\n       <div class=\"nakladka\"><\/div>\n        \n        <div class=\"hover-box-caption\" style=\"background-color:#171422;\">\n           <div class=\"hover-box-caption-text\">\n              <h1>Telewizja<\/h1>\n              <h3>\u015awiat\u0142owodowa<\/h3>\n              <p><\/p>\n               \n           <\/div>   \n        <\/div> \n<\/div>\n<\/a>\n\n<\/div>\n<div class=\"col-xs-12 col-sm-4\">\n\t\n<a href=\"internet\">\n<div class=\"hover-box\" style=\"background-image: url(\/\/fiber.pl\/olkusz\/wp-content\/uploads\/2023\/08\/internet.jpg)\">\n       <div class=\"nakladka\"><\/div>\n        \n        <div class=\"hover-box-caption\" style=\"background-color:#171422;\">\n           <div class=\"hover-box-caption-text\">\n              <h1>Internet<\/h1>\n              <h3>\u015awiat\u0142owodowy<\/h3>\n              <p><\/p>\n               \n           <\/div>   \n        <\/div> \n<\/div>\n<\/a>\n\n<\/div>\n<div class=\"col-xs-12 col-sm-4\">\n\t\n<a href=\"pakiety\">\n<div class=\"hover-box\" style=\"background-image: url(\/\/fiber.pl\/olkusz\/wp-content\/uploads\/2023\/08\/pakiety.jpg)\">\n       <div class=\"nakladka\"><\/div>\n        \n        <div class=\"hover-box-caption\" style=\"background-color:#171422;\">\n           <div class=\"hover-box-caption-text\">\n              <h1>Pakiety<\/h1>\n              <h3>Us\u0142ug<\/h3>\n              <p><\/p>\n               \n           <\/div>   \n        <\/div> \n<\/div>\n<\/a>\n\n<\/div>\n<\/div>\n\n\t<\/div>\n<\/section>\n<section id=\"banner-aktualne-promocje\" class=\"fw-main-row   normal-bg\"   >\n<div class=\"chose-overlay\"><\/div>\n\t<div class=\"fw-container-fluid\">\n\t\t\n<div class=\"row\">\n\t<div class=\"col-xs-12 col-sm-12\">\n\t<a href=\"https:\/\/fiber.pl\/olkusz\/wiosenne-przyspieszenie\/\" target=\"_self\">\n<div class=\"jumbotron text-left\" style=\"background-image: url(\/\/fiber.pl\/olkusz\/wp-content\/uploads\/2026\/03\/Fiber-wiosenne-przyspieszenie-scaled.jpg)\">     \n<\/div>\n<\/a>\n<\/div>\n<\/div>\n\n\n<div class=\"row\">\n\t<div class=\"col-xs-12 col-sm-12\">\n\t\n\t<div class=\"fw-divider-space\" style=\"padding-top: 30px;\"><\/div>\n<\/div>\n<\/div>\n\n\n<div class=\"row\">\n\t<div class=\"col-xs-12 col-sm-12\">\n\t<div class=\"jumbotron text-left\" style=\"background-image: url(\/\/fiber.pl\/olkusz\/wp-content\/uploads\/2026\/03\/baner-15-procent-na-karty-scaled.jpg)\">     \n<\/div>\n<\/div>\n<\/div>\n\n\n<div class=\"row\">\n\t<div class=\"col-xs-12 col-sm-12\">\n\t\n\t<div class=\"fw-divider-space\" style=\"padding-top: 30px;\"><\/div>\n<\/div>\n<\/div>\n\n\n<div class=\"row\">\n\t<div class=\"col-xs-12 col-sm-12\">\n\t<a href=\"https:\/\/fiber.pl\/olkusz\/pakiet-dla-gracza\/\" target=\"_self\">\n<div class=\"jumbotron text-left\" style=\"background-image: url(\/\/fiber.pl\/olkusz\/wp-content\/uploads\/2025\/12\/FIBER-baner-gamer-pro-scaled.png)\">     \n<\/div>\n<\/a>\n<\/div>\n<\/div>\n\n\n<div class=\"row\">\n\t<div class=\"col-xs-12 col-sm-12\">\n\t\n\t<div class=\"fw-divider-space\" style=\"padding-top: 30px;\"><\/div>\n<\/div>\n<\/div>\n\n\n<div class=\"row\">\n\t<div class=\"col-xs-12 col-sm-12\">\n\t<a href=\"https:\/\/fiber.pl\/olkusz\/swiatlowod-najblizej-ciebie\/\" target=\"_self\">\n<div class=\"jumbotron text-left\" style=\"background-image: url(\/\/fiber.pl\/olkusz\/wp-content\/uploads\/2025\/10\/FIBER-najblizej-ciebie-banery-na-strone-glowna-scaled.png)\">     \n<\/div>\n<\/a>\n<\/div>\n<\/div>\n\n\n<div class=\"row\">\n\t<div class=\"col-xs-12 col-sm-12\">\n\t\n\t<div class=\"fw-divider-space\" style=\"padding-top: 30px;\"><\/div>\n<\/div>\n<\/div>\n\n\n<div class=\"row\">\n\t<div class=\"col-xs-12 col-sm-12\">\n\t<a href=\"https:\/\/fiber.pl\/olkusz\/oszczedzanie-za-polecanie\/\" target=\"_self\">\n<div class=\"jumbotron text-left\" style=\"background-image: url(\/\/fiber.pl\/olkusz\/wp-content\/uploads\/2024\/10\/FIBER-baner-promocja-sasiedzka-mini-1.png)\">     \n<\/div>\n<\/a>\n<\/div>\n<\/div>\n\n\n<div class=\"row\">\n\t<div class=\"col-xs-12 col-sm-12\">\n\t\n\t<div class=\"fw-divider-space\" style=\"padding-top: 30px;\"><\/div>\n<\/div>\n<\/div>\n\n\t<\/div>\n<\/section>\n<section id=\"home-onas\" class=\"fw-main-row   normal-bg\"   >\n<div class=\"chose-overlay\"><\/div>\n\t<div class=\"fw-container\">\n\t\t\n<div class=\"row\">\n\t<div class=\"col-xs-12 col-sm-6\">\n\t<img decoding=\"async\" src=\"\/\/fiber.pl\/olkusz\/wp-content\/uploads\/2023\/02\/onas.jpg\" alt=\"\/\/fiber.pl\/olkusz\/wp-content\/uploads\/2023\/02\/onas.jpg\" \/><\/div>\n<div class=\"col-xs-12 col-sm-6\">\n\t\n\t<div class=\"fw-divider-space\" style=\"padding-top: 30px;\"><\/div>\n<div class=\"fw-heading fw-heading-h2 \">\n\t\t<h2 class='fw-special-title'>Internet <span>\u015bwiat\u0142owodowy<\/span> FIBER<\/h2>\t\t\t<div class=\"fw-special-subtitle\">\u0141\u0105czymy ludzi z pr\u0119dko\u015bci\u0105 \u015bwiat\u0142a!<\/div>\n\t<\/div><p>Postaw na lokalnego i sprawdzonego operatora sieci \u015bwiat\u0142owodowej\u00a0w najnowszej <strong>technologii FTTH<\/strong>. Super szybki Internet \u015bwiat\u0142owodowy, telewizja w doskona\u0142ej jako\u015bci,\u00a0a do tego telefon.<\/p><p>Biura Obs\u0142ugi Klienta oraz serwis na miejscu, szybki monta\u017c\u00a0i aktywacja us\u0142ug, atrakcyjne oferty i program lojalno\u015bciowy, z kt\u00f3rych\u00a0skorzysta\u0142y ju\u017c tysi\u0105ce zadowolonych Klient\u00f3w <strong>FIBER<\/strong>. Do\u0142\u0105cz do nas i \u0142\u0105cz si\u0119 z\u00a0lud\u017ami z pr\u0119dko\u015bci\u0105 \u015bwiat\u0142a!<\/p><a href=\"o-nas\" target=\"_self\" class=\"fw-btn fw-btn-1 \">\n\t<span>Dowiedz si\u0119 wi\u0119cej<\/span>\n<\/a><\/div>\n<\/div>\n\n\t<\/div>\n<\/section>\n<section id=\"home-section-form\" class=\"fw-main-row   normal-bg\"   >\n<div class=\"chose-overlay\"><\/div>\n\t<div class=\"fw-container-fluid\">\n\t\t\n<div class=\"row\">\n\t<div class=\"col-xs-12 col-sm-12\">\n\t<script>\nfunction showHint_miejscowosc(e,str) {\n  \n\t\tstr = str.replace(\/\\s+\/g, ' ');\n\t\t\n\t\tvar temp_element_miejscowosc_text_input = document.getElementById(\"miejscowosc\").value;\n\t\ttemp_element_miejscowosc_text_input = temp_element_miejscowosc_text_input.replace(\/\\s+\/g, ' ');\n\n\t\tdocument.getElementById(\"miejscowosc\").value = temp_element_miejscowosc_text_input;\n  \n\t\tif((e.keyCode != '38') && ( e.keyCode != '40'  )){\n\t\t\tvar elo_1 =  document.getElementById(\"miejscowosc\").value;\n\t\t\t\n\t\t\tif (elo_1.length == 0) {\n\t\t\t\tdocument.getElementById(\"miejscowosc\").innerHTML = \"\";\n\t\t\t\treturn;\n\t\t\t} else {\n\t\t\t\tvar xmlhttp = new XMLHttpRequest();\n\t\t\t\txmlhttp.onreadystatechange = function() {\n\t\t\t\tif (this.readyState == 4 && this.status == 200) {\n\t\t\t\t\tdocument.getElementById(\"miejscowosc_list\").innerHTML = this.responseText;\n\t\t\t\t}\n\t\t\t};\n\t\t\t\n\t\t\t\txmlhttp.open(\"GET\", \"gethint_miejscowosc.php?miejscowosc=\" + elo_1, true);\n\t\t\t\txmlhttp.send();\n\t\t\t}\n\t\t}\n  \n}\n\nfunction showHint_ulica(e, str) {\n\n\t\tstr = str.replace(\/\\s+\/g, ' ');\n\t\tvar temp_element_ulica_text_input = document.getElementById(\"ulica\").value;\n\t\ttemp_element_ulica_text_input = temp_element_ulica_text_input.replace(\/\\s+\/g, ' ');\n\n\t\tdocument.getElementById(\"ulica\").value = temp_element_ulica_text_input;\n\n\t\tif((e.keyCode != '38') && ( e.keyCode != '40'  )){\n\t\t\tif (str.length == 0) {\n\t\t\t\tdocument.getElementById(\"ulica\").innerHTML = \"\";\n\t\t\t\tdocument.getElementById(\"ulica_list\").innerHTML = \"\";\n\t\t\t\treturn;\n\t\t\t} else {\n\t\t\t\tvar xmlhttp = new XMLHttpRequest();\n\t\t\t\txmlhttp.onreadystatechange = function() {\n\t\t\t\t\tif (this.readyState == 4 && this.status == 200) {\n\t\t\t\t\t\tvar siema_nara = \tdocument.getElementById(\"ulica_list\");\n\t\t\t\t\t\tsiema_nara.innerHTML = \"\"+this.responseText+\"\";\n\t\t\t\t\t}\n\t\t\t\t};\n\t\n\t\t\t\tvar miejscowosc_local_variable =  document.getElementById(\"miejscowosc\").value;\n\t\n\t\t\t\txmlhttp.open(\"GET\", \"gethint_ulica.php?ulica=\" + str + \"&miejscowosc=\"+ miejscowosc_local_variable, true);\n\t\t\t\txmlhttp.send();\n\t\n\t\t\t}\n\t\t}\n}\n\n\n<\/script>\n\n\n<div class=\"wyszukiwarka\">\n    <h2>Sprawd\u017a, czy jeste\u015b w zasi\u0119gu sieci \u015bwiat\u0142owodowej FIBER!<\/h2> \n \n    <form method=\"post\" name=\"formularz\" id=\"formularz\" action=\"#home-section-form\"> \n\t<div class=\"row\">\n\t<div class=\"col-sm-12\">       \n\t    <label for=\"miejscowosc\" class=\"labels\" ><strong>Miejscowo\u015b\u0107:<\/strong><\/label> \n\t   \n        <input type=\"text\" list=\"miejscowosc_list\" onkeyup=\"showHint_miejscowosc(event,this.value)\" autocomplete=\"off\" \n\t\tname=\"miejscowosc\" id=\"miejscowosc\" class=\"no_class\"\n\t\tvalue=\"\" placeholder=\"Wpisz miejscowo\u015b\u0107 ...\"> <br>\n\t<\/div>\n\t\n\t<div class=\"col-sm-6\">   \n\t\t<label for=\"ulicaa\" class=\"labels\" ><strong>Ulica:<\/strong><\/label> \n\t\t\n        <input type=\"text\" list=\"ulica_list\" onkeyup=\"showHint_ulica(event,this.value)\" autocomplete=\"off\" \n\t\tname=\"ulica\" id=\"ulica\" class=\"no_class\"\n\t\tvalue=\"\" placeholder=\"Wpisz ulic\u0119 ...\">  <br>\n\t<\/div>\n\t\t\n\t<div class=\"col-sm-6\"> \n\t\t<label for=\"numer_budynku\" class=\"labels\" ><strong>Nr domu:<\/strong><\/label> \n\t\t\n        <input type=\"text\" list=\"numer_budynku_list\" autocomplete=\"off\"\n\t\tname=\"numer_budynku\" id=\"numer_budynku\" class=\"no_class\"\n\t\tvalue=\"\" placeholder=\"Wpisz numer budynku ...\"> \n\t<\/div>\n\t\t\n    <div class=\"col-sm-12\"> \n        <input class=\"btn btn-wyszukiwarka\" type=\"submit\" name=\"wyslijj\" id=\"wyslij_formularz\" value=\"Sprawd\u017a\"> \n\t<\/div>\n    <\/div>\n\t<\/form> \n\t\n\n\t\n\t\n\t\n<datalist id=\"miejscowosc_list\"><\/datalist>\n\n<datalist id=\"ulica_list\"><\/datalist>\n\t\n \n\n<\/div><\/div>\n<\/div>\n\n\t<\/div>\n<\/section>\n<section id=\"\" class=\"fw-main-row   normal-bg\"   >\n<div class=\"chose-overlay\"><\/div>\n\t<div class=\"fw-container-fluid\">\n\t\t\n<div class=\"row\">\n\t<div class=\"col-xs-12 col-sm-12\">\n\t<div class=\"fw-heading fw-heading-h2 fw-heading-center\">\n\t\t<h2 class='fw-special-title'>Sie\u0107 super szybkiego <span>Internetu \u015bwiat\u0142owodowego FIBER<\/span> obejmuje:<\/h2>\t<\/div>\n\t<div class=\"fw-divider-space\" style=\"padding-top: 30px;\"><\/div>\n<\/div>\n<\/div>\n\n\n<div class=\"row\">\n\t<div class=\"col-xs-12 col-sm-2\">\n\t<div class=\"thumbnail\">\n      <div class=\"img-box\">\n          <img decoding=\"async\" src=\"\/\/fiber.pl\/olkusz\/wp-content\/uploads\/2023\/09\/olkusz.svg\" alt=\"Powiat Olkuski\"\/>\n      <\/div>\n      <div class=\"caption\">\n        <h3>Powiat Olkuski<\/h3>\n        <p><\/p>\n      <\/div>\n<\/div><\/div>\n<div class=\"col-xs-12 col-sm-2\">\n\t<div class=\"thumbnail\">\n      <div class=\"img-box\">\n          <img decoding=\"async\" src=\"\/\/fiber.pl\/olkusz\/wp-content\/uploads\/2023\/09\/pilica.svg\" alt=\"Gmina Pilica\"\/>\n      <\/div>\n      <div class=\"caption\">\n        <h3>Gmina Pilica<\/h3>\n        <p><\/p>\n      <\/div>\n<\/div><\/div>\n<div class=\"col-xs-12 col-sm-2\">\n\t<div class=\"thumbnail\">\n      <div class=\"img-box\">\n          <img decoding=\"async\" src=\"\/\/fiber.pl\/olkusz\/wp-content\/uploads\/2023\/09\/zarnowiec.svg\" alt=\"Gmina \u017barnowiec\"\/>\n      <\/div>\n      <div class=\"caption\">\n        <h3>Gmina \u017barnowiec<\/h3>\n        <p><\/p>\n      <\/div>\n<\/div><\/div>\n<div class=\"col-xs-12 col-sm-2\">\n\t<div class=\"thumbnail\">\n      <div class=\"img-box\">\n          <img decoding=\"async\" src=\"\/\/fiber.pl\/olkusz\/wp-content\/uploads\/2023\/09\/trzebinia.svg\" alt=\"Gmina Trzebinia\"\/>\n      <\/div>\n      <div class=\"caption\">\n        <h3>Gmina Trzebinia<\/h3>\n        <p><\/p>\n      <\/div>\n<\/div><\/div>\n<div class=\"col-xs-12 col-sm-2\">\n\t<div class=\"thumbnail\">\n      <div class=\"img-box\">\n          <img decoding=\"async\" src=\"\/\/fiber.pl\/olkusz\/wp-content\/uploads\/2023\/09\/golcza.svg\" alt=\"Gmina Go\u0142cza\"\/>\n      <\/div>\n      <div class=\"caption\">\n        <h3>Gmina Go\u0142cza<\/h3>\n        <p><\/p>\n      <\/div>\n<\/div><\/div>\n<div class=\"col-xs-12 col-sm-2\">\n\t<div class=\"thumbnail\">\n      <div class=\"img-box\">\n          <img decoding=\"async\" src=\"\/\/fiber.pl\/olkusz\/wp-content\/uploads\/2023\/09\/charsznica.svg\" alt=\"Gmina Charsznica\"\/>\n      <\/div>\n      <div class=\"caption\">\n        <h3>Gmina Charsznica<\/h3>\n        <p><\/p>\n      <\/div>\n<\/div><\/div>\n<\/div>\n\n\t<\/div>\n<\/section>\n<section id=\"home-oferta-pakiety\" class=\"fw-main-row   normal-bg\"   >\n<div class=\"chose-overlay\"><\/div>\n\t<div class=\"fw-container-fluid\">\n\t\t\n<div class=\"row\">\n\t<div class=\"col-xs-12 col-sm-12\">\n\t<div class=\"fw-heading fw-heading-h2 fw-heading-center\">\n\t\t<h2 class='fw-special-title'>Sprawd\u017a <span>ju\u017c teraz<\/span> ofert\u0119 FIBER<\/h2>\t\t\t<div class=\"fw-special-subtitle\">i przekonaj si\u0119, jak wiele mo\u017cesz od nas dosta\u0107. Najlepsza jako\u015b\u0107 us\u0142ug \u015bwiat\u0142owodowych, serwis i obs\u0142uga klienta na miejscu. Mo\u017cesz wybra\u0107 Internet \u015bwiat\u0142owodowy, telewizj\u0119 \u015bwiat\u0142owodow\u0105 lub pakiet.<\/div>\n\t<\/div><\/div>\n<\/div>\n\n\n<div class=\"row\">\n\t<div class=\"col-xs-12 col-sm-4\">\n\t\n\n\n\n    <div class=\"hover-box hover-box-pakiety\" style=\"background-color:#4e2674;\">\n        <div class=\"hover-box-caption-pakiety\" >\n           <div class=\"hover-box-caption-text\">\n               <h3>Internet \u015bwiat\u0142owodowy<\/h3>\n               <ul><li>Bez limitu danych<\/li><li>Bez problem\u00f3w<\/li><\/ul>               <h5>Abonament ju\u017c od:<\/h5>\n               <h4>65 z\u0142!<\/h4>\n           <\/div>\n            <a data-toggle=\"modal\" data-target=\".bs-example-modal-sm\" href=\"internet\" class=\"btn btn-primary btn-pakiety\">Sprawd\u017a wi\u0119cej<\/a>\n        <\/div> \n    <\/div>\n\n\n<\/div>\n<div class=\"col-xs-12 col-sm-4\">\n\t\n\n\n\n    <div class=\"hover-box hover-box-pakiety\" style=\"background-color:#874492;\">\n        <div class=\"hover-box-caption-pakiety\" >\n           <div class=\"hover-box-caption-text\">\n               <h3>Telewizja \u015bwiat\u0142owodowa<\/h3>\n               <ul><li>Multiroom<\/li><li>Bez zb\u0119dnych kana\u0142\u00f3w<\/li><\/ul>               <h5>Abonament ju\u017c od:<\/h5>\n               <h4>55 z\u0142!<\/h4>\n           <\/div>\n            <a data-toggle=\"modal\" data-target=\".bs-example-modal-sm\" href=\"telewizja\" class=\"btn btn-primary btn-pakiety\">Sprawd\u017a wi\u0119cej<\/a>\n        <\/div> \n    <\/div>\n\n\n<\/div>\n<div class=\"col-xs-12 col-sm-4\">\n\t\n\n\n\n    <div class=\"hover-box hover-box-pakiety\" style=\"background-color:#a14b8e;\">\n        <div class=\"hover-box-caption-pakiety\" >\n           <div class=\"hover-box-caption-text\">\n               <h3>Najlepsze pakiety<\/h3>\n               <ul><li>Internet + TV<\/li><li>Pakiet Canal+<\/li><\/ul>               <h5>Abonament ju\u017c od:<\/h5>\n               <h4>95 z\u0142!<\/h4>\n           <\/div>\n            <a data-toggle=\"modal\" data-target=\".bs-example-modal-sm\" href=\"pakiety\" class=\"btn btn-primary btn-pakiety\">Sprawd\u017a wi\u0119cej<\/a>\n        <\/div> \n    <\/div>\n\n\n<\/div>\n<\/div>\n\n\t<\/div>\n<\/section>\n<section id=\"home-icon-section\" class=\"fw-main-row   normal-bg\" style=\"background-color:#874492;\"  >\n<div class=\"chose-overlay\"><\/div>\n\t<div class=\"fw-container\">\n\t\t\n<div class=\"row\">\n\t<div class=\"col-xs-12 col-sm-12\">\n\t<div class=\"fw-heading fw-heading-h2 fw-heading-center\">\n\t\t<h2 class='fw-special-title'><span>5 powod\u00f3w<\/span>, dla kt\u00f3rych warto<\/h2>\t\t\t<div class=\"fw-special-subtitle\">przej\u015b\u0107 na jasn\u0105 stron\u0119 mocy FIBER<\/div>\n\t<\/div><\/div>\n<\/div>\n\n\n<div class=\"row\">\n\t<div class=\"fw-col-xs-12 fw-col-sm-15\">\n\t<a href=\"\">\n<div class=\"flat-thumbnail\">\n      <div class=\"flat-icon-box\">\n          <div class=\"glyph-icon flaticon-technology-1\"><\/div>\n      <\/div>\n      <div class=\"caption\">\n        <h3>Najnowocze\u015bniejsza<\/h3>\n        <p>technologia na rynku<\/p>\n              <\/div>\n<\/div><\/a><\/div>\n<div class=\"fw-col-xs-12 fw-col-sm-15\">\n\t<a href=\"\">\n<div class=\"flat-thumbnail\">\n      <div class=\"flat-icon-box\">\n          <div class=\"glyph-icon flaticon-customer-service\"><\/div>\n      <\/div>\n      <div class=\"caption\">\n        <h3>Obs\u0142uga Klienta<\/h3>\n        <p>i wsparcie techniczne na miejscu<\/p>\n              <\/div>\n<\/div><\/a><\/div>\n<div class=\"fw-col-xs-12 fw-col-sm-15\">\n\t<a href=\"\">\n<div class=\"flat-thumbnail\">\n      <div class=\"flat-icon-box\">\n          <div class=\"glyph-icon flaticon-contract\"><\/div>\n      <\/div>\n      <div class=\"caption\">\n        <h3>Jasne zasady<\/h3>\n        <p>proste umowy, szybki kontakt<\/p>\n              <\/div>\n<\/div><\/a><\/div>\n<div class=\"fw-col-xs-12 fw-col-sm-15\">\n\t<a href=\"\">\n<div class=\"flat-thumbnail\">\n      <div class=\"flat-icon-box\">\n          <div class=\"glyph-icon flaticon-quality\"><\/div>\n      <\/div>\n      <div class=\"caption\">\n        <h3>Najwy\u017csza jako\u015b\u0107<\/h3>\n        <p>us\u0142ug bez wzgl\u0119du na pogod\u0119<\/p>\n              <\/div>\n<\/div><\/a><\/div>\n<div class=\"fw-col-xs-12 fw-col-sm-15\">\n\t<a href=\"\">\n<div class=\"flat-thumbnail\">\n      <div class=\"flat-icon-box\">\n          <div class=\"glyph-icon flaticon-technology-2\"><\/div>\n      <\/div>\n      <div class=\"caption\">\n        <h3>Szybka instalacja<\/h3>\n        <p>i aktywacja us\u0142ug od r\u0119ki<\/p>\n              <\/div>\n<\/div><\/a><\/div>\n<\/div>\n\n\t<\/div>\n<\/section>\n<section id=\"news-section\" class=\"fw-main-row   right-bg\"   >\n<div class=\"chose-overlay\"><\/div>\n\t<div class=\"fw-container-fluid\">\n\t\t\n<div class=\"row\">\n\t<div class=\"col-xs-12 col-sm-12\">\n\t<div class=\"fw-heading fw-heading-h2 fw-heading-center\">\n\t\t<h2 class='fw-special-title'>B\u0105d\u017a <span>na<\/span> bie\u017c\u0105co<\/h2>\t\t\t<div class=\"fw-special-subtitle\">\u015aled\u017a nasze promocje i nowo\u015bci! Jeste\u015bmy bran\u017c\u0105 przysz\u0142o\u015bci i \u015bmia\u0142o idziemy do przodu. Poczytaj, co ciekawego zrobili\u015bmy dla naszych Klient\u00f3w i mieszka\u0144c\u00f3w naszego regionu!<\/div>\n\t<\/div>\n\n\n  <div class=\"single-post-box col-xs-12 col-sm-6 col-md-4\"> \n    \n<article id=\"post-3825\" class=\"post-3825 post type-post status-publish format-standard has-post-thumbnail hentry category-aktualnosci\">\n\n    <div class=\"post-box\" style=\"background-image: url(https:\/\/fiber.pl\/olkusz\/wp-content\/uploads\/2026\/04\/659108584_1340064111480461_4330755322022660209_n-600x600.jpg);\">\n        <div class=\"nakladka\"><\/div>\n        <div class=\"post-box-caption\">\n            <header class=\"entry-header\">\n                <h1 class=\"entry-title\"><a href=\"https:\/\/fiber.pl\/olkusz\/rowerowa-przygoda-z-fiber-w-lobzowie\/\" rel=\"bookmark\">\u201eRowerowa Przygoda\u201d z FIBER w \u0141obzowie<\/a><\/h1>            <\/header><!-- .entry-header -->\n            <div class=\"post-box-caption-text\">\n                <p>Mieli\u015bmy ogromn\u0105 przyjemno\u015b\u0107 kibicowa\u0107 uczestnikom fina\u0142u III Gminnego Konkursu \u201eRowerowa Przygoda\u201d, kt\u00f3ry odby\u0142 si\u0119 w \u0141obzowie! [&#8230;] <\/p>\n<div class=\"read-mode-box\"><a class=\"btn btn-default read-more\" href=\"https:\/\/fiber.pl\/olkusz\/rowerowa-przygoda-z-fiber-w-lobzowie\/\">Czytaj wi\u0119cej<\/a><\/div>\n                            <\/div>\n        <\/div>\n    <\/div>\n<\/article><\/div>\n  <div class=\"single-post-box col-xs-12 col-sm-6 col-md-4\"> \n    \n<article id=\"post-3650\" class=\"post-3650 post type-post status-publish format-standard has-post-thumbnail hentry category-aktualnosci\">\n\n    <div class=\"post-box\" style=\"background-image: url(https:\/\/fiber.pl\/olkusz\/wp-content\/uploads\/2026\/01\/16x9-600x600.jpg);\">\n        <div class=\"nakladka\"><\/div>\n        <div class=\"post-box-caption\">\n            <header class=\"entry-header\">\n                <h1 class=\"entry-title\"><a href=\"https:\/\/fiber.pl\/olkusz\/eurosport-3-w-ofercie-tv-fiber\/\" rel=\"bookmark\">Eurosport 3 w ofercie TV FIBER<\/a><\/h1>            <\/header><!-- .entry-header -->\n            <div class=\"post-box-caption-text\">\n                <p>Najlepsza koszykarska liga \u015bwiata w Twoim domu! NBA wje\u017cd\u017ca do oferty FIBER! Zarywasz noce dla mecz\u00f3w? [&#8230;] <\/p>\n<div class=\"read-mode-box\"><a class=\"btn btn-default read-more\" href=\"https:\/\/fiber.pl\/olkusz\/eurosport-3-w-ofercie-tv-fiber\/\">Czytaj wi\u0119cej<\/a><\/div>\n                            <\/div>\n        <\/div>\n    <\/div>\n<\/article><\/div>\n  <div class=\"single-post-box col-xs-12 col-sm-6 col-md-4\"> \n    \n<article id=\"post-3368\" class=\"post-3368 post type-post status-publish format-standard has-post-thumbnail hentry category-aktualnosci\">\n\n    <div class=\"post-box\" style=\"background-image: url(https:\/\/fiber.pl\/olkusz\/wp-content\/uploads\/2025\/08\/Rodzinny-Rajd-A3-2025-3-FINALNA_small-600x600.jpg);\">\n        <div class=\"nakladka\"><\/div>\n        <div class=\"post-box-caption\">\n            <header class=\"entry-header\">\n                <h1 class=\"entry-title\"><a href=\"https:\/\/fiber.pl\/olkusz\/na-rowery-z-fiberem\/\" rel=\"bookmark\">Na rowery z FIBERem<\/a><\/h1>            <\/header><!-- .entry-header -->\n            <div class=\"post-box-caption-text\">\n                <p>Do pi\u0105tku 29 sierpnia mo\u017cecie jeszcze zapisywa\u0107 si\u0119 na Rodzinny Rajd po Olkuskich Szlakach Rowerowych oraz [&#8230;] <\/p>\n<div class=\"read-mode-box\"><a class=\"btn btn-default read-more\" href=\"https:\/\/fiber.pl\/olkusz\/na-rowery-z-fiberem\/\">Czytaj wi\u0119cej<\/a><\/div>\n                            <\/div>\n        <\/div>\n    <\/div>\n<\/article><\/div>\n    \n                \n\n\t<div class=\"fw-divider-space\" style=\"padding-top: 30px;\"><\/div>\n<a href=\"blog\" target=\"_self\" class=\"fw-btn fw-btn-1 \">\n\t<span>Wi\u0119cej aktualno\u015bci<\/span>\n<\/a><\/div>\n<\/div>\n\n\t<\/div>\n<\/section>\n<\/p>\n","protected":false},"excerpt":{"rendered":"<p>Do pi\u0105tku 29 sierpnia mo\u017cecie jeszcze zapisywa\u0107 si\u0119 na Rodzinny Rajd po Olkuskich Szlakach Rowerowych oraz [&#8230;] <\/p>\n<div class=\"read-mode-box\"><a class=\"btn btn-default read-more\" href=\"https:\/\/fiber.pl\/olkusz\/na-rowery-z-fiberem\/\">Czytaj wi\u0119cej<\/a><\/div>\n","protected":false},"author":1,"featured_media":0,"parent":0,"menu_order":0,"comment_status":"closed","ping_status":"closed","template":"","meta":{"om_disable_all_campaigns":false,"_monsterinsights_skip_tracking":false,"_monsterinsights_sitenote_active":false,"_monsterinsights_sitenote_note":"","_monsterinsights_sitenote_category":0,"footnotes":""},"class_list":["post-9","page","type-page","status-publish","hentry"],"_links":{"self":[{"href":"https:\/\/fiber.pl\/olkusz\/wp-json\/wp\/v2\/pages\/9","targetHints":{"allow":["GET"]}}],"collection":[{"href":"https:\/\/fiber.pl\/olkusz\/wp-json\/wp\/v2\/pages"}],"about":[{"href":"https:\/\/fiber.pl\/olkusz\/wp-json\/wp\/v2\/types\/page"}],"author":[{"embeddable":true,"href":"https:\/\/fiber.pl\/olkusz\/wp-json\/wp\/v2\/users\/1"}],"replies":[{"embeddable":true,"href":"https:\/\/fiber.pl\/olkusz\/wp-json\/wp\/v2\/comments?post=9"}],"version-history":[{"count":224,"href":"https:\/\/fiber.pl\/olkusz\/wp-json\/wp\/v2\/pages\/9\/revisions"}],"predecessor-version":[{"id":3379,"href":"https:\/\/fiber.pl\/olkusz\/wp-json\/wp\/v2\/pages\/9\/revisions\/3379"}],"wp:attachment":[{"href":"https:\/\/fiber.pl\/olkusz\/wp-json\/wp\/v2\/media?parent=9"}],"curies":[{"name":"wp","href":"https:\/\/api.w.org\/{rel}","templated":true}]}}